{"id":3078,"date":"2025-03-20T16:35:35","date_gmt":"2025-03-20T16:35:35","guid":{"rendered":"https:\/\/lidoblu.promoservicebeta.com\/hotel\/"},"modified":"2026-02-17T14:23:24","modified_gmt":"2026-02-17T14:23:24","slug":"hotel","status":"publish","type":"page","link":"https:\/\/hotellidoblu.it\/de\/hotel\/","title":{"rendered":"Hotel"},"content":{"rendered":"\t\t<div data-elementor-type=\"wp-page\" data-elementor-id=\"3078\" class=\"elementor elementor-3078 elementor-1110\" data-elementor-post-type=\"page\">\n\t\t\t\t<div class=\"elementor-element elementor-element-6d14326 e-flex e-con-boxed e-con e-parent\" data-id=\"6d14326\" data-element_type=\"container\" data-e-type=\"container\">\n\t\t\t\t\t<div class=\"e-con-inner\">\n\t\t\t\t<div class=\"elementor-element elementor-element-9a7b1c9 elementor-widget elementor-widget-heading\" data-id=\"9a7b1c9\" data-element_type=\"widget\" data-e-type=\"widget\" data-widget_type=\"heading.default\">\n\t\t\t\t<div class=\"elementor-widget-container\">\n\t\t\t\t\t<h1 class=\"elementor-heading-title elementor-size-default\">Hotel Lido Blu - Surf &amp; Bike<\/h1>\t\t\t\t<\/div>\n\t\t\t\t<\/div>\n\t\t\t\t\t<\/div>\n\t\t\t\t<\/div>\n\t\t<div class=\"elementor-element elementor-element-0bb20ee e-flex e-con-boxed e-con e-parent\" data-id=\"0bb20ee\" data-element_type=\"container\" data-e-type=\"container\">\n\t\t\t\t\t<div class=\"e-con-inner\">\n\t\t<div class=\"elementor-element elementor-element-cac31a4 e-con-full e-flex e-con e-child\" data-id=\"cac31a4\" data-element_type=\"container\" data-e-type=\"container\">\n\t\t\t\t<div class=\"elementor-element elementor-element-1a1693b elementor-widget elementor-widget-image\" data-id=\"1a1693b\" data-element_type=\"widget\" data-e-type=\"widget\" data-widget_type=\"image.default\">\n\t\t\t\t<div class=\"elementor-widget-container\">\n\t\t\t\t\t\t\t\t\t\t\t\t\t\t\t<img fetchpriority=\"high\" decoding=\"async\" width=\"1620\" height=\"1080\" src=\"https:\/\/hotellidoblu.it\/wp-content\/uploads\/2025\/03\/Una-stanza-con-una-scrivania-e-delle-sedie.webp\" class=\"attachment-full size-full wp-image-1828\" alt=\"\" srcset=\"https:\/\/hotellidoblu.it\/wp-content\/uploads\/2025\/03\/Una-stanza-con-una-scrivania-e-delle-sedie.webp 1620w, https:\/\/hotellidoblu.it\/wp-content\/uploads\/2025\/03\/Una-stanza-con-una-scrivania-e-delle-sedie-300x200.webp 300w, https:\/\/hotellidoblu.it\/wp-content\/uploads\/2025\/03\/Una-stanza-con-una-scrivania-e-delle-sedie-1024x683.webp 1024w, https:\/\/hotellidoblu.it\/wp-content\/uploads\/2025\/03\/Una-stanza-con-una-scrivania-e-delle-sedie-768x512.webp 768w, https:\/\/hotellidoblu.it\/wp-content\/uploads\/2025\/03\/Una-stanza-con-una-scrivania-e-delle-sedie-1536x1024.webp 1536w\" sizes=\"(max-width: 1620px) 100vw, 1620px\" \/>\t\t\t\t\t\t\t\t\t\t\t\t\t\t\t<\/div>\n\t\t\t\t<\/div>\n\t\t\t\t<\/div>\n\t\t<div class=\"elementor-element elementor-element-487c113 e-con-full e-flex e-con e-child\" data-id=\"487c113\" data-element_type=\"container\" data-e-type=\"container\">\n\t\t\t\t<div class=\"elementor-element elementor-element-177d168 elementor-widget elementor-widget-text-editor\" data-id=\"177d168\" data-element_type=\"widget\" data-e-type=\"widget\" data-widget_type=\"text-editor.default\">\n\t\t\t\t<div class=\"elementor-widget-container\">\n\t\t\t\t\t\t\t\t\t<p>Liebe Freunde des Hotels Lido Blu 4 Sterne in Torbole am Gardasee Wir freuen uns darauf, Sie in traumhaft ruhiger Lage direkt am See zu empfangen. Bis ins Ortszentrum von Torbole sind es nur wenige Schritte zu Fu\u00df. Wir legen gro\u00dfen Wert darauf, Ihnen Entspannung, gute K\u00fcche sowie eine famili\u00e4re Atmosph\u00e4re zu bieten \u2013 die ideale Mischung f\u00fcr Windsurf- und Mountainbike-Fans. Einen erholsamen Gardasee-Urlaub w\u00fcnscht Ihnen.<\/p><p>Das Seehotel Lido Blu 4 Sterne, mit 40 Zimmern, empf\u00e4ngt seine G\u00e4ste in famili\u00e4rer und entspannender Atmosph\u00e4re.<\/p>\t\t\t\t\t\t\t\t<\/div>\n\t\t\t\t<\/div>\n\t\t\t\t<div class=\"elementor-element elementor-element-295088e elementor-widescreen-align-left elementor-align-left elementor-widget elementor-widget-button\" data-id=\"295088e\" data-element_type=\"widget\" data-e-type=\"widget\" data-widget_type=\"button.default\">\n\t\t\t\t<div class=\"elementor-widget-container\">\n\t\t\t\t\t\t\t\t\t<div class=\"elementor-button-wrapper\">\n\t\t\t\t\t<a class=\"elementor-button elementor-button-link elementor-size-sm\" href=\"https:\/\/hotellidoblu.it\/de\/camere\/\">\n\t\t\t\t\t\t<span class=\"elementor-button-content-wrapper\">\n\t\t\t\t\t\t\t\t\t<span class=\"elementor-button-text\">ZIMMER ANZEIGEN<\/span>\n\t\t\t\t\t<\/span>\n\t\t\t\t\t<\/a>\n\t\t\t\t<\/div>\n\t\t\t\t\t\t\t\t<\/div>\n\t\t\t\t<\/div>\n\t\t\t\t<div class=\"elementor-element elementor-element-b2c9d31 elementor-hidden-mobile elementor-widget elementor-widget-image\" data-id=\"b2c9d31\" data-element_type=\"widget\" data-e-type=\"widget\" data-widget_type=\"image.default\">\n\t\t\t\t<div class=\"elementor-widget-container\">\n\t\t\t\t\t\t\t\t\t\t\t\t\t\t\t<img decoding=\"async\" width=\"1600\" height=\"1067\" src=\"https:\/\/hotellidoblu.it\/wp-content\/uploads\/2025\/03\/Persone-sedute-sulla-spiaggia.webp\" class=\"attachment-full size-full wp-image-1768\" alt=\"\" srcset=\"https:\/\/hotellidoblu.it\/wp-content\/uploads\/2025\/03\/Persone-sedute-sulla-spiaggia.webp 1600w, https:\/\/hotellidoblu.it\/wp-content\/uploads\/2025\/03\/Persone-sedute-sulla-spiaggia-300x200.webp 300w, https:\/\/hotellidoblu.it\/wp-content\/uploads\/2025\/03\/Persone-sedute-sulla-spiaggia-1024x683.webp 1024w, https:\/\/hotellidoblu.it\/wp-content\/uploads\/2025\/03\/Persone-sedute-sulla-spiaggia-768x512.webp 768w, https:\/\/hotellidoblu.it\/wp-content\/uploads\/2025\/03\/Persone-sedute-sulla-spiaggia-1536x1024.webp 1536w\" sizes=\"(max-width: 1600px) 100vw, 1600px\" \/>\t\t\t\t\t\t\t\t\t\t\t\t\t\t\t<\/div>\n\t\t\t\t<\/div>\n\t\t\t\t<\/div>\n\t\t\t\t\t<\/div>\n\t\t\t\t<\/div>\n\t\t<div class=\"elementor-element elementor-element-083a0ae e-con-full e-flex e-con e-parent\" data-id=\"083a0ae\" data-element_type=\"container\" data-e-type=\"container\">\n\t\t\t\t<div class=\"elementor-element elementor-element-79f85a1 elementor-widget__width-inherit elementor-widget elementor-widget-shortcode\" data-id=\"79f85a1\" data-element_type=\"widget\" data-e-type=\"widget\" data-widget_type=\"shortcode.default\">\n\t\t\t\t<div class=\"elementor-widget-container\">\n\t\t\t\t\t\t\t<div class=\"elementor-shortcode\">\n<div class=\"conver-widget-v2\"\n     data-instance=\"conver-v2-1\">\n\n  <div class=\"chat-container\" id=\"chat-section\">\n\n    <div class=\"chat-header\">\n      <div class=\"chat-header-logo\">\n        <img decoding=\"async\"\n          src=\"https:\/\/hotellidoblu.it\/wp-content\/themes\/jampaa\/template-parts\/ricerca-conversazionale-v2\/assets\/img\/logo-ricerca-conv.png\"\n          alt=\"\"\n        >\n        <span>Hallo<\/span>\n      <\/div>\n\n      <h2>Womit fangen wir an?<\/h2>\n    <\/div>\n\n    <!-- Chat -->\n    <div class=\"chat-box\"><\/div>\n\n    <!-- Loading -->\n    <div class=\"loading-conver hidden\" aria-hidden=\"true\">\n      <div class=\"dot\"><\/div><div class=\"dot\"><\/div><div class=\"dot\"><\/div>\n    <\/div>\n\n    <!-- Input -->\n    <div class=\"input-area-conver-wrapper\">\n      <div class=\"input-area-conver\">\n        <textarea\n          class=\"user-input-conver\"\n          placeholder=\"Stelle eine Frage...\"\n          rows=\"1\"\n        ><\/textarea>\n\n        <div class=\"box-btn-conver\">\n          <a class=\"send-btn-conver\" href=\"#\" role=\"button\" aria-label=\"AI Search\">\n            <i class=\"fa-light fa-magnifying-glass icon-search\" aria-hidden=\"true\"><\/i>\n            <i class=\"fa-regular fa-arrow-up icon-send hidden\" aria-hidden=\"true\"><\/i>\n            <span class=\"ai-search-text\">AI Search<\/span>\n          <\/a>\n\n          <i class=\"fa-light fa-close icon-erase hidden\" aria-hidden=\"true\"><\/i>\n        <\/div>\n      <\/div>\n    <\/div>\n    <span class=\"show-quick-questions hidden\">Zeige schnelle Fragen<\/span>\n\n    <!-- Domande rapide -->\n    <div class=\"entry-chats-wrapper\">\n      <button type=\"button\" class=\"entry-chat\" data-prompt=\"Ein Zimmer f\u00fcr zwei Personen buchen\">\n        Ein Zimmer f\u00fcr zwei Personen buchen      <\/button>\n\n      <button type=\"button\" class=\"entry-chat\" data-prompt=\"Sonderangebote entdecken\">\n        Sonderangebote entdecken      <\/button>\n\n      <button type=\"button\" class=\"entry-chat\" data-prompt=\"Zimmer entdecken\">\n        Zimmer entdecken      <\/button>\n\n      <button type=\"button\" class=\"entry-chat\" data-prompt=\"Wellnessbereich \u201eBlu Spa\u201c entdecken\">\n        Wellnessbereich \u201eBlu Spa\u201c entdecken      <\/button>\n    <\/div>\n\n  <\/div>\n<\/div><\/div>\n\t\t\t\t\t\t<\/div>\n\t\t\t\t<\/div>\n\t\t\t\t<\/div>\n\t\t<div class=\"elementor-element elementor-element-af75d23 e-flex e-con-boxed e-con e-parent\" data-id=\"af75d23\" data-element_type=\"container\" data-e-type=\"container\">\n\t\t\t\t\t<div class=\"e-con-inner\">\n\t\t<div class=\"elementor-element elementor-element-f1db4ca e-con-full e-flex e-con e-child\" data-id=\"f1db4ca\" data-element_type=\"container\" data-e-type=\"container\">\n\t\t\t\t<div class=\"elementor-element elementor-element-c1ed5f3 elementor-widget elementor-widget-image\" data-id=\"c1ed5f3\" data-element_type=\"widget\" data-e-type=\"widget\" data-widget_type=\"image.default\">\n\t\t\t\t<div class=\"elementor-widget-container\">\n\t\t\t\t\t\t\t\t\t\t\t\t\t\t\t<img decoding=\"async\" width=\"1620\" height=\"1080\" src=\"https:\/\/hotellidoblu.it\/wp-content\/uploads\/2025\/03\/Due-uomini-su-una-barca-a-vela-con-una-vela.webp\" class=\"attachment-full size-full wp-image-1765\" alt=\"\" srcset=\"https:\/\/hotellidoblu.it\/wp-content\/uploads\/2025\/03\/Due-uomini-su-una-barca-a-vela-con-una-vela.webp 1620w, https:\/\/hotellidoblu.it\/wp-content\/uploads\/2025\/03\/Due-uomini-su-una-barca-a-vela-con-una-vela-300x200.webp 300w, https:\/\/hotellidoblu.it\/wp-content\/uploads\/2025\/03\/Due-uomini-su-una-barca-a-vela-con-una-vela-1024x683.webp 1024w, https:\/\/hotellidoblu.it\/wp-content\/uploads\/2025\/03\/Due-uomini-su-una-barca-a-vela-con-una-vela-768x512.webp 768w, https:\/\/hotellidoblu.it\/wp-content\/uploads\/2025\/03\/Due-uomini-su-una-barca-a-vela-con-una-vela-1536x1024.webp 1536w\" sizes=\"(max-width: 1620px) 100vw, 1620px\" \/>\t\t\t\t\t\t\t\t\t\t\t\t\t\t\t<\/div>\n\t\t\t\t<\/div>\n\t\t\t\t<\/div>\n\t\t<div class=\"elementor-element elementor-element-892f937 e-con-full e-flex e-con e-child\" data-id=\"892f937\" data-element_type=\"container\" data-e-type=\"container\">\n\t\t\t\t<div class=\"elementor-element elementor-element-8ab56f8 elementor-widget elementor-widget-text-editor\" data-id=\"8ab56f8\" data-element_type=\"widget\" data-e-type=\"widget\" data-widget_type=\"text-editor.default\">\n\t\t\t\t<div class=\"elementor-widget-container\">\n\t\t\t\t\t\t\t\t\t<p>Direkt am Strand befindet sich die Sonnenterrasse des Hotels. Bequeme Sonnenliegen sorgen daf\u00fcr, dass die G\u00e4ste sich ausgiebig entspannen k\u00f6nnen. Im Hotel befinden sich zudem ein Hallenbad, Sauna und ein hauseigener bewachter Parkplatz.<br>Am privaten Strand befindet sich das<a class=\"light-blue\" href=\"https:\/\/hotellidoblu.it\/de\/surf\/\"> Surfcenter Lido Blu<\/a>. Surfequipment kann hier ausgeliehen werden und f\u00fcr mitgebrachte Segel und Bretter steht ein hierf\u00fcr vorgesehener Abstellraum bereit. Bikedepot wird als Service angeboten. Neue Wellness Center<\/p>\t\t\t\t\t\t\t\t<\/div>\n\t\t\t\t<\/div>\n\t\t\t\t<div class=\"elementor-element elementor-element-f75909e elementor-hidden-mobile elementor-widget elementor-widget-image\" data-id=\"f75909e\" data-element_type=\"widget\" data-e-type=\"widget\" data-widget_type=\"image.default\">\n\t\t\t\t<div class=\"elementor-widget-container\">\n\t\t\t\t\t\t\t\t\t\t\t\t\t\t\t<img loading=\"lazy\" decoding=\"async\" width=\"1620\" height=\"1080\" src=\"https:\/\/hotellidoblu.it\/wp-content\/uploads\/2025\/03\/Tavola-di-cibo-e-bevande-vicino-allacqua-1.webp\" class=\"attachment-full size-full wp-image-2406\" alt=\"\" srcset=\"https:\/\/hotellidoblu.it\/wp-content\/uploads\/2025\/03\/Tavola-di-cibo-e-bevande-vicino-allacqua-1.webp 1620w, https:\/\/hotellidoblu.it\/wp-content\/uploads\/2025\/03\/Tavola-di-cibo-e-bevande-vicino-allacqua-1-300x200.webp 300w, https:\/\/hotellidoblu.it\/wp-content\/uploads\/2025\/03\/Tavola-di-cibo-e-bevande-vicino-allacqua-1-1024x683.webp 1024w, https:\/\/hotellidoblu.it\/wp-content\/uploads\/2025\/03\/Tavola-di-cibo-e-bevande-vicino-allacqua-1-768x512.webp 768w, https:\/\/hotellidoblu.it\/wp-content\/uploads\/2025\/03\/Tavola-di-cibo-e-bevande-vicino-allacqua-1-1536x1024.webp 1536w\" sizes=\"(max-width: 1620px) 100vw, 1620px\" \/>\t\t\t\t\t\t\t\t\t\t\t\t\t\t\t<\/div>\n\t\t\t\t<\/div>\n\t\t\t\t<\/div>\n\t\t\t\t\t<\/div>\n\t\t\t\t<\/div>\n\t\t<div class=\"elementor-element elementor-element-85a8c58 e-flex e-con-boxed e-con e-parent\" data-id=\"85a8c58\" data-element_type=\"container\" data-e-type=\"container\">\n\t\t\t\t\t<div class=\"e-con-inner\">\n\t\t\t\t<div class=\"elementor-element elementor-element-5e40368 elementor-widget elementor-widget-heading\" data-id=\"5e40368\" data-element_type=\"widget\" data-e-type=\"widget\" data-widget_type=\"heading.default\">\n\t\t\t\t<div class=\"elementor-widget-container\">\n\t\t\t\t\t<h2 class=\"elementor-heading-title elementor-size-default\">K\u00f6nnte f\u00fcr dich interessant sein<\/h2>\t\t\t\t<\/div>\n\t\t\t\t<\/div>\n\t\t\t\t<div class=\"elementor-element elementor-element-e5737e7 elementor-widget elementor-widget-shortcode\" data-id=\"e5737e7\" data-element_type=\"widget\" data-e-type=\"widget\" data-widget_type=\"shortcode.default\">\n\t\t\t\t<div class=\"elementor-widget-container\">\n\t\t\t\t\t\t\t<div class=\"elementor-shortcode\">    <div class=\"pagine-correlate\">\n                    <div class=\"pagina-correlata\">\n                <a href=\"https:\/\/hotellidoblu.it\/de\/surf\/\">\n                    <div class=\"img-related-page\">\n                                                                            <img decoding=\"async\" src=\"https:\/\/hotellidoblu.it\/wp-content\/uploads\/2025\/03\/Gruppo-di-persone-naviga-sul-mare.webp\" alt=\"Surf\">\n                                            <\/div>\n                    <div class=\"text-related-page\">\n                        <h3>Surf<\/h3>\n                        <span class=\"read-more\">Jetzt herausfinden<\/span>\n                    <\/div>\n                <\/a>\n            <\/div>\n                    <div class=\"pagina-correlata\">\n                <a href=\"https:\/\/hotellidoblu.it\/de\/wellness\/\">\n                    <div class=\"img-related-page\">\n                                                                            <img decoding=\"async\" src=\"https:\/\/hotellidoblu.it\/wp-content\/uploads\/2025\/03\/Coppia-seduta-in-piscina-di-fronte-alla-montagna.webp\" alt=\"Wellness &amp; Relax\">\n                                            <\/div>\n                    <div class=\"text-related-page\">\n                        <h3>Wellness &amp; Relax<\/h3>\n                        <span class=\"read-more\">Jetzt herausfinden<\/span>\n                    <\/div>\n                <\/a>\n            <\/div>\n                    <div class=\"pagina-correlata\">\n                <a href=\"https:\/\/hotellidoblu.it\/de\/strand\/\">\n                    <div class=\"img-related-page\">\n                                                                            <img decoding=\"async\" src=\"https:\/\/hotellidoblu.it\/wp-content\/uploads\/2025\/03\/Spiaggia-rocciosa-con-montagne-sullo-sfondo-1.webp\" alt=\"Strand\">\n                                            <\/div>\n                    <div class=\"text-related-page\">\n                        <h3>Strand<\/h3>\n                        <span class=\"read-more\">Jetzt herausfinden<\/span>\n                    <\/div>\n                <\/a>\n            <\/div>\n            <\/div>\n<\/div>\n\t\t\t\t\t\t<\/div>\n\t\t\t\t<\/div>\n\t\t\t\t\t<\/div>\n\t\t\t\t<\/div>\n\t\t\t\t<\/div>\n\t\t","protected":false},"excerpt":{"rendered":"<p>Hotel Lido Blu &#8211; Surf &amp; Bike Liebe Freunde des Hotels Lido Blu 4 Sterne in Torbole am Gardasee Wir freuen uns darauf, Sie in traumhaft ruhiger Lage direkt am See zu empfangen. Bis ins Ortszentrum von Torbole sind es nur wenige Schritte zu Fu\u00df. Wir legen gro\u00dfen Wert darauf, Ihnen Entspannung, gute K\u00fcche sowie [&hellip;]<\/p>\n","protected":false},"author":2,"featured_media":2430,"parent":0,"menu_order":0,"comment_status":"closed","ping_status":"closed","template":"","meta":{"_acf_changed":false,"footnotes":""},"class_list":["post-3078","page","type-page","status-publish","has-post-thumbnail","hentry"],"acf":[],"yoast_head":"<!-- This site is optimized with the Yoast SEO plugin v27.2 - https:\/\/yoast.com\/product\/yoast-seo-wordpress\/ -->\n<title>Komfort, Entspannung und Sport am Gardasee | Hotel Lido Blu<\/title>\n<meta name=\"description\" content=\"Erlebe einen unvergesslichen Urlaub: 4-Sterne-Komfort, Gourmetk\u00fcche und sportliche Aktivit\u00e4ten am Gardasee. Buche deinen Urlaub noch heute!\" \/>\n<meta name=\"robots\" content=\"index, follow, max-snippet:-1, max-image-preview:large, max-video-preview:-1\" \/>\n<link rel=\"canonical\" href=\"https:\/\/hotellidoblu.it\/de\/hotel\/\" \/>\n<meta property=\"og:locale\" content=\"de_DE\" \/>\n<meta property=\"og:type\" content=\"article\" \/>\n<meta property=\"og:title\" content=\"Komfort, Entspannung und Sport am Gardasee | Hotel Lido Blu\" \/>\n<meta property=\"og:description\" content=\"Erlebe einen unvergesslichen Urlaub: 4-Sterne-Komfort, Gourmetk\u00fcche und sportliche Aktivit\u00e4ten am Gardasee. Buche deinen Urlaub noch heute!\" \/>\n<meta property=\"og:url\" content=\"https:\/\/hotellidoblu.it\/de\/hotel\/\" \/>\n<meta property=\"og:site_name\" content=\"Hotel Lido Blu\" \/>\n<meta property=\"article:modified_time\" content=\"2026-02-17T14:23:24+00:00\" \/>\n<meta property=\"og:image\" content=\"https:\/\/hotellidoblu.it\/wp-content\/uploads\/2025\/03\/Vista-sul-lago-con-edifici-e-alberi.webp\" \/>\n\t<meta property=\"og:image:width\" content=\"1626\" \/>\n\t<meta property=\"og:image:height\" content=\"1080\" \/>\n\t<meta property=\"og:image:type\" content=\"image\/webp\" \/>\n<meta name=\"twitter:card\" content=\"summary_large_image\" \/>\n<meta name=\"twitter:label1\" content=\"Gesch\u00e4tzte Lesezeit\" \/>\n\t<meta name=\"twitter:data1\" content=\"2\u00a0Minuten\" \/>\n<script type=\"application\/ld+json\" class=\"yoast-schema-graph\">{\"@context\":\"https:\/\/schema.org\",\"@graph\":[{\"@type\":\"WebPage\",\"@id\":\"https:\/\/hotellidoblu.it\/de\/hotel\/\",\"url\":\"https:\/\/hotellidoblu.it\/de\/hotel\/\",\"name\":\"Komfort, Entspannung und Sport am Gardasee | Hotel Lido Blu\",\"isPartOf\":{\"@id\":\"https:\/\/hotellidoblu.it\/de\/#website\"},\"primaryImageOfPage\":{\"@id\":\"https:\/\/hotellidoblu.it\/de\/hotel\/#primaryimage\"},\"image\":{\"@id\":\"https:\/\/hotellidoblu.it\/de\/hotel\/#primaryimage\"},\"thumbnailUrl\":\"https:\/\/hotellidoblu.it\/wp-content\/uploads\/2025\/03\/Vista-sul-lago-con-edifici-e-alberi.webp\",\"datePublished\":\"2025-03-20T16:35:35+00:00\",\"dateModified\":\"2026-02-17T14:23:24+00:00\",\"description\":\"Erlebe einen unvergesslichen Urlaub: 4-Sterne-Komfort, Gourmetk\u00fcche und sportliche Aktivit\u00e4ten am Gardasee. Buche deinen Urlaub noch heute!\",\"breadcrumb\":{\"@id\":\"https:\/\/hotellidoblu.it\/de\/hotel\/#breadcrumb\"},\"inLanguage\":\"de\",\"potentialAction\":[{\"@type\":\"ReadAction\",\"target\":[\"https:\/\/hotellidoblu.it\/de\/hotel\/\"]}]},{\"@type\":\"ImageObject\",\"inLanguage\":\"de\",\"@id\":\"https:\/\/hotellidoblu.it\/de\/hotel\/#primaryimage\",\"url\":\"https:\/\/hotellidoblu.it\/wp-content\/uploads\/2025\/03\/Vista-sul-lago-con-edifici-e-alberi.webp\",\"contentUrl\":\"https:\/\/hotellidoblu.it\/wp-content\/uploads\/2025\/03\/Vista-sul-lago-con-edifici-e-alberi.webp\",\"width\":1626,\"height\":1080},{\"@type\":\"BreadcrumbList\",\"@id\":\"https:\/\/hotellidoblu.it\/de\/hotel\/#breadcrumb\",\"itemListElement\":[{\"@type\":\"ListItem\",\"position\":1,\"name\":\"Home\",\"item\":\"https:\/\/hotellidoblu.it\/de\/\"},{\"@type\":\"ListItem\",\"position\":2,\"name\":\"Hotel\"}]},{\"@type\":\"WebSite\",\"@id\":\"https:\/\/hotellidoblu.it\/de\/#website\",\"url\":\"https:\/\/hotellidoblu.it\/de\/\",\"name\":\"Hotel Lido Blu\",\"description\":\"\",\"potentialAction\":[{\"@type\":\"SearchAction\",\"target\":{\"@type\":\"EntryPoint\",\"urlTemplate\":\"https:\/\/hotellidoblu.it\/de\/?s={search_term_string}\"},\"query-input\":{\"@type\":\"PropertyValueSpecification\",\"valueRequired\":true,\"valueName\":\"search_term_string\"}}],\"inLanguage\":\"de\"}]}<\/script>\n<!-- \/ Yoast SEO plugin. -->","yoast_head_json":{"title":"Komfort, Entspannung und Sport am Gardasee | Hotel Lido Blu","description":"Erlebe einen unvergesslichen Urlaub: 4-Sterne-Komfort, Gourmetk\u00fcche und sportliche Aktivit\u00e4ten am Gardasee. Buche deinen Urlaub noch heute!","robots":{"index":"index","follow":"follow","max-snippet":"max-snippet:-1","max-image-preview":"max-image-preview:large","max-video-preview":"max-video-preview:-1"},"canonical":"https:\/\/hotellidoblu.it\/de\/hotel\/","og_locale":"de_DE","og_type":"article","og_title":"Komfort, Entspannung und Sport am Gardasee | Hotel Lido Blu","og_description":"Erlebe einen unvergesslichen Urlaub: 4-Sterne-Komfort, Gourmetk\u00fcche und sportliche Aktivit\u00e4ten am Gardasee. Buche deinen Urlaub noch heute!","og_url":"https:\/\/hotellidoblu.it\/de\/hotel\/","og_site_name":"Hotel Lido Blu","article_modified_time":"2026-02-17T14:23:24+00:00","og_image":[{"width":1626,"height":1080,"url":"https:\/\/hotellidoblu.it\/wp-content\/uploads\/2025\/03\/Vista-sul-lago-con-edifici-e-alberi.webp","type":"image\/webp"}],"twitter_card":"summary_large_image","twitter_misc":{"Gesch\u00e4tzte Lesezeit":"2\u00a0Minuten"},"schema":{"@context":"https:\/\/schema.org","@graph":[{"@type":"WebPage","@id":"https:\/\/hotellidoblu.it\/de\/hotel\/","url":"https:\/\/hotellidoblu.it\/de\/hotel\/","name":"Komfort, Entspannung und Sport am Gardasee | Hotel Lido Blu","isPartOf":{"@id":"https:\/\/hotellidoblu.it\/de\/#website"},"primaryImageOfPage":{"@id":"https:\/\/hotellidoblu.it\/de\/hotel\/#primaryimage"},"image":{"@id":"https:\/\/hotellidoblu.it\/de\/hotel\/#primaryimage"},"thumbnailUrl":"https:\/\/hotellidoblu.it\/wp-content\/uploads\/2025\/03\/Vista-sul-lago-con-edifici-e-alberi.webp","datePublished":"2025-03-20T16:35:35+00:00","dateModified":"2026-02-17T14:23:24+00:00","description":"Erlebe einen unvergesslichen Urlaub: 4-Sterne-Komfort, Gourmetk\u00fcche und sportliche Aktivit\u00e4ten am Gardasee. Buche deinen Urlaub noch heute!","breadcrumb":{"@id":"https:\/\/hotellidoblu.it\/de\/hotel\/#breadcrumb"},"inLanguage":"de","potentialAction":[{"@type":"ReadAction","target":["https:\/\/hotellidoblu.it\/de\/hotel\/"]}]},{"@type":"ImageObject","inLanguage":"de","@id":"https:\/\/hotellidoblu.it\/de\/hotel\/#primaryimage","url":"https:\/\/hotellidoblu.it\/wp-content\/uploads\/2025\/03\/Vista-sul-lago-con-edifici-e-alberi.webp","contentUrl":"https:\/\/hotellidoblu.it\/wp-content\/uploads\/2025\/03\/Vista-sul-lago-con-edifici-e-alberi.webp","width":1626,"height":1080},{"@type":"BreadcrumbList","@id":"https:\/\/hotellidoblu.it\/de\/hotel\/#breadcrumb","itemListElement":[{"@type":"ListItem","position":1,"name":"Home","item":"https:\/\/hotellidoblu.it\/de\/"},{"@type":"ListItem","position":2,"name":"Hotel"}]},{"@type":"WebSite","@id":"https:\/\/hotellidoblu.it\/de\/#website","url":"https:\/\/hotellidoblu.it\/de\/","name":"Hotel Lido Blu","description":"","potentialAction":[{"@type":"SearchAction","target":{"@type":"EntryPoint","urlTemplate":"https:\/\/hotellidoblu.it\/de\/?s={search_term_string}"},"query-input":{"@type":"PropertyValueSpecification","valueRequired":true,"valueName":"search_term_string"}}],"inLanguage":"de"}]}},"_links":{"self":[{"href":"https:\/\/hotellidoblu.it\/de\/wp-json\/wp\/v2\/pages\/3078","targetHints":{"allow":["GET"]}}],"collection":[{"href":"https:\/\/hotellidoblu.it\/de\/wp-json\/wp\/v2\/pages"}],"about":[{"href":"https:\/\/hotellidoblu.it\/de\/wp-json\/wp\/v2\/types\/page"}],"author":[{"embeddable":true,"href":"https:\/\/hotellidoblu.it\/de\/wp-json\/wp\/v2\/users\/2"}],"replies":[{"embeddable":true,"href":"https:\/\/hotellidoblu.it\/de\/wp-json\/wp\/v2\/comments?post=3078"}],"version-history":[{"count":3,"href":"https:\/\/hotellidoblu.it\/de\/wp-json\/wp\/v2\/pages\/3078\/revisions"}],"predecessor-version":[{"id":5283,"href":"https:\/\/hotellidoblu.it\/de\/wp-json\/wp\/v2\/pages\/3078\/revisions\/5283"}],"wp:featuredmedia":[{"embeddable":true,"href":"https:\/\/hotellidoblu.it\/de\/wp-json\/wp\/v2\/media\/2430"}],"wp:attachment":[{"href":"https:\/\/hotellidoblu.it\/de\/wp-json\/wp\/v2\/media?parent=3078"}],"curies":[{"name":"wp","href":"https:\/\/api.w.org\/{rel}","templated":true}]}}