{"id":3124,"date":"2025-03-20T16:54:00","date_gmt":"2025-03-20T16:54:00","guid":{"rendered":"https:\/\/lidoblu.promoservicebeta.com\/colazione\/"},"modified":"2026-02-17T14:15:07","modified_gmt":"2026-02-17T14:15:07","slug":"fruehstueck","status":"publish","type":"page","link":"https:\/\/hotellidoblu.it\/de\/fruehstueck\/","title":{"rendered":"Fr\u00fchst\u00fcck"},"content":{"rendered":"\t\t<div data-elementor-type=\"wp-page\" data-elementor-id=\"3124\" class=\"elementor elementor-3124 elementor-1123\" data-elementor-post-type=\"page\">\n\t\t\t\t<div class=\"elementor-element elementor-element-57b68b9 e-flex e-con-boxed e-con e-parent\" data-id=\"57b68b9\" data-element_type=\"container\" data-e-type=\"container\">\n\t\t\t\t\t<div class=\"e-con-inner\">\n\t\t\t\t<div class=\"elementor-element elementor-element-ee027e7 elementor-widget elementor-widget-heading\" data-id=\"ee027e7\" data-element_type=\"widget\" data-e-type=\"widget\" data-widget_type=\"heading.default\">\n\t\t\t\t<div class=\"elementor-widget-container\">\n\t\t\t\t\t<h1 class=\"elementor-heading-title elementor-size-default\">Das Fr\u00fchst\u00fcck<\/h1>\t\t\t\t<\/div>\n\t\t\t\t<\/div>\n\t\t\t\t<div class=\"elementor-element elementor-element-ef6000c elementor-widget elementor-widget-text-editor\" data-id=\"ef6000c\" data-element_type=\"widget\" data-e-type=\"widget\" data-widget_type=\"text-editor.default\">\n\t\t\t\t<div class=\"elementor-widget-container\">\n\t\t\t\t\t\t\t\t\t<p>\u2026ist der sch\u00f6nste Augenblick des Tages. Stellen Sie sich ein Fr\u00fchst\u00fcck direkt am Strand vor, unter freiem Himmel, die ersten Sonnenstrahlen des Tages kitzeln die Nase und eine leichte Brise streichelt Ihre Seele\u2026.<\/p>\t\t\t\t\t\t\t\t<\/div>\n\t\t\t\t<\/div>\n\t\t\t\t\t<\/div>\n\t\t\t\t<\/div>\n\t\t<div class=\"elementor-element elementor-element-4aeb89c e-flex e-con-boxed e-con e-parent\" data-id=\"4aeb89c\" data-element_type=\"container\" data-e-type=\"container\">\n\t\t\t\t\t<div class=\"e-con-inner\">\n\t\t<div class=\"elementor-element elementor-element-7ea0d2b e-con-full e-flex e-con e-child\" data-id=\"7ea0d2b\" data-element_type=\"container\" data-e-type=\"container\">\n\t\t\t\t<div class=\"elementor-element elementor-element-197db65 elementor-widget elementor-widget-image\" data-id=\"197db65\" data-element_type=\"widget\" data-e-type=\"widget\" data-widget_type=\"image.default\">\n\t\t\t\t<div class=\"elementor-widget-container\">\n\t\t\t\t\t\t\t\t\t\t\t\t\t\t\t<img fetchpriority=\"high\" decoding=\"async\" width=\"1620\" height=\"1080\" src=\"https:\/\/hotellidoblu.it\/wp-content\/uploads\/2025\/03\/Un-tavolo-pieno-di-cibo.webp\" class=\"attachment-full size-full wp-image-2409\" alt=\"\" srcset=\"https:\/\/hotellidoblu.it\/wp-content\/uploads\/2025\/03\/Un-tavolo-pieno-di-cibo.webp 1620w, https:\/\/hotellidoblu.it\/wp-content\/uploads\/2025\/03\/Un-tavolo-pieno-di-cibo-300x200.webp 300w, https:\/\/hotellidoblu.it\/wp-content\/uploads\/2025\/03\/Un-tavolo-pieno-di-cibo-1024x683.webp 1024w, https:\/\/hotellidoblu.it\/wp-content\/uploads\/2025\/03\/Un-tavolo-pieno-di-cibo-768x512.webp 768w, https:\/\/hotellidoblu.it\/wp-content\/uploads\/2025\/03\/Un-tavolo-pieno-di-cibo-1536x1024.webp 1536w\" sizes=\"(max-width: 1620px) 100vw, 1620px\" \/>\t\t\t\t\t\t\t\t\t\t\t\t\t\t\t<\/div>\n\t\t\t\t<\/div>\n\t\t\t\t<div class=\"elementor-element elementor-element-0ba4299 elementor-absolute elementor-widget elementor-widget-html\" data-id=\"0ba4299\" data-element_type=\"widget\" data-e-type=\"widget\" data-settings=\"{&quot;_position&quot;:&quot;absolute&quot;}\" data-widget_type=\"html.default\">\n\t\t\t\t<div class=\"elementor-widget-container\">\n\t\t\t\t\t<div class=\"label-green\">\n    <i class=\"fa-light fa-heart\"><\/i>\n    <span>Ausgezeichnetes<br> Fr\u00fchst\u00fcck<\/span>\n<\/div>\t\t\t\t<\/div>\n\t\t\t\t<\/div>\n\t\t\t\t<\/div>\n\t\t<div class=\"elementor-element elementor-element-061698c e-con-full e-flex e-con e-child\" data-id=\"061698c\" data-element_type=\"container\" data-e-type=\"container\">\n\t\t\t\t<div class=\"elementor-element elementor-element-d783c19 elementor-widget elementor-widget-text-editor\" data-id=\"d783c19\" data-element_type=\"widget\" data-e-type=\"widget\" data-widget_type=\"text-editor.default\">\n\t\t\t\t<div class=\"elementor-widget-container\">\n\t\t\t\t\t\t\t\t\t<p>Unser Fr\u00fchst\u00fcck bietet Ihnen einen besonderen Genuss f\u00fcr die Augen und vor allem f\u00fcr den Gaumen: Bester Kaffee und Cappuccino, duftende Croissants, getoastetes Brot, herrliche hausgemachte Torten, frisch gepresste Fruchts\u00e4fte, Salami und K\u00e4se aus dem Trentino, Eier mit Speck, Joghurt , M\u00fcsli und frische Obst.<br \/>Kurz: Eine volle Ladung Energie f\u00fcr einen aktiven Tag im Zeichen von Sport, Sonne und guter Laune.<\/p>\t\t\t\t\t\t\t\t<\/div>\n\t\t\t\t<\/div>\n\t\t\t\t<div class=\"elementor-element elementor-element-02ea0da elementor-hidden-mobile elementor-widget elementor-widget-image\" data-id=\"02ea0da\" data-element_type=\"widget\" data-e-type=\"widget\" data-widget_type=\"image.default\">\n\t\t\t\t<div class=\"elementor-widget-container\">\n\t\t\t\t\t\t\t\t\t\t\t\t\t\t\t<img decoding=\"async\" width=\"1620\" height=\"1080\" src=\"https:\/\/hotellidoblu.it\/wp-content\/uploads\/2025\/03\/Tavolo-di-cibo-e-bevande-vicino-allacqua.webp\" class=\"attachment-full size-full wp-image-1900\" alt=\"\" srcset=\"https:\/\/hotellidoblu.it\/wp-content\/uploads\/2025\/03\/Tavolo-di-cibo-e-bevande-vicino-allacqua.webp 1620w, https:\/\/hotellidoblu.it\/wp-content\/uploads\/2025\/03\/Tavolo-di-cibo-e-bevande-vicino-allacqua-300x200.webp 300w, https:\/\/hotellidoblu.it\/wp-content\/uploads\/2025\/03\/Tavolo-di-cibo-e-bevande-vicino-allacqua-1024x683.webp 1024w, https:\/\/hotellidoblu.it\/wp-content\/uploads\/2025\/03\/Tavolo-di-cibo-e-bevande-vicino-allacqua-768x512.webp 768w, https:\/\/hotellidoblu.it\/wp-content\/uploads\/2025\/03\/Tavolo-di-cibo-e-bevande-vicino-allacqua-1536x1024.webp 1536w\" sizes=\"(max-width: 1620px) 100vw, 1620px\" \/>\t\t\t\t\t\t\t\t\t\t\t\t\t\t\t<\/div>\n\t\t\t\t<\/div>\n\t\t\t\t<\/div>\n\t\t\t\t\t<\/div>\n\t\t\t\t<\/div>\n\t\t<div class=\"elementor-element elementor-element-4609f26 e-con-full e-flex e-con e-parent\" data-id=\"4609f26\" data-element_type=\"container\" data-e-type=\"container\">\n\t\t\t\t<div class=\"elementor-element elementor-element-bc5a0c9 elementor-widget__width-inherit elementor-widget elementor-widget-shortcode\" data-id=\"bc5a0c9\" data-element_type=\"widget\" data-e-type=\"widget\" data-widget_type=\"shortcode.default\">\n\t\t\t\t<div class=\"elementor-widget-container\">\n\t\t\t\t\t\t\t<div class=\"elementor-shortcode\">\n<div class=\"conver-widget-v2\"\n     data-instance=\"conver-v2-1\">\n\n  <div class=\"chat-container\" id=\"chat-section\">\n\n    <div class=\"chat-header\">\n      <div class=\"chat-header-logo\">\n        <img decoding=\"async\"\n          src=\"https:\/\/hotellidoblu.it\/wp-content\/themes\/jampaa\/template-parts\/ricerca-conversazionale-v2\/assets\/img\/logo-ricerca-conv.png\"\n          alt=\"\"\n        >\n        <span>Hallo<\/span>\n      <\/div>\n\n      <h2>Womit fangen wir an?<\/h2>\n    <\/div>\n\n    <!-- Chat -->\n    <div class=\"chat-box\"><\/div>\n\n    <!-- Loading -->\n    <div class=\"loading-conver hidden\" aria-hidden=\"true\">\n      <div class=\"dot\"><\/div><div class=\"dot\"><\/div><div class=\"dot\"><\/div>\n    <\/div>\n\n    <!-- Input -->\n    <div class=\"input-area-conver-wrapper\">\n      <div class=\"input-area-conver\">\n        <textarea\n          class=\"user-input-conver\"\n          placeholder=\"Stelle eine Frage...\"\n          rows=\"1\"\n        ><\/textarea>\n\n        <div class=\"box-btn-conver\">\n          <a class=\"send-btn-conver\" href=\"#\" role=\"button\" aria-label=\"AI Search\">\n            <i class=\"fa-light fa-magnifying-glass icon-search\" aria-hidden=\"true\"><\/i>\n            <i class=\"fa-regular fa-arrow-up icon-send hidden\" aria-hidden=\"true\"><\/i>\n            <span class=\"ai-search-text\">AI Search<\/span>\n          <\/a>\n\n          <i class=\"fa-light fa-close icon-erase hidden\" aria-hidden=\"true\"><\/i>\n        <\/div>\n      <\/div>\n    <\/div>\n    <span class=\"show-quick-questions hidden\">Zeige schnelle Fragen<\/span>\n\n    <!-- Domande rapide -->\n    <div class=\"entry-chats-wrapper\">\n      <button type=\"button\" class=\"entry-chat\" data-prompt=\"Ein Zimmer f\u00fcr zwei Personen buchen\">\n        Ein Zimmer f\u00fcr zwei Personen buchen      <\/button>\n\n      <button type=\"button\" class=\"entry-chat\" data-prompt=\"Sonderangebote entdecken\">\n        Sonderangebote entdecken      <\/button>\n\n      <button type=\"button\" class=\"entry-chat\" data-prompt=\"Zimmer entdecken\">\n        Zimmer entdecken      <\/button>\n\n      <button type=\"button\" class=\"entry-chat\" data-prompt=\"Wellnessbereich \u201eBlu Spa\u201c entdecken\">\n        Wellnessbereich \u201eBlu Spa\u201c entdecken      <\/button>\n    <\/div>\n\n  <\/div>\n<\/div><\/div>\n\t\t\t\t\t\t<\/div>\n\t\t\t\t<\/div>\n\t\t\t\t<\/div>\n\t\t<div class=\"elementor-element elementor-element-2d6ec1b e-flex e-con-boxed e-con e-parent\" data-id=\"2d6ec1b\" data-element_type=\"container\" data-e-type=\"container\">\n\t\t\t\t\t<div class=\"e-con-inner\">\n\t\t\t\t<div class=\"elementor-element elementor-element-97ffcb0 elementor-widget elementor-widget-heading\" data-id=\"97ffcb0\" data-element_type=\"widget\" data-e-type=\"widget\" data-widget_type=\"heading.default\">\n\t\t\t\t<div class=\"elementor-widget-container\">\n\t\t\t\t\t<h2 class=\"elementor-heading-title elementor-size-default\">K\u00f6nnte f\u00fcr dich interessant sein\u200b<\/h2>\t\t\t\t<\/div>\n\t\t\t\t<\/div>\n\t\t\t\t<div class=\"elementor-element elementor-element-0bd7076 elementor-widget elementor-widget-shortcode\" data-id=\"0bd7076\" data-element_type=\"widget\" data-e-type=\"widget\" data-widget_type=\"shortcode.default\">\n\t\t\t\t<div class=\"elementor-widget-container\">\n\t\t\t\t\t\t\t<div class=\"elementor-shortcode\">    <div class=\"pagine-correlate\">\n                    <div class=\"pagina-correlata\">\n                <a href=\"https:\/\/hotellidoblu.it\/de\/beach-restaurant-bar\/\">\n                    <div class=\"img-related-page\">\n                                                                            <img decoding=\"async\" src=\"https:\/\/hotellidoblu.it\/wp-content\/uploads\/2025\/03\/Tavolo-e-sedie-sulla-spiaggia.webp\" alt=\"Beach Restaurant &amp; Bar\">\n                                            <\/div>\n                    <div class=\"text-related-page\">\n                        <h3>Beach Restaurant &amp; Bar<\/h3>\n                        <span class=\"read-more\">Jetzt herausfinden<\/span>\n                    <\/div>\n                <\/a>\n            <\/div>\n                    <div class=\"pagina-correlata\">\n                <a href=\"https:\/\/hotellidoblu.it\/de\/camere\/\">\n                    <div class=\"img-related-page\">\n                                                                            <img decoding=\"async\" src=\"https:\/\/hotellidoblu.it\/wp-content\/uploads\/2025\/03\/Camera-con-grande-finestra-2.webp\" alt=\"Zimmer\">\n                                            <\/div>\n                    <div class=\"text-related-page\">\n                        <h3>Zimmer<\/h3>\n                        <span class=\"read-more\">Jetzt herausfinden<\/span>\n                    <\/div>\n                <\/a>\n            <\/div>\n                    <div class=\"pagina-correlata\">\n                <a href=\"https:\/\/hotellidoblu.it\/de\/strand\/\">\n                    <div class=\"img-related-page\">\n                                                                            <img decoding=\"async\" src=\"https:\/\/hotellidoblu.it\/wp-content\/uploads\/2025\/03\/Spiaggia-rocciosa-con-montagne-sullo-sfondo-1.webp\" alt=\"Strand\">\n                                            <\/div>\n                    <div class=\"text-related-page\">\n                        <h3>Strand<\/h3>\n                        <span class=\"read-more\">Jetzt herausfinden<\/span>\n                    <\/div>\n                <\/a>\n            <\/div>\n            <\/div>\n<\/div>\n\t\t\t\t\t\t<\/div>\n\t\t\t\t<\/div>\n\t\t\t\t\t<\/div>\n\t\t\t\t<\/div>\n\t\t\t\t<\/div>\n\t\t","protected":false},"excerpt":{"rendered":"<p>Das Fr\u00fchst\u00fcck \u2026ist der sch\u00f6nste Augenblick des Tages. Stellen Sie sich ein Fr\u00fchst\u00fcck direkt am Strand vor, unter freiem Himmel, die ersten Sonnenstrahlen des Tages kitzeln die Nase und eine leichte Brise streichelt Ihre Seele\u2026. Ausgezeichnetes Fr\u00fchst\u00fcck Unser Fr\u00fchst\u00fcck bietet Ihnen einen besonderen Genuss f\u00fcr die Augen und vor allem f\u00fcr den Gaumen: Bester Kaffee [&hellip;]<\/p>\n","protected":false},"author":2,"featured_media":2406,"parent":0,"menu_order":0,"comment_status":"closed","ping_status":"closed","template":"","meta":{"_acf_changed":false,"footnotes":""},"class_list":["post-3124","page","type-page","status-publish","has-post-thumbnail","hentry"],"acf":[],"yoast_head":"<!-- This site is optimized with the Yoast SEO plugin v27.2 - https:\/\/yoast.com\/product\/yoast-seo-wordpress\/ -->\n<title>Fr\u00fchst\u00fcck mit Seeblick und Trentiner Produkten | Hotel Lido Blu<\/title>\n<meta name=\"description\" content=\"Erlebe den Zauber des Morgens: Fr\u00fchst\u00fcck mit Aussicht, frische Produkte und der Duft von Kaffee. Buche jetzt deinen Aufenthalt!\" \/>\n<meta name=\"robots\" content=\"index, follow, max-snippet:-1, max-image-preview:large, max-video-preview:-1\" \/>\n<link rel=\"canonical\" href=\"https:\/\/hotellidoblu.it\/de\/fruehstueck\/\" \/>\n<meta property=\"og:locale\" content=\"de_DE\" \/>\n<meta property=\"og:type\" content=\"article\" \/>\n<meta property=\"og:title\" content=\"Fr\u00fchst\u00fcck mit Seeblick und Trentiner Produkten | Hotel Lido Blu\" \/>\n<meta property=\"og:description\" content=\"Erlebe den Zauber des Morgens: Fr\u00fchst\u00fcck mit Aussicht, frische Produkte und der Duft von Kaffee. Buche jetzt deinen Aufenthalt!\" \/>\n<meta property=\"og:url\" content=\"https:\/\/hotellidoblu.it\/de\/fruehstueck\/\" \/>\n<meta property=\"og:site_name\" content=\"Hotel Lido Blu\" \/>\n<meta property=\"article:modified_time\" content=\"2026-02-17T14:15:07+00:00\" \/>\n<meta property=\"og:image\" content=\"https:\/\/hotellidoblu.it\/wp-content\/uploads\/2025\/03\/Tavola-di-cibo-e-bevande-vicino-allacqua-1.webp\" \/>\n\t<meta property=\"og:image:width\" content=\"1620\" \/>\n\t<meta property=\"og:image:height\" content=\"1080\" \/>\n\t<meta property=\"og:image:type\" content=\"image\/webp\" \/>\n<meta name=\"twitter:card\" content=\"summary_large_image\" \/>\n<meta name=\"twitter:label1\" content=\"Gesch\u00e4tzte Lesezeit\" \/>\n\t<meta name=\"twitter:data1\" content=\"1\u00a0Minute\" \/>\n<script type=\"application\/ld+json\" class=\"yoast-schema-graph\">{\"@context\":\"https:\/\/schema.org\",\"@graph\":[{\"@type\":\"WebPage\",\"@id\":\"https:\/\/hotellidoblu.it\/de\/fruehstueck\/\",\"url\":\"https:\/\/hotellidoblu.it\/de\/fruehstueck\/\",\"name\":\"Fr\u00fchst\u00fcck mit Seeblick und Trentiner Produkten | Hotel Lido Blu\",\"isPartOf\":{\"@id\":\"https:\/\/hotellidoblu.it\/de\/#website\"},\"primaryImageOfPage\":{\"@id\":\"https:\/\/hotellidoblu.it\/de\/fruehstueck\/#primaryimage\"},\"image\":{\"@id\":\"https:\/\/hotellidoblu.it\/de\/fruehstueck\/#primaryimage\"},\"thumbnailUrl\":\"https:\/\/hotellidoblu.it\/wp-content\/uploads\/2025\/03\/Tavola-di-cibo-e-bevande-vicino-allacqua-1.webp\",\"datePublished\":\"2025-03-20T16:54:00+00:00\",\"dateModified\":\"2026-02-17T14:15:07+00:00\",\"description\":\"Erlebe den Zauber des Morgens: Fr\u00fchst\u00fcck mit Aussicht, frische Produkte und der Duft von Kaffee. Buche jetzt deinen Aufenthalt!\",\"breadcrumb\":{\"@id\":\"https:\/\/hotellidoblu.it\/de\/fruehstueck\/#breadcrumb\"},\"inLanguage\":\"de\",\"potentialAction\":[{\"@type\":\"ReadAction\",\"target\":[\"https:\/\/hotellidoblu.it\/de\/fruehstueck\/\"]}]},{\"@type\":\"ImageObject\",\"inLanguage\":\"de\",\"@id\":\"https:\/\/hotellidoblu.it\/de\/fruehstueck\/#primaryimage\",\"url\":\"https:\/\/hotellidoblu.it\/wp-content\/uploads\/2025\/03\/Tavola-di-cibo-e-bevande-vicino-allacqua-1.webp\",\"contentUrl\":\"https:\/\/hotellidoblu.it\/wp-content\/uploads\/2025\/03\/Tavola-di-cibo-e-bevande-vicino-allacqua-1.webp\",\"width\":1620,\"height\":1080},{\"@type\":\"BreadcrumbList\",\"@id\":\"https:\/\/hotellidoblu.it\/de\/fruehstueck\/#breadcrumb\",\"itemListElement\":[{\"@type\":\"ListItem\",\"position\":1,\"name\":\"Home\",\"item\":\"https:\/\/hotellidoblu.it\/de\/\"},{\"@type\":\"ListItem\",\"position\":2,\"name\":\"Fr\u00fchst\u00fcck\"}]},{\"@type\":\"WebSite\",\"@id\":\"https:\/\/hotellidoblu.it\/de\/#website\",\"url\":\"https:\/\/hotellidoblu.it\/de\/\",\"name\":\"Hotel Lido Blu\",\"description\":\"\",\"potentialAction\":[{\"@type\":\"SearchAction\",\"target\":{\"@type\":\"EntryPoint\",\"urlTemplate\":\"https:\/\/hotellidoblu.it\/de\/?s={search_term_string}\"},\"query-input\":{\"@type\":\"PropertyValueSpecification\",\"valueRequired\":true,\"valueName\":\"search_term_string\"}}],\"inLanguage\":\"de\"}]}<\/script>\n<!-- \/ Yoast SEO plugin. -->","yoast_head_json":{"title":"Fr\u00fchst\u00fcck mit Seeblick und Trentiner Produkten | Hotel Lido Blu","description":"Erlebe den Zauber des Morgens: Fr\u00fchst\u00fcck mit Aussicht, frische Produkte und der Duft von Kaffee. Buche jetzt deinen Aufenthalt!","robots":{"index":"index","follow":"follow","max-snippet":"max-snippet:-1","max-image-preview":"max-image-preview:large","max-video-preview":"max-video-preview:-1"},"canonical":"https:\/\/hotellidoblu.it\/de\/fruehstueck\/","og_locale":"de_DE","og_type":"article","og_title":"Fr\u00fchst\u00fcck mit Seeblick und Trentiner Produkten | Hotel Lido Blu","og_description":"Erlebe den Zauber des Morgens: Fr\u00fchst\u00fcck mit Aussicht, frische Produkte und der Duft von Kaffee. Buche jetzt deinen Aufenthalt!","og_url":"https:\/\/hotellidoblu.it\/de\/fruehstueck\/","og_site_name":"Hotel Lido Blu","article_modified_time":"2026-02-17T14:15:07+00:00","og_image":[{"width":1620,"height":1080,"url":"https:\/\/hotellidoblu.it\/wp-content\/uploads\/2025\/03\/Tavola-di-cibo-e-bevande-vicino-allacqua-1.webp","type":"image\/webp"}],"twitter_card":"summary_large_image","twitter_misc":{"Gesch\u00e4tzte Lesezeit":"1\u00a0Minute"},"schema":{"@context":"https:\/\/schema.org","@graph":[{"@type":"WebPage","@id":"https:\/\/hotellidoblu.it\/de\/fruehstueck\/","url":"https:\/\/hotellidoblu.it\/de\/fruehstueck\/","name":"Fr\u00fchst\u00fcck mit Seeblick und Trentiner Produkten | Hotel Lido Blu","isPartOf":{"@id":"https:\/\/hotellidoblu.it\/de\/#website"},"primaryImageOfPage":{"@id":"https:\/\/hotellidoblu.it\/de\/fruehstueck\/#primaryimage"},"image":{"@id":"https:\/\/hotellidoblu.it\/de\/fruehstueck\/#primaryimage"},"thumbnailUrl":"https:\/\/hotellidoblu.it\/wp-content\/uploads\/2025\/03\/Tavola-di-cibo-e-bevande-vicino-allacqua-1.webp","datePublished":"2025-03-20T16:54:00+00:00","dateModified":"2026-02-17T14:15:07+00:00","description":"Erlebe den Zauber des Morgens: Fr\u00fchst\u00fcck mit Aussicht, frische Produkte und der Duft von Kaffee. Buche jetzt deinen Aufenthalt!","breadcrumb":{"@id":"https:\/\/hotellidoblu.it\/de\/fruehstueck\/#breadcrumb"},"inLanguage":"de","potentialAction":[{"@type":"ReadAction","target":["https:\/\/hotellidoblu.it\/de\/fruehstueck\/"]}]},{"@type":"ImageObject","inLanguage":"de","@id":"https:\/\/hotellidoblu.it\/de\/fruehstueck\/#primaryimage","url":"https:\/\/hotellidoblu.it\/wp-content\/uploads\/2025\/03\/Tavola-di-cibo-e-bevande-vicino-allacqua-1.webp","contentUrl":"https:\/\/hotellidoblu.it\/wp-content\/uploads\/2025\/03\/Tavola-di-cibo-e-bevande-vicino-allacqua-1.webp","width":1620,"height":1080},{"@type":"BreadcrumbList","@id":"https:\/\/hotellidoblu.it\/de\/fruehstueck\/#breadcrumb","itemListElement":[{"@type":"ListItem","position":1,"name":"Home","item":"https:\/\/hotellidoblu.it\/de\/"},{"@type":"ListItem","position":2,"name":"Fr\u00fchst\u00fcck"}]},{"@type":"WebSite","@id":"https:\/\/hotellidoblu.it\/de\/#website","url":"https:\/\/hotellidoblu.it\/de\/","name":"Hotel Lido Blu","description":"","potentialAction":[{"@type":"SearchAction","target":{"@type":"EntryPoint","urlTemplate":"https:\/\/hotellidoblu.it\/de\/?s={search_term_string}"},"query-input":{"@type":"PropertyValueSpecification","valueRequired":true,"valueName":"search_term_string"}}],"inLanguage":"de"}]}},"_links":{"self":[{"href":"https:\/\/hotellidoblu.it\/de\/wp-json\/wp\/v2\/pages\/3124","targetHints":{"allow":["GET"]}}],"collection":[{"href":"https:\/\/hotellidoblu.it\/de\/wp-json\/wp\/v2\/pages"}],"about":[{"href":"https:\/\/hotellidoblu.it\/de\/wp-json\/wp\/v2\/types\/page"}],"author":[{"embeddable":true,"href":"https:\/\/hotellidoblu.it\/de\/wp-json\/wp\/v2\/users\/2"}],"replies":[{"embeddable":true,"href":"https:\/\/hotellidoblu.it\/de\/wp-json\/wp\/v2\/comments?post=3124"}],"version-history":[{"count":3,"href":"https:\/\/hotellidoblu.it\/de\/wp-json\/wp\/v2\/pages\/3124\/revisions"}],"predecessor-version":[{"id":5253,"href":"https:\/\/hotellidoblu.it\/de\/wp-json\/wp\/v2\/pages\/3124\/revisions\/5253"}],"wp:featuredmedia":[{"embeddable":true,"href":"https:\/\/hotellidoblu.it\/de\/wp-json\/wp\/v2\/media\/2406"}],"wp:attachment":[{"href":"https:\/\/hotellidoblu.it\/de\/wp-json\/wp\/v2\/media?parent=3124"}],"curies":[{"name":"wp","href":"https:\/\/api.w.org\/{rel}","templated":true}]}}