{"id":3138,"date":"2025-03-21T13:11:36","date_gmt":"2025-03-21T13:11:36","guid":{"rendered":"https:\/\/lidoblu.promoservicebeta.com\/servizi-compresi\/"},"modified":"2026-02-17T14:25:21","modified_gmt":"2026-02-17T14:25:21","slug":"inklusive-services","status":"publish","type":"page","link":"https:\/\/hotellidoblu.it\/de\/inklusive-services\/","title":{"rendered":"Inklusive Services"},"content":{"rendered":"\t\t<div data-elementor-type=\"wp-page\" data-elementor-id=\"3138\" class=\"elementor elementor-3138 elementor-1169\" data-elementor-post-type=\"page\">\n\t\t\t\t<div class=\"elementor-element elementor-element-eeb52b4 e-flex e-con-boxed e-con e-parent\" data-id=\"eeb52b4\" data-element_type=\"container\" data-e-type=\"container\">\n\t\t\t\t\t<div class=\"e-con-inner\">\n\t\t\t\t<div class=\"elementor-element elementor-element-c718f98 elementor-widget elementor-widget-heading\" data-id=\"c718f98\" data-element_type=\"widget\" data-e-type=\"widget\" data-widget_type=\"heading.default\">\n\t\t\t\t<div class=\"elementor-widget-container\">\n\t\t\t\t\t<h1 class=\"elementor-heading-title elementor-size-default\">Leistungen<\/h1>\t\t\t\t<\/div>\n\t\t\t\t<\/div>\n\t\t\t\t\t<\/div>\n\t\t\t\t<\/div>\n\t\t<div class=\"elementor-element elementor-element-472bc5ad e-flex e-con-boxed e-con e-parent\" data-id=\"472bc5ad\" data-element_type=\"container\" data-e-type=\"container\">\n\t\t\t\t\t<div class=\"e-con-inner\">\n\t\t<div class=\"elementor-element elementor-element-016211a e-con-full e-flex e-con e-child\" data-id=\"016211a\" data-element_type=\"container\" data-e-type=\"container\">\n\t\t\t\t<div class=\"elementor-element elementor-element-67a1787 elementor-widget elementor-widget-text-editor\" data-id=\"67a1787\" data-element_type=\"widget\" data-e-type=\"widget\" data-widget_type=\"text-editor.default\">\n\t\t\t\t<div class=\"elementor-widget-container\">\n\t\t\t\t\t\t\t\t\t<p>Wenn Sie direkt auf unserer Website, telefonisch oder durch Email buchen, sind folgende Serviceleistungen inklusive!<\/p>\t\t\t\t\t\t\t\t<\/div>\n\t\t\t\t<\/div>\n\t\t\t\t<div class=\"elementor-element elementor-element-2016cb5 elementor-widget elementor-widget-html\" data-id=\"2016cb5\" data-element_type=\"widget\" data-e-type=\"widget\" data-widget_type=\"html.default\">\n\t\t\t\t<div class=\"elementor-widget-container\">\n\t\t\t\t\t<div class=\"lista-icone-testi\">\n    <span class=\"riga-icona-testo light-blue\"><i class=\"fa-solid fa-umbrella-beach\"><\/i>Privatgarten direkt am See mit Liegest\u00fchle und Sonnenschirmen<\/span>\n    <span class=\"riga-icona-testo light-blue\"><i class=\"fa-solid fa-person-swimming\"><\/i>Beheiztes Hallenbad<\/span>\n    <span class=\"riga-icona-testo light-blue\"><i class=\"fa-solid fa-spa\"><\/i>Wellness Center Blu Spa<\/span>\n    <span class=\"riga-icona-testo black\"><i class=\"fa-solid fa-bicycle\"><\/i>Abstellraum f\u00fcr Mountainbikes<\/span>\n    <span class=\"riga-icona-testo black\"><i class=\"fa-solid fa-wave\"><\/i>Abstellraum f\u00fcr Windsurf-Ausr\u00fcstung<\/span>\n<\/div>\t\t\t\t<\/div>\n\t\t\t\t<\/div>\n\t\t\t\t<\/div>\n\t\t<div class=\"elementor-element elementor-element-a6c0fa3 e-con-full e-flex e-con e-child\" data-id=\"a6c0fa3\" data-element_type=\"container\" data-e-type=\"container\">\n\t\t\t\t<div class=\"elementor-element elementor-element-a0016c6 elementor-widget elementor-widget-image\" data-id=\"a0016c6\" data-element_type=\"widget\" data-e-type=\"widget\" data-widget_type=\"image.default\">\n\t\t\t\t<div class=\"elementor-widget-container\">\n\t\t\t\t\t\t\t\t\t\t\t\t\t\t\t<img fetchpriority=\"high\" decoding=\"async\" width=\"1620\" height=\"1080\" src=\"https:\/\/hotellidoblu.it\/wp-content\/uploads\/2025\/03\/Piscina-in-una-stanza-1.webp\" class=\"attachment-full size-full wp-image-2016\" alt=\"\" srcset=\"https:\/\/hotellidoblu.it\/wp-content\/uploads\/2025\/03\/Piscina-in-una-stanza-1.webp 1620w, https:\/\/hotellidoblu.it\/wp-content\/uploads\/2025\/03\/Piscina-in-una-stanza-1-300x200.webp 300w, https:\/\/hotellidoblu.it\/wp-content\/uploads\/2025\/03\/Piscina-in-una-stanza-1-1024x683.webp 1024w, https:\/\/hotellidoblu.it\/wp-content\/uploads\/2025\/03\/Piscina-in-una-stanza-1-768x512.webp 768w, https:\/\/hotellidoblu.it\/wp-content\/uploads\/2025\/03\/Piscina-in-una-stanza-1-1536x1024.webp 1536w\" sizes=\"(max-width: 1620px) 100vw, 1620px\" \/>\t\t\t\t\t\t\t\t\t\t\t\t\t\t\t<\/div>\n\t\t\t\t<\/div>\n\t\t\t\t<\/div>\n\t\t\t\t\t<\/div>\n\t\t\t\t<\/div>\n\t\t<div class=\"elementor-element elementor-element-0b87950 e-flex e-con-boxed e-con e-parent\" data-id=\"0b87950\" data-element_type=\"container\" data-e-type=\"container\">\n\t\t\t\t\t<div class=\"e-con-inner\">\n\t\t<div class=\"elementor-element elementor-element-17fd620 e-con-full e-flex e-con e-child\" data-id=\"17fd620\" data-element_type=\"container\" data-e-type=\"container\">\n\t\t\t\t<div class=\"elementor-element elementor-element-a2cda46 elementor-widget elementor-widget-html\" data-id=\"a2cda46\" data-element_type=\"widget\" data-e-type=\"widget\" data-widget_type=\"html.default\">\n\t\t\t\t<div class=\"elementor-widget-container\">\n\t\t\t\t\t<div class=\"lista-icone-testi\">\n    <span class=\"riga-icona-testo light-blue\"><i class=\"fa-solid fa-car\"><\/i>Bewachter, hoteleigener Parkplatz<\/span>\n    <span class=\"riga-icona-testo black\"><i class=\"fa-solid fa-car-circle-bolt\"><\/i>Ladestation f\u00fcr Elektroautos<\/span>\n    <span class=\"riga-icona-testo black\"><i class=\"fa-solid fa-person-biking\"><\/i>Fahrradverleih f\u00fcr unsere G\u00e4ste<\/span>\n    <span class=\"riga-icona-testo black\"><i class=\"fa-regular fa-wifi\"><\/i>Kostenloses Wifi im Zimmer und Hotel<\/span>\n    <span class=\"riga-icona-testo black\"><i class=\"fa-solid fa-map\"><\/i>Mountainbike und Trekking Karten<\/span>\n        <span class=\"riga-icona-testo black\"><i class=\"fa-solid fa-water\"><\/i>Kayak Kostenlos<\/span>\n<\/div>\t\t\t\t<\/div>\n\t\t\t\t<\/div>\n\t\t\t\t<\/div>\n\t\t<div class=\"elementor-element elementor-element-55406ce e-con-full e-flex e-con e-child\" data-id=\"55406ce\" data-element_type=\"container\" data-e-type=\"container\">\n\t\t\t\t<div class=\"elementor-element elementor-element-706cff0 elementor-widget elementor-widget-image\" data-id=\"706cff0\" data-element_type=\"widget\" data-e-type=\"widget\" data-widget_type=\"image.default\">\n\t\t\t\t<div class=\"elementor-widget-container\">\n\t\t\t\t\t\t\t\t\t\t\t\t\t\t\t<img decoding=\"async\" width=\"1620\" height=\"1080\" src=\"https:\/\/hotellidoblu.it\/wp-content\/uploads\/2025\/03\/Tavolo-di-cibo-e-bevande-vicino-allacqua.webp\" class=\"attachment-full size-full wp-image-1900\" alt=\"\" srcset=\"https:\/\/hotellidoblu.it\/wp-content\/uploads\/2025\/03\/Tavolo-di-cibo-e-bevande-vicino-allacqua.webp 1620w, https:\/\/hotellidoblu.it\/wp-content\/uploads\/2025\/03\/Tavolo-di-cibo-e-bevande-vicino-allacqua-300x200.webp 300w, https:\/\/hotellidoblu.it\/wp-content\/uploads\/2025\/03\/Tavolo-di-cibo-e-bevande-vicino-allacqua-1024x683.webp 1024w, https:\/\/hotellidoblu.it\/wp-content\/uploads\/2025\/03\/Tavolo-di-cibo-e-bevande-vicino-allacqua-768x512.webp 768w, https:\/\/hotellidoblu.it\/wp-content\/uploads\/2025\/03\/Tavolo-di-cibo-e-bevande-vicino-allacqua-1536x1024.webp 1536w\" sizes=\"(max-width: 1620px) 100vw, 1620px\" \/>\t\t\t\t\t\t\t\t\t\t\t\t\t\t\t<\/div>\n\t\t\t\t<\/div>\n\t\t\t\t<\/div>\n\t\t\t\t\t<\/div>\n\t\t\t\t<\/div>\n\t\t<div class=\"elementor-element elementor-element-2c2eaea e-flex e-con-boxed e-con e-parent\" data-id=\"2c2eaea\" data-element_type=\"container\" data-e-type=\"container\" data-settings=\"{&quot;background_background&quot;:&quot;classic&quot;}\">\n\t\t\t\t\t<div class=\"e-con-inner\">\n\t\t<div class=\"elementor-element elementor-element-0f926a3 e-con-full e-flex e-con e-child\" data-id=\"0f926a3\" data-element_type=\"container\" data-e-type=\"container\">\n\t\t<div class=\"elementor-element elementor-element-695e789 e-con-full e-flex e-con e-child\" data-id=\"695e789\" data-element_type=\"container\" data-e-type=\"container\">\n\t\t\t\t<div class=\"elementor-element elementor-element-12ce1ae elementor-widget elementor-widget-heading\" data-id=\"12ce1ae\" data-element_type=\"widget\" data-e-type=\"widget\" data-widget_type=\"heading.default\">\n\t\t\t\t<div class=\"elementor-widget-container\">\n\t\t\t\t\t<h2 class=\"elementor-heading-title elementor-size-default\">LADEN VON ELEKTROAUTOS<\/h2>\t\t\t\t<\/div>\n\t\t\t\t<\/div>\n\t\t\t\t<div class=\"elementor-element elementor-element-f1cabf6 elementor-widget elementor-widget-text-editor\" data-id=\"f1cabf6\" data-element_type=\"widget\" data-e-type=\"widget\" data-widget_type=\"text-editor.default\">\n\t\t\t\t<div class=\"elementor-widget-container\">\n\t\t\t\t\t\t\t\t\t<p>Das Lido Blu Hotel bietet seinen G\u00e4sten eine Ladestation f\u00fcr Elektroautos.<\/p><p>Die auf unserem Parkplatz installierte Ladestation ist mit einer 32-Ampere-Steckdose des Typs 2\u2033 mit einer Leistung von 15 kW ausgestattet.<br \/>Dieser Steckdosenstandard wird von fast allen im Umlauf befindlichen Elektro- und Plug-in-Hybridfahrzeugen verwendet.<\/p>\t\t\t\t\t\t\t\t<\/div>\n\t\t\t\t<\/div>\n\t\t\t\t<div class=\"elementor-element elementor-element-47bf348 elementor-widget elementor-widget-icon-box\" data-id=\"47bf348\" data-element_type=\"widget\" data-e-type=\"widget\" data-widget_type=\"icon-box.default\">\n\t\t\t\t<div class=\"elementor-widget-container\">\n\t\t\t\t\t\t\t<div class=\"elementor-icon-box-wrapper\">\n\n\t\t\t\n\t\t\t\t\t\t<div class=\"elementor-icon-box-content\">\n\n\t\t\t\t\n\t\t\t\t\t\t\t\t\t<p class=\"elementor-icon-box-description\">\n\t\t\t\t\t\tBen\u00f6tigen Sie eine Kl\u00e4rung?<br>\nRufen Sie uns an unter 0464 557809, schreiben Sie uns in den Chat oder schicken Sie uns eine E-Mail.\t\t\t\t\t<\/p>\n\t\t\t\t\n\t\t\t<\/div>\n\t\t\t\n\t\t<\/div>\n\t\t\t\t\t\t<\/div>\n\t\t\t\t<\/div>\n\t\t\t\t<\/div>\n\t\t<div class=\"elementor-element elementor-element-f42dcda e-con-full e-flex e-con e-child\" data-id=\"f42dcda\" data-element_type=\"container\" data-e-type=\"container\">\n\t\t\t\t<div class=\"elementor-element elementor-element-6a78909 elementor-widget elementor-widget-image\" data-id=\"6a78909\" data-element_type=\"widget\" data-e-type=\"widget\" data-widget_type=\"image.default\">\n\t\t\t\t<div class=\"elementor-widget-container\">\n\t\t\t\t\t\t\t\t\t\t\t\t\t\t\t<img decoding=\"async\" width=\"1620\" height=\"1080\" src=\"https:\/\/hotellidoblu.it\/wp-content\/uploads\/2025\/03\/Auto-con-tubo-attaccato.webp\" class=\"attachment-full size-full wp-image-1777\" alt=\"\" srcset=\"https:\/\/hotellidoblu.it\/wp-content\/uploads\/2025\/03\/Auto-con-tubo-attaccato.webp 1620w, https:\/\/hotellidoblu.it\/wp-content\/uploads\/2025\/03\/Auto-con-tubo-attaccato-300x200.webp 300w, https:\/\/hotellidoblu.it\/wp-content\/uploads\/2025\/03\/Auto-con-tubo-attaccato-1024x683.webp 1024w, https:\/\/hotellidoblu.it\/wp-content\/uploads\/2025\/03\/Auto-con-tubo-attaccato-768x512.webp 768w, https:\/\/hotellidoblu.it\/wp-content\/uploads\/2025\/03\/Auto-con-tubo-attaccato-1536x1024.webp 1536w\" sizes=\"(max-width: 1620px) 100vw, 1620px\" \/>\t\t\t\t\t\t\t\t\t\t\t\t\t\t\t<\/div>\n\t\t\t\t<\/div>\n\t\t\t\t<\/div>\n\t\t\t\t<\/div>\n\t\t\t\t\t<\/div>\n\t\t\t\t<\/div>\n\t\t<div class=\"elementor-element elementor-element-0b9a52d e-con-full e-flex e-con e-parent\" data-id=\"0b9a52d\" data-element_type=\"container\" data-e-type=\"container\">\n\t\t\t\t<div class=\"elementor-element elementor-element-d02104e elementor-widget__width-inherit elementor-widget elementor-widget-shortcode\" data-id=\"d02104e\" data-element_type=\"widget\" data-e-type=\"widget\" data-widget_type=\"shortcode.default\">\n\t\t\t\t<div class=\"elementor-widget-container\">\n\t\t\t\t\t\t\t<div class=\"elementor-shortcode\">\n<div class=\"conver-widget-v2\"\n     data-instance=\"conver-v2-1\">\n\n  <div class=\"chat-container\" id=\"chat-section\">\n\n    <div class=\"chat-header\">\n      <div class=\"chat-header-logo\">\n        <img decoding=\"async\"\n          src=\"https:\/\/hotellidoblu.it\/wp-content\/themes\/jampaa\/template-parts\/ricerca-conversazionale-v2\/assets\/img\/logo-ricerca-conv.png\"\n          alt=\"\"\n        >\n        <span>Hallo<\/span>\n      <\/div>\n\n      <h2>Womit fangen wir an?<\/h2>\n    <\/div>\n\n    <!-- Chat -->\n    <div class=\"chat-box\"><\/div>\n\n    <!-- Loading -->\n    <div class=\"loading-conver hidden\" aria-hidden=\"true\">\n      <div class=\"dot\"><\/div><div class=\"dot\"><\/div><div class=\"dot\"><\/div>\n    <\/div>\n\n    <!-- Input -->\n    <div class=\"input-area-conver-wrapper\">\n      <div class=\"input-area-conver\">\n        <textarea\n          class=\"user-input-conver\"\n          placeholder=\"Stelle eine Frage...\"\n          rows=\"1\"\n        ><\/textarea>\n\n        <div class=\"box-btn-conver\">\n          <a class=\"send-btn-conver\" href=\"#\" role=\"button\" aria-label=\"AI Search\">\n            <i class=\"fa-light fa-magnifying-glass icon-search\" aria-hidden=\"true\"><\/i>\n            <i class=\"fa-regular fa-arrow-up icon-send hidden\" aria-hidden=\"true\"><\/i>\n            <span class=\"ai-search-text\">AI Search<\/span>\n          <\/a>\n\n          <i class=\"fa-light fa-close icon-erase hidden\" aria-hidden=\"true\"><\/i>\n        <\/div>\n      <\/div>\n    <\/div>\n    <span class=\"show-quick-questions hidden\">Zeige schnelle Fragen<\/span>\n\n    <!-- Domande rapide -->\n    <div class=\"entry-chats-wrapper\">\n      <button type=\"button\" class=\"entry-chat\" data-prompt=\"Ein Zimmer f\u00fcr zwei Personen buchen\">\n        Ein Zimmer f\u00fcr zwei Personen buchen      <\/button>\n\n      <button type=\"button\" class=\"entry-chat\" data-prompt=\"Sonderangebote entdecken\">\n        Sonderangebote entdecken      <\/button>\n\n      <button type=\"button\" class=\"entry-chat\" data-prompt=\"Zimmer entdecken\">\n        Zimmer entdecken      <\/button>\n\n      <button type=\"button\" class=\"entry-chat\" data-prompt=\"Wellnessbereich \u201eBlu Spa\u201c entdecken\">\n        Wellnessbereich \u201eBlu Spa\u201c entdecken      <\/button>\n    <\/div>\n\n  <\/div>\n<\/div><\/div>\n\t\t\t\t\t\t<\/div>\n\t\t\t\t<\/div>\n\t\t\t\t<\/div>\n\t\t<div class=\"elementor-element elementor-element-027e5db e-flex e-con-boxed e-con e-parent\" data-id=\"027e5db\" data-element_type=\"container\" data-e-type=\"container\">\n\t\t\t\t\t<div class=\"e-con-inner\">\n\t\t\t\t<div class=\"elementor-element elementor-element-e7252e2 elementor-widget elementor-widget-heading\" data-id=\"e7252e2\" data-element_type=\"widget\" data-e-type=\"widget\" data-widget_type=\"heading.default\">\n\t\t\t\t<div class=\"elementor-widget-container\">\n\t\t\t\t\t<h2 class=\"elementor-heading-title elementor-size-default\">K\u00f6nnte f\u00fcr dich interessant sein\u200b<\/h2>\t\t\t\t<\/div>\n\t\t\t\t<\/div>\n\t\t\t\t<div class=\"elementor-element elementor-element-b0f626a elementor-widget elementor-widget-shortcode\" data-id=\"b0f626a\" data-element_type=\"widget\" data-e-type=\"widget\" data-widget_type=\"shortcode.default\">\n\t\t\t\t<div class=\"elementor-widget-container\">\n\t\t\t\t\t\t\t<div class=\"elementor-shortcode\">    <div class=\"pagine-correlate\">\n                    <div class=\"pagina-correlata\">\n                <a href=\"https:\/\/hotellidoblu.it\/de\/hotel\/\">\n                    <div class=\"img-related-page\">\n                                                                            <img decoding=\"async\" src=\"https:\/\/hotellidoblu.it\/wp-content\/uploads\/2025\/03\/Vista-sul-lago-con-edifici-e-alberi.webp\" alt=\"Hotel\">\n                                            <\/div>\n                    <div class=\"text-related-page\">\n                        <h3>Hotel<\/h3>\n                        <span class=\"read-more\">Jetzt herausfinden<\/span>\n                    <\/div>\n                <\/a>\n            <\/div>\n                    <div class=\"pagina-correlata\">\n                <a href=\"https:\/\/hotellidoblu.it\/de\/camere\/\">\n                    <div class=\"img-related-page\">\n                                                                            <img decoding=\"async\" src=\"https:\/\/hotellidoblu.it\/wp-content\/uploads\/2025\/03\/Camera-con-grande-finestra-2.webp\" alt=\"Zimmer\">\n                                            <\/div>\n                    <div class=\"text-related-page\">\n                        <h3>Zimmer<\/h3>\n                        <span class=\"read-more\">Jetzt herausfinden<\/span>\n                    <\/div>\n                <\/a>\n            <\/div>\n                    <div class=\"pagina-correlata\">\n                <a href=\"https:\/\/hotellidoblu.it\/de\/strand\/\">\n                    <div class=\"img-related-page\">\n                                                                            <img decoding=\"async\" src=\"https:\/\/hotellidoblu.it\/wp-content\/uploads\/2025\/03\/Spiaggia-rocciosa-con-montagne-sullo-sfondo-1.webp\" alt=\"Strand\">\n                                            <\/div>\n                    <div class=\"text-related-page\">\n                        <h3>Strand<\/h3>\n                        <span class=\"read-more\">Jetzt herausfinden<\/span>\n                    <\/div>\n                <\/a>\n            <\/div>\n            <\/div>\n<\/div>\n\t\t\t\t\t\t<\/div>\n\t\t\t\t<\/div>\n\t\t\t\t\t<\/div>\n\t\t\t\t<\/div>\n\t\t\t\t<\/div>\n\t\t","protected":false},"excerpt":{"rendered":"<p>Leistungen Wenn Sie direkt auf unserer Website, telefonisch oder durch Email buchen, sind folgende Serviceleistungen inklusive! Privatgarten direkt am See mit Liegest\u00fchle und Sonnenschirmen Beheiztes Hallenbad Wellness Center Blu Spa Abstellraum f\u00fcr Mountainbikes Abstellraum f\u00fcr Windsurf-Ausr\u00fcstung Bewachter, hoteleigener Parkplatz Ladestation f\u00fcr Elektroautos Fahrradverleih f\u00fcr unsere G\u00e4ste Kostenloses Wifi im Zimmer und Hotel Mountainbike und Trekking [&hellip;]<\/p>\n","protected":false},"author":2,"featured_media":2010,"parent":0,"menu_order":0,"comment_status":"closed","ping_status":"closed","template":"","meta":{"_acf_changed":false,"footnotes":""},"class_list":["post-3138","page","type-page","status-publish","has-post-thumbnail","hentry"],"acf":[],"yoast_head":"<!-- This site is optimized with the Yoast SEO plugin v27.2 - https:\/\/yoast.com\/product\/yoast-seo-wordpress\/ -->\n<title>Exklusive Services f\u00fcr deinen Aufenthalt | Hotel Lido Blu<\/title>\n<meta name=\"description\" content=\"Genie\u00dfe deinen Urlaub mit Pool, Wellnessbereich, Privatparkplatz und Ladestation f\u00fcr Elektroautos. Buche \u00fcber unsere Website und erlebe etwas ganz Besonderes!\" \/>\n<meta name=\"robots\" content=\"index, follow, max-snippet:-1, max-image-preview:large, max-video-preview:-1\" \/>\n<link rel=\"canonical\" href=\"https:\/\/hotellidoblu.it\/de\/inklusive-services\/\" \/>\n<meta property=\"og:locale\" content=\"de_DE\" \/>\n<meta property=\"og:type\" content=\"article\" \/>\n<meta property=\"og:title\" content=\"Exklusive Services f\u00fcr deinen Aufenthalt | Hotel Lido Blu\" \/>\n<meta property=\"og:description\" content=\"Genie\u00dfe deinen Urlaub mit Pool, Wellnessbereich, Privatparkplatz und Ladestation f\u00fcr Elektroautos. Buche \u00fcber unsere Website und erlebe etwas ganz Besonderes!\" \/>\n<meta property=\"og:url\" content=\"https:\/\/hotellidoblu.it\/de\/inklusive-services\/\" \/>\n<meta property=\"og:site_name\" content=\"Hotel Lido Blu\" \/>\n<meta property=\"article:modified_time\" content=\"2026-02-17T14:25:21+00:00\" \/>\n<meta property=\"og:image\" content=\"https:\/\/hotellidoblu.it\/wp-content\/uploads\/2025\/03\/Sedie-e-ombrelloni-su-un-prato.webp\" \/>\n\t<meta property=\"og:image:width\" content=\"1620\" \/>\n\t<meta property=\"og:image:height\" content=\"1080\" \/>\n\t<meta property=\"og:image:type\" content=\"image\/webp\" \/>\n<meta name=\"twitter:card\" content=\"summary_large_image\" \/>\n<meta name=\"twitter:label1\" content=\"Gesch\u00e4tzte Lesezeit\" \/>\n\t<meta name=\"twitter:data1\" content=\"2\u00a0Minuten\" \/>\n<script type=\"application\/ld+json\" class=\"yoast-schema-graph\">{\"@context\":\"https:\/\/schema.org\",\"@graph\":[{\"@type\":\"WebPage\",\"@id\":\"https:\/\/hotellidoblu.it\/de\/inklusive-services\/\",\"url\":\"https:\/\/hotellidoblu.it\/de\/inklusive-services\/\",\"name\":\"Exklusive Services f\u00fcr deinen Aufenthalt | Hotel Lido Blu\",\"isPartOf\":{\"@id\":\"https:\/\/hotellidoblu.it\/de\/#website\"},\"primaryImageOfPage\":{\"@id\":\"https:\/\/hotellidoblu.it\/de\/inklusive-services\/#primaryimage\"},\"image\":{\"@id\":\"https:\/\/hotellidoblu.it\/de\/inklusive-services\/#primaryimage\"},\"thumbnailUrl\":\"https:\/\/hotellidoblu.it\/wp-content\/uploads\/2025\/03\/Sedie-e-ombrelloni-su-un-prato.webp\",\"datePublished\":\"2025-03-21T13:11:36+00:00\",\"dateModified\":\"2026-02-17T14:25:21+00:00\",\"description\":\"Genie\u00dfe deinen Urlaub mit Pool, Wellnessbereich, Privatparkplatz und Ladestation f\u00fcr Elektroautos. Buche \u00fcber unsere Website und erlebe etwas ganz Besonderes!\",\"breadcrumb\":{\"@id\":\"https:\/\/hotellidoblu.it\/de\/inklusive-services\/#breadcrumb\"},\"inLanguage\":\"de\",\"potentialAction\":[{\"@type\":\"ReadAction\",\"target\":[\"https:\/\/hotellidoblu.it\/de\/inklusive-services\/\"]}]},{\"@type\":\"ImageObject\",\"inLanguage\":\"de\",\"@id\":\"https:\/\/hotellidoblu.it\/de\/inklusive-services\/#primaryimage\",\"url\":\"https:\/\/hotellidoblu.it\/wp-content\/uploads\/2025\/03\/Sedie-e-ombrelloni-su-un-prato.webp\",\"contentUrl\":\"https:\/\/hotellidoblu.it\/wp-content\/uploads\/2025\/03\/Sedie-e-ombrelloni-su-un-prato.webp\",\"width\":1620,\"height\":1080},{\"@type\":\"BreadcrumbList\",\"@id\":\"https:\/\/hotellidoblu.it\/de\/inklusive-services\/#breadcrumb\",\"itemListElement\":[{\"@type\":\"ListItem\",\"position\":1,\"name\":\"Home\",\"item\":\"https:\/\/hotellidoblu.it\/de\/\"},{\"@type\":\"ListItem\",\"position\":2,\"name\":\"Inklusive Services\"}]},{\"@type\":\"WebSite\",\"@id\":\"https:\/\/hotellidoblu.it\/de\/#website\",\"url\":\"https:\/\/hotellidoblu.it\/de\/\",\"name\":\"Hotel Lido Blu\",\"description\":\"\",\"potentialAction\":[{\"@type\":\"SearchAction\",\"target\":{\"@type\":\"EntryPoint\",\"urlTemplate\":\"https:\/\/hotellidoblu.it\/de\/?s={search_term_string}\"},\"query-input\":{\"@type\":\"PropertyValueSpecification\",\"valueRequired\":true,\"valueName\":\"search_term_string\"}}],\"inLanguage\":\"de\"}]}<\/script>\n<!-- \/ Yoast SEO plugin. -->","yoast_head_json":{"title":"Exklusive Services f\u00fcr deinen Aufenthalt | Hotel Lido Blu","description":"Genie\u00dfe deinen Urlaub mit Pool, Wellnessbereich, Privatparkplatz und Ladestation f\u00fcr Elektroautos. Buche \u00fcber unsere Website und erlebe etwas ganz Besonderes!","robots":{"index":"index","follow":"follow","max-snippet":"max-snippet:-1","max-image-preview":"max-image-preview:large","max-video-preview":"max-video-preview:-1"},"canonical":"https:\/\/hotellidoblu.it\/de\/inklusive-services\/","og_locale":"de_DE","og_type":"article","og_title":"Exklusive Services f\u00fcr deinen Aufenthalt | Hotel Lido Blu","og_description":"Genie\u00dfe deinen Urlaub mit Pool, Wellnessbereich, Privatparkplatz und Ladestation f\u00fcr Elektroautos. Buche \u00fcber unsere Website und erlebe etwas ganz Besonderes!","og_url":"https:\/\/hotellidoblu.it\/de\/inklusive-services\/","og_site_name":"Hotel Lido Blu","article_modified_time":"2026-02-17T14:25:21+00:00","og_image":[{"width":1620,"height":1080,"url":"https:\/\/hotellidoblu.it\/wp-content\/uploads\/2025\/03\/Sedie-e-ombrelloni-su-un-prato.webp","type":"image\/webp"}],"twitter_card":"summary_large_image","twitter_misc":{"Gesch\u00e4tzte Lesezeit":"2\u00a0Minuten"},"schema":{"@context":"https:\/\/schema.org","@graph":[{"@type":"WebPage","@id":"https:\/\/hotellidoblu.it\/de\/inklusive-services\/","url":"https:\/\/hotellidoblu.it\/de\/inklusive-services\/","name":"Exklusive Services f\u00fcr deinen Aufenthalt | Hotel Lido Blu","isPartOf":{"@id":"https:\/\/hotellidoblu.it\/de\/#website"},"primaryImageOfPage":{"@id":"https:\/\/hotellidoblu.it\/de\/inklusive-services\/#primaryimage"},"image":{"@id":"https:\/\/hotellidoblu.it\/de\/inklusive-services\/#primaryimage"},"thumbnailUrl":"https:\/\/hotellidoblu.it\/wp-content\/uploads\/2025\/03\/Sedie-e-ombrelloni-su-un-prato.webp","datePublished":"2025-03-21T13:11:36+00:00","dateModified":"2026-02-17T14:25:21+00:00","description":"Genie\u00dfe deinen Urlaub mit Pool, Wellnessbereich, Privatparkplatz und Ladestation f\u00fcr Elektroautos. Buche \u00fcber unsere Website und erlebe etwas ganz Besonderes!","breadcrumb":{"@id":"https:\/\/hotellidoblu.it\/de\/inklusive-services\/#breadcrumb"},"inLanguage":"de","potentialAction":[{"@type":"ReadAction","target":["https:\/\/hotellidoblu.it\/de\/inklusive-services\/"]}]},{"@type":"ImageObject","inLanguage":"de","@id":"https:\/\/hotellidoblu.it\/de\/inklusive-services\/#primaryimage","url":"https:\/\/hotellidoblu.it\/wp-content\/uploads\/2025\/03\/Sedie-e-ombrelloni-su-un-prato.webp","contentUrl":"https:\/\/hotellidoblu.it\/wp-content\/uploads\/2025\/03\/Sedie-e-ombrelloni-su-un-prato.webp","width":1620,"height":1080},{"@type":"BreadcrumbList","@id":"https:\/\/hotellidoblu.it\/de\/inklusive-services\/#breadcrumb","itemListElement":[{"@type":"ListItem","position":1,"name":"Home","item":"https:\/\/hotellidoblu.it\/de\/"},{"@type":"ListItem","position":2,"name":"Inklusive Services"}]},{"@type":"WebSite","@id":"https:\/\/hotellidoblu.it\/de\/#website","url":"https:\/\/hotellidoblu.it\/de\/","name":"Hotel Lido Blu","description":"","potentialAction":[{"@type":"SearchAction","target":{"@type":"EntryPoint","urlTemplate":"https:\/\/hotellidoblu.it\/de\/?s={search_term_string}"},"query-input":{"@type":"PropertyValueSpecification","valueRequired":true,"valueName":"search_term_string"}}],"inLanguage":"de"}]}},"_links":{"self":[{"href":"https:\/\/hotellidoblu.it\/de\/wp-json\/wp\/v2\/pages\/3138","targetHints":{"allow":["GET"]}}],"collection":[{"href":"https:\/\/hotellidoblu.it\/de\/wp-json\/wp\/v2\/pages"}],"about":[{"href":"https:\/\/hotellidoblu.it\/de\/wp-json\/wp\/v2\/types\/page"}],"author":[{"embeddable":true,"href":"https:\/\/hotellidoblu.it\/de\/wp-json\/wp\/v2\/users\/2"}],"replies":[{"embeddable":true,"href":"https:\/\/hotellidoblu.it\/de\/wp-json\/wp\/v2\/comments?post=3138"}],"version-history":[{"count":3,"href":"https:\/\/hotellidoblu.it\/de\/wp-json\/wp\/v2\/pages\/3138\/revisions"}],"predecessor-version":[{"id":5295,"href":"https:\/\/hotellidoblu.it\/de\/wp-json\/wp\/v2\/pages\/3138\/revisions\/5295"}],"wp:featuredmedia":[{"embeddable":true,"href":"https:\/\/hotellidoblu.it\/de\/wp-json\/wp\/v2\/media\/2010"}],"wp:attachment":[{"href":"https:\/\/hotellidoblu.it\/de\/wp-json\/wp\/v2\/media?parent=3138"}],"curies":[{"name":"wp","href":"https:\/\/api.w.org\/{rel}","templated":true}]}}