{"id":3155,"date":"2025-03-21T14:46:18","date_gmt":"2025-03-21T14:46:18","guid":{"rendered":"https:\/\/lidoblu.promoservicebeta.com\/torbole\/"},"modified":"2026-02-17T14:29:17","modified_gmt":"2026-02-17T14:29:17","slug":"torbole","status":"publish","type":"page","link":"https:\/\/hotellidoblu.it\/de\/torbole\/","title":{"rendered":"Torbole"},"content":{"rendered":"\t\t<div data-elementor-type=\"wp-page\" data-elementor-id=\"3155\" class=\"elementor elementor-3155 elementor-1270\" data-elementor-post-type=\"page\">\n\t\t\t\t<div class=\"elementor-element elementor-element-d931692 e-flex e-con-boxed e-con e-parent\" data-id=\"d931692\" data-element_type=\"container\" data-e-type=\"container\">\n\t\t\t\t\t<div class=\"e-con-inner\">\n\t\t\t\t<div class=\"elementor-element elementor-element-5e98a9c elementor-widget elementor-widget-heading\" data-id=\"5e98a9c\" data-element_type=\"widget\" data-e-type=\"widget\" data-widget_type=\"heading.default\">\n\t\t\t\t<div class=\"elementor-widget-container\">\n\t\t\t\t\t<h1 class=\"elementor-heading-title elementor-size-default\">Torbole<\/h1>\t\t\t\t<\/div>\n\t\t\t\t<\/div>\n\t\t\t\t\t<\/div>\n\t\t\t\t<\/div>\n\t\t<div class=\"elementor-element elementor-element-a0975ef e-flex e-con-boxed e-con e-parent\" data-id=\"a0975ef\" data-element_type=\"container\" data-e-type=\"container\">\n\t\t\t\t\t<div class=\"e-con-inner\">\n\t\t<div class=\"elementor-element elementor-element-495996d e-con-full e-flex e-con e-child\" data-id=\"495996d\" data-element_type=\"container\" data-e-type=\"container\">\n\t\t\t\t<div class=\"elementor-element elementor-element-b412b8b elementor-widget elementor-widget-image\" data-id=\"b412b8b\" data-element_type=\"widget\" data-e-type=\"widget\" data-widget_type=\"image.default\">\n\t\t\t\t<div class=\"elementor-widget-container\">\n\t\t\t\t\t\t\t\t\t\t\t\t\t\t\t<img fetchpriority=\"high\" decoding=\"async\" width=\"1623\" height=\"1080\" src=\"https:\/\/hotellidoblu.it\/wp-content\/uploads\/2025\/03\/Paesaggio-di-montagne-sullo-sfondo-di-un-corpo-dacqua.webp\" class=\"attachment-full size-full wp-image-2415\" alt=\"\" srcset=\"https:\/\/hotellidoblu.it\/wp-content\/uploads\/2025\/03\/Paesaggio-di-montagne-sullo-sfondo-di-un-corpo-dacqua.webp 1623w, https:\/\/hotellidoblu.it\/wp-content\/uploads\/2025\/03\/Paesaggio-di-montagne-sullo-sfondo-di-un-corpo-dacqua-300x200.webp 300w, https:\/\/hotellidoblu.it\/wp-content\/uploads\/2025\/03\/Paesaggio-di-montagne-sullo-sfondo-di-un-corpo-dacqua-1024x681.webp 1024w, https:\/\/hotellidoblu.it\/wp-content\/uploads\/2025\/03\/Paesaggio-di-montagne-sullo-sfondo-di-un-corpo-dacqua-768x511.webp 768w, https:\/\/hotellidoblu.it\/wp-content\/uploads\/2025\/03\/Paesaggio-di-montagne-sullo-sfondo-di-un-corpo-dacqua-1536x1022.webp 1536w\" sizes=\"(max-width: 1623px) 100vw, 1623px\" \/>\t\t\t\t\t\t\t\t\t\t\t\t\t\t\t<\/div>\n\t\t\t\t<\/div>\n\t\t\t\t<\/div>\n\t\t<div class=\"elementor-element elementor-element-06a8b1f e-con-full e-flex e-con e-child\" data-id=\"06a8b1f\" data-element_type=\"container\" data-e-type=\"container\">\n\t\t\t\t<div class=\"elementor-element elementor-element-07cda76 elementor-widget elementor-widget-text-editor\" data-id=\"07cda76\" data-element_type=\"widget\" data-e-type=\"widget\" data-widget_type=\"text-editor.default\">\n\t\t\t\t<div class=\"elementor-widget-container\">\n\t\t\t\t\t\t\t\t\t<p>Das urspr\u00fcngliche Fischerdorf Torbole mit seinem malerischen kleinen Hafen hat sich in den letzten Jahren zu einem wahren Mekka f\u00fcr Sportler, Windsurfer, Segler und Mountainbiker entwickelt. Zahlreiche Familien mit Kindern, Gruppen sowie P\u00e4rchen auf der Suche nach einem romantischen Wochenende sind hier anzutreffen. Neben weitl\u00e4ufigen Str\u00e4nden, kristallklarem Wasser und einer angenehmen, sommerlichen Brise erwartet unsere G\u00e4ste eine eindrucksvolle Bergwelt mit sch\u00f6nen Wanderrouten und Radstrecken.<\/p>\t\t\t\t\t\t\t\t<\/div>\n\t\t\t\t<\/div>\n\t\t\t\t<div class=\"elementor-element elementor-element-8923562 elementor-hidden-mobile elementor-widget elementor-widget-image\" data-id=\"8923562\" data-element_type=\"widget\" data-e-type=\"widget\" data-widget_type=\"image.default\">\n\t\t\t\t<div class=\"elementor-widget-container\">\n\t\t\t\t\t\t\t\t\t\t\t\t\t\t\t<img decoding=\"async\" width=\"1441\" height=\"1080\" src=\"https:\/\/hotellidoblu.it\/wp-content\/uploads\/2025\/03\/Lago-di-montagna.webp\" class=\"attachment-full size-full wp-image-2418\" alt=\"\" srcset=\"https:\/\/hotellidoblu.it\/wp-content\/uploads\/2025\/03\/Lago-di-montagna.webp 1441w, https:\/\/hotellidoblu.it\/wp-content\/uploads\/2025\/03\/Lago-di-montagna-300x225.webp 300w, https:\/\/hotellidoblu.it\/wp-content\/uploads\/2025\/03\/Lago-di-montagna-1024x767.webp 1024w, https:\/\/hotellidoblu.it\/wp-content\/uploads\/2025\/03\/Lago-di-montagna-768x576.webp 768w\" sizes=\"(max-width: 1441px) 100vw, 1441px\" \/>\t\t\t\t\t\t\t\t\t\t\t\t\t\t\t<\/div>\n\t\t\t\t<\/div>\n\t\t\t\t<\/div>\n\t\t\t\t\t<\/div>\n\t\t\t\t<\/div>\n\t\t<div class=\"elementor-element elementor-element-6635472 e-flex e-con-boxed e-con e-parent\" data-id=\"6635472\" data-element_type=\"container\" data-e-type=\"container\">\n\t\t\t\t\t<div class=\"e-con-inner\">\n\t\t<div class=\"elementor-element elementor-element-cab0dfa e-con-full e-flex e-con e-child\" data-id=\"cab0dfa\" data-element_type=\"container\" data-e-type=\"container\">\n\t\t\t\t<div class=\"elementor-element elementor-element-c60256d elementor-widget elementor-widget-image\" data-id=\"c60256d\" data-element_type=\"widget\" data-e-type=\"widget\" data-widget_type=\"image.default\">\n\t\t\t\t<div class=\"elementor-widget-container\">\n\t\t\t\t\t\t\t\t\t\t\t\t\t\t\t<img decoding=\"async\" width=\"1620\" height=\"1080\" src=\"https:\/\/hotellidoblu.it\/wp-content\/uploads\/2025\/03\/Uomo-in-bicicletta-su-strada-sterrata-con-montagne-sullo-sfondo-2.webp\" class=\"attachment-full size-full wp-image-2421\" alt=\"\" srcset=\"https:\/\/hotellidoblu.it\/wp-content\/uploads\/2025\/03\/Uomo-in-bicicletta-su-strada-sterrata-con-montagne-sullo-sfondo-2.webp 1620w, https:\/\/hotellidoblu.it\/wp-content\/uploads\/2025\/03\/Uomo-in-bicicletta-su-strada-sterrata-con-montagne-sullo-sfondo-2-300x200.webp 300w, https:\/\/hotellidoblu.it\/wp-content\/uploads\/2025\/03\/Uomo-in-bicicletta-su-strada-sterrata-con-montagne-sullo-sfondo-2-1024x683.webp 1024w, https:\/\/hotellidoblu.it\/wp-content\/uploads\/2025\/03\/Uomo-in-bicicletta-su-strada-sterrata-con-montagne-sullo-sfondo-2-768x512.webp 768w, https:\/\/hotellidoblu.it\/wp-content\/uploads\/2025\/03\/Uomo-in-bicicletta-su-strada-sterrata-con-montagne-sullo-sfondo-2-1536x1024.webp 1536w\" sizes=\"(max-width: 1620px) 100vw, 1620px\" \/>\t\t\t\t\t\t\t\t\t\t\t\t\t\t\t<\/div>\n\t\t\t\t<\/div>\n\t\t\t\t<\/div>\n\t\t<div class=\"elementor-element elementor-element-cb47518 e-con-full e-flex e-con e-child\" data-id=\"cb47518\" data-element_type=\"container\" data-e-type=\"container\">\n\t\t\t\t<div class=\"elementor-element elementor-element-fa415fe elementor-widget elementor-widget-text-editor\" data-id=\"fa415fe\" data-element_type=\"widget\" data-e-type=\"widget\" data-widget_type=\"text-editor.default\">\n\t\t\t\t<div class=\"elementor-widget-container\">\n\t\t\t\t\t\t\t\t\t<p>Dazu kommen Angebote wie Minigolf, der neue Kletterpark Busatte Adventure, Beach-Volleyball-Pl\u00e4tze und die moderne Garda Thermen. Zahlreiche Bars und Eisdielen laden dazu ein, sich mit Freunden zu treffen und gute Musik zu h\u00f6ren. Das Bike Festival, die M\u00e4rchennacht \u201eNotte di Fiaba\u201c, das Kletterevent \u201eRock Master\u201c, Segelregatten und Beach Parties sind nur einige der Veranstaltungen, die Sie w\u00e4hrend Ihres Urlaubs erleben k\u00f6nnen.<\/p>\t\t\t\t\t\t\t\t<\/div>\n\t\t\t\t<\/div>\n\t\t\t\t<div class=\"elementor-element elementor-element-71a54a8 elementor-hidden-mobile elementor-widget elementor-widget-image\" data-id=\"71a54a8\" data-element_type=\"widget\" data-e-type=\"widget\" data-widget_type=\"image.default\">\n\t\t\t\t<div class=\"elementor-widget-container\">\n\t\t\t\t\t\t\t\t\t\t\t\t\t\t\t<img loading=\"lazy\" decoding=\"async\" width=\"1623\" height=\"1080\" src=\"https:\/\/hotellidoblu.it\/wp-content\/uploads\/2025\/03\/Paesaggio-costiero-con-montagne.webp\" class=\"attachment-full size-full wp-image-2424\" alt=\"\" srcset=\"https:\/\/hotellidoblu.it\/wp-content\/uploads\/2025\/03\/Paesaggio-costiero-con-montagne.webp 1623w, https:\/\/hotellidoblu.it\/wp-content\/uploads\/2025\/03\/Paesaggio-costiero-con-montagne-300x200.webp 300w, https:\/\/hotellidoblu.it\/wp-content\/uploads\/2025\/03\/Paesaggio-costiero-con-montagne-1024x681.webp 1024w, https:\/\/hotellidoblu.it\/wp-content\/uploads\/2025\/03\/Paesaggio-costiero-con-montagne-768x511.webp 768w, https:\/\/hotellidoblu.it\/wp-content\/uploads\/2025\/03\/Paesaggio-costiero-con-montagne-1536x1022.webp 1536w\" sizes=\"(max-width: 1623px) 100vw, 1623px\" \/>\t\t\t\t\t\t\t\t\t\t\t\t\t\t\t<\/div>\n\t\t\t\t<\/div>\n\t\t\t\t<\/div>\n\t\t\t\t\t<\/div>\n\t\t\t\t<\/div>\n\t\t<div class=\"elementor-element elementor-element-1bf1a2d e-con-full e-flex e-con e-parent\" data-id=\"1bf1a2d\" data-element_type=\"container\" data-e-type=\"container\">\n\t\t\t\t<div class=\"elementor-element elementor-element-a1214ab elementor-widget__width-inherit elementor-widget elementor-widget-shortcode\" data-id=\"a1214ab\" data-element_type=\"widget\" data-e-type=\"widget\" data-widget_type=\"shortcode.default\">\n\t\t\t\t<div class=\"elementor-widget-container\">\n\t\t\t\t\t\t\t<div class=\"elementor-shortcode\">\n<div class=\"conver-widget-v2\"\n     data-instance=\"conver-v2-1\">\n\n  <div class=\"chat-container\" id=\"chat-section\">\n\n    <div class=\"chat-header\">\n      <div class=\"chat-header-logo\">\n        <img decoding=\"async\"\n          src=\"https:\/\/hotellidoblu.it\/wp-content\/themes\/jampaa\/template-parts\/ricerca-conversazionale-v2\/assets\/img\/logo-ricerca-conv.png\"\n          alt=\"\"\n        >\n        <span>Hallo<\/span>\n      <\/div>\n\n      <h2>Womit fangen wir an?<\/h2>\n    <\/div>\n\n    <!-- Chat -->\n    <div class=\"chat-box\"><\/div>\n\n    <!-- Loading -->\n    <div class=\"loading-conver hidden\" aria-hidden=\"true\">\n      <div class=\"dot\"><\/div><div class=\"dot\"><\/div><div class=\"dot\"><\/div>\n    <\/div>\n\n    <!-- Input -->\n    <div class=\"input-area-conver-wrapper\">\n      <div class=\"input-area-conver\">\n        <textarea\n          class=\"user-input-conver\"\n          placeholder=\"Stelle eine Frage...\"\n          rows=\"1\"\n        ><\/textarea>\n\n        <div class=\"box-btn-conver\">\n          <a class=\"send-btn-conver\" href=\"#\" role=\"button\" aria-label=\"AI Search\">\n            <i class=\"fa-light fa-magnifying-glass icon-search\" aria-hidden=\"true\"><\/i>\n            <i class=\"fa-regular fa-arrow-up icon-send hidden\" aria-hidden=\"true\"><\/i>\n            <span class=\"ai-search-text\">AI Search<\/span>\n          <\/a>\n\n          <i class=\"fa-light fa-close icon-erase hidden\" aria-hidden=\"true\"><\/i>\n        <\/div>\n      <\/div>\n    <\/div>\n    <span class=\"show-quick-questions hidden\">Zeige schnelle Fragen<\/span>\n\n    <!-- Domande rapide -->\n    <div class=\"entry-chats-wrapper\">\n      <button type=\"button\" class=\"entry-chat\" data-prompt=\"Ein Zimmer f\u00fcr zwei Personen buchen\">\n        Ein Zimmer f\u00fcr zwei Personen buchen      <\/button>\n\n      <button type=\"button\" class=\"entry-chat\" data-prompt=\"Sonderangebote entdecken\">\n        Sonderangebote entdecken      <\/button>\n\n      <button type=\"button\" class=\"entry-chat\" data-prompt=\"Zimmer entdecken\">\n        Zimmer entdecken      <\/button>\n\n      <button type=\"button\" class=\"entry-chat\" data-prompt=\"Wellnessbereich \u201eBlu Spa\u201c entdecken\">\n        Wellnessbereich \u201eBlu Spa\u201c entdecken      <\/button>\n    <\/div>\n\n  <\/div>\n<\/div><\/div>\n\t\t\t\t\t\t<\/div>\n\t\t\t\t<\/div>\n\t\t\t\t<\/div>\n\t\t<div class=\"elementor-element elementor-element-c76ab19 e-flex e-con-boxed e-con e-parent\" data-id=\"c76ab19\" data-element_type=\"container\" data-e-type=\"container\">\n\t\t\t\t\t<div class=\"e-con-inner\">\n\t\t\t\t<div class=\"elementor-element elementor-element-67a539b elementor-widget elementor-widget-heading\" data-id=\"67a539b\" data-element_type=\"widget\" data-e-type=\"widget\" data-widget_type=\"heading.default\">\n\t\t\t\t<div class=\"elementor-widget-container\">\n\t\t\t\t\t<h2 class=\"elementor-heading-title elementor-size-default\">K\u00f6nnte f\u00fcr dich interessant sein\u200b<\/h2>\t\t\t\t<\/div>\n\t\t\t\t<\/div>\n\t\t\t\t<div class=\"elementor-element elementor-element-684f039 elementor-widget elementor-widget-shortcode\" data-id=\"684f039\" data-element_type=\"widget\" data-e-type=\"widget\" data-widget_type=\"shortcode.default\">\n\t\t\t\t<div class=\"elementor-widget-container\">\n\t\t\t\t\t\t\t<div class=\"elementor-shortcode\">    <div class=\"pagine-correlate\">\n                    <div class=\"pagina-correlata\">\n                <a href=\"https:\/\/hotellidoblu.it\/de\/surf\/\">\n                    <div class=\"img-related-page\">\n                                                                            <img decoding=\"async\" src=\"https:\/\/hotellidoblu.it\/wp-content\/uploads\/2025\/03\/Gruppo-di-persone-naviga-sul-mare.webp\" alt=\"Surf\">\n                                            <\/div>\n                    <div class=\"text-related-page\">\n                        <h3>Surf<\/h3>\n                        <span class=\"read-more\">Jetzt herausfinden<\/span>\n                    <\/div>\n                <\/a>\n            <\/div>\n                    <div class=\"pagina-correlata\">\n                <a href=\"https:\/\/hotellidoblu.it\/de\/bike\/\">\n                    <div class=\"img-related-page\">\n                                                                            <img decoding=\"async\" src=\"https:\/\/hotellidoblu.it\/wp-content\/uploads\/2025\/03\/Uomo-in-bicicletta-lungo-il-lago.webp\" alt=\"Bike\">\n                                            <\/div>\n                    <div class=\"text-related-page\">\n                        <h3>Bike<\/h3>\n                        <span class=\"read-more\">Jetzt herausfinden<\/span>\n                    <\/div>\n                <\/a>\n            <\/div>\n                    <div class=\"pagina-correlata\">\n                <a href=\"https:\/\/hotellidoblu.it\/de\/wellness\/\">\n                    <div class=\"img-related-page\">\n                                                                            <img decoding=\"async\" src=\"https:\/\/hotellidoblu.it\/wp-content\/uploads\/2025\/03\/Coppia-seduta-in-piscina-di-fronte-alla-montagna.webp\" alt=\"Wellness &amp; Relax\">\n                                            <\/div>\n                    <div class=\"text-related-page\">\n                        <h3>Wellness &amp; Relax<\/h3>\n                        <span class=\"read-more\">Jetzt herausfinden<\/span>\n                    <\/div>\n                <\/a>\n            <\/div>\n                    <div class=\"pagina-correlata\">\n                <a href=\"https:\/\/hotellidoblu.it\/de\/strand\/\">\n                    <div class=\"img-related-page\">\n                                                                            <img decoding=\"async\" src=\"https:\/\/hotellidoblu.it\/wp-content\/uploads\/2025\/03\/Spiaggia-rocciosa-con-montagne-sullo-sfondo-1.webp\" alt=\"Strand\">\n                                            <\/div>\n                    <div class=\"text-related-page\">\n                        <h3>Strand<\/h3>\n                        <span class=\"read-more\">Jetzt herausfinden<\/span>\n                    <\/div>\n                <\/a>\n            <\/div>\n            <\/div>\n<\/div>\n\t\t\t\t\t\t<\/div>\n\t\t\t\t<\/div>\n\t\t\t\t\t<\/div>\n\t\t\t\t<\/div>\n\t\t\t\t<\/div>\n\t\t","protected":false},"excerpt":{"rendered":"<p>Torbole Das urspr\u00fcngliche Fischerdorf Torbole mit seinem malerischen kleinen Hafen hat sich in den letzten Jahren zu einem wahren Mekka f\u00fcr Sportler, Windsurfer, Segler und Mountainbiker entwickelt. Zahlreiche Familien mit Kindern, Gruppen sowie P\u00e4rchen auf der Suche nach einem romantischen Wochenende sind hier anzutreffen. Neben weitl\u00e4ufigen Str\u00e4nden, kristallklarem Wasser und einer angenehmen, sommerlichen Brise erwartet [&hellip;]<\/p>\n","protected":false},"author":2,"featured_media":2741,"parent":0,"menu_order":0,"comment_status":"closed","ping_status":"closed","template":"","meta":{"_acf_changed":false,"footnotes":""},"class_list":["post-3155","page","type-page","status-publish","has-post-thumbnail","hentry"],"acf":[],"yoast_head":"<!-- This site is optimized with the Yoast SEO plugin v27.2 - https:\/\/yoast.com\/product\/yoast-seo-wordpress\/ -->\n<title>Torbole: Sport, Natur und Entspannung am Gardasee | Hotel Lido Blu<\/title>\n<meta name=\"description\" content=\"Str\u00e4nde, Wassersport und Spa\u00df f\u00fcr alle. Entdecke Torbole und seine atemberaubenden Landschaften. Buche deinen Aufenthalt am Gardasee!\" \/>\n<meta name=\"robots\" content=\"index, follow, max-snippet:-1, max-image-preview:large, max-video-preview:-1\" \/>\n<link rel=\"canonical\" href=\"https:\/\/hotellidoblu.it\/de\/torbole\/\" \/>\n<meta property=\"og:locale\" content=\"de_DE\" \/>\n<meta property=\"og:type\" content=\"article\" \/>\n<meta property=\"og:title\" content=\"Torbole: Sport, Natur und Entspannung am Gardasee | Hotel Lido Blu\" \/>\n<meta property=\"og:description\" content=\"Str\u00e4nde, Wassersport und Spa\u00df f\u00fcr alle. Entdecke Torbole und seine atemberaubenden Landschaften. Buche deinen Aufenthalt am Gardasee!\" \/>\n<meta property=\"og:url\" content=\"https:\/\/hotellidoblu.it\/de\/torbole\/\" \/>\n<meta property=\"og:site_name\" content=\"Hotel Lido Blu\" \/>\n<meta property=\"article:modified_time\" content=\"2026-02-17T14:29:17+00:00\" \/>\n<meta property=\"og:image\" content=\"https:\/\/hotellidoblu.it\/wp-content\/uploads\/2025\/04\/b1df7de2db4337057fe30c4a6a68c91b-scaled.webp\" \/>\n\t<meta property=\"og:image:width\" content=\"2560\" \/>\n\t<meta property=\"og:image:height\" content=\"735\" \/>\n\t<meta property=\"og:image:type\" content=\"image\/webp\" \/>\n<meta name=\"twitter:card\" content=\"summary_large_image\" \/>\n<meta name=\"twitter:label1\" content=\"Gesch\u00e4tzte Lesezeit\" \/>\n\t<meta name=\"twitter:data1\" content=\"2\u00a0Minuten\" \/>\n<script type=\"application\/ld+json\" class=\"yoast-schema-graph\">{\"@context\":\"https:\/\/schema.org\",\"@graph\":[{\"@type\":\"WebPage\",\"@id\":\"https:\/\/hotellidoblu.it\/de\/torbole\/\",\"url\":\"https:\/\/hotellidoblu.it\/de\/torbole\/\",\"name\":\"Torbole: Sport, Natur und Entspannung am Gardasee | Hotel Lido Blu\",\"isPartOf\":{\"@id\":\"https:\/\/hotellidoblu.it\/de\/#website\"},\"primaryImageOfPage\":{\"@id\":\"https:\/\/hotellidoblu.it\/de\/torbole\/#primaryimage\"},\"image\":{\"@id\":\"https:\/\/hotellidoblu.it\/de\/torbole\/#primaryimage\"},\"thumbnailUrl\":\"https:\/\/hotellidoblu.it\/wp-content\/uploads\/2025\/04\/b1df7de2db4337057fe30c4a6a68c91b-scaled.webp\",\"datePublished\":\"2025-03-21T14:46:18+00:00\",\"dateModified\":\"2026-02-17T14:29:17+00:00\",\"description\":\"Str\u00e4nde, Wassersport und Spa\u00df f\u00fcr alle. Entdecke Torbole und seine atemberaubenden Landschaften. Buche deinen Aufenthalt am Gardasee!\",\"breadcrumb\":{\"@id\":\"https:\/\/hotellidoblu.it\/de\/torbole\/#breadcrumb\"},\"inLanguage\":\"de\",\"potentialAction\":[{\"@type\":\"ReadAction\",\"target\":[\"https:\/\/hotellidoblu.it\/de\/torbole\/\"]}]},{\"@type\":\"ImageObject\",\"inLanguage\":\"de\",\"@id\":\"https:\/\/hotellidoblu.it\/de\/torbole\/#primaryimage\",\"url\":\"https:\/\/hotellidoblu.it\/wp-content\/uploads\/2025\/04\/b1df7de2db4337057fe30c4a6a68c91b-scaled.webp\",\"contentUrl\":\"https:\/\/hotellidoblu.it\/wp-content\/uploads\/2025\/04\/b1df7de2db4337057fe30c4a6a68c91b-scaled.webp\",\"width\":2560,\"height\":735},{\"@type\":\"BreadcrumbList\",\"@id\":\"https:\/\/hotellidoblu.it\/de\/torbole\/#breadcrumb\",\"itemListElement\":[{\"@type\":\"ListItem\",\"position\":1,\"name\":\"Home\",\"item\":\"https:\/\/hotellidoblu.it\/de\/\"},{\"@type\":\"ListItem\",\"position\":2,\"name\":\"Torbole\"}]},{\"@type\":\"WebSite\",\"@id\":\"https:\/\/hotellidoblu.it\/de\/#website\",\"url\":\"https:\/\/hotellidoblu.it\/de\/\",\"name\":\"Hotel Lido Blu\",\"description\":\"\",\"potentialAction\":[{\"@type\":\"SearchAction\",\"target\":{\"@type\":\"EntryPoint\",\"urlTemplate\":\"https:\/\/hotellidoblu.it\/de\/?s={search_term_string}\"},\"query-input\":{\"@type\":\"PropertyValueSpecification\",\"valueRequired\":true,\"valueName\":\"search_term_string\"}}],\"inLanguage\":\"de\"}]}<\/script>\n<!-- \/ Yoast SEO plugin. -->","yoast_head_json":{"title":"Torbole: Sport, Natur und Entspannung am Gardasee | Hotel Lido Blu","description":"Str\u00e4nde, Wassersport und Spa\u00df f\u00fcr alle. Entdecke Torbole und seine atemberaubenden Landschaften. Buche deinen Aufenthalt am Gardasee!","robots":{"index":"index","follow":"follow","max-snippet":"max-snippet:-1","max-image-preview":"max-image-preview:large","max-video-preview":"max-video-preview:-1"},"canonical":"https:\/\/hotellidoblu.it\/de\/torbole\/","og_locale":"de_DE","og_type":"article","og_title":"Torbole: Sport, Natur und Entspannung am Gardasee | Hotel Lido Blu","og_description":"Str\u00e4nde, Wassersport und Spa\u00df f\u00fcr alle. Entdecke Torbole und seine atemberaubenden Landschaften. Buche deinen Aufenthalt am Gardasee!","og_url":"https:\/\/hotellidoblu.it\/de\/torbole\/","og_site_name":"Hotel Lido Blu","article_modified_time":"2026-02-17T14:29:17+00:00","og_image":[{"width":2560,"height":735,"url":"https:\/\/hotellidoblu.it\/wp-content\/uploads\/2025\/04\/b1df7de2db4337057fe30c4a6a68c91b-scaled.webp","type":"image\/webp"}],"twitter_card":"summary_large_image","twitter_misc":{"Gesch\u00e4tzte Lesezeit":"2\u00a0Minuten"},"schema":{"@context":"https:\/\/schema.org","@graph":[{"@type":"WebPage","@id":"https:\/\/hotellidoblu.it\/de\/torbole\/","url":"https:\/\/hotellidoblu.it\/de\/torbole\/","name":"Torbole: Sport, Natur und Entspannung am Gardasee | Hotel Lido Blu","isPartOf":{"@id":"https:\/\/hotellidoblu.it\/de\/#website"},"primaryImageOfPage":{"@id":"https:\/\/hotellidoblu.it\/de\/torbole\/#primaryimage"},"image":{"@id":"https:\/\/hotellidoblu.it\/de\/torbole\/#primaryimage"},"thumbnailUrl":"https:\/\/hotellidoblu.it\/wp-content\/uploads\/2025\/04\/b1df7de2db4337057fe30c4a6a68c91b-scaled.webp","datePublished":"2025-03-21T14:46:18+00:00","dateModified":"2026-02-17T14:29:17+00:00","description":"Str\u00e4nde, Wassersport und Spa\u00df f\u00fcr alle. Entdecke Torbole und seine atemberaubenden Landschaften. Buche deinen Aufenthalt am Gardasee!","breadcrumb":{"@id":"https:\/\/hotellidoblu.it\/de\/torbole\/#breadcrumb"},"inLanguage":"de","potentialAction":[{"@type":"ReadAction","target":["https:\/\/hotellidoblu.it\/de\/torbole\/"]}]},{"@type":"ImageObject","inLanguage":"de","@id":"https:\/\/hotellidoblu.it\/de\/torbole\/#primaryimage","url":"https:\/\/hotellidoblu.it\/wp-content\/uploads\/2025\/04\/b1df7de2db4337057fe30c4a6a68c91b-scaled.webp","contentUrl":"https:\/\/hotellidoblu.it\/wp-content\/uploads\/2025\/04\/b1df7de2db4337057fe30c4a6a68c91b-scaled.webp","width":2560,"height":735},{"@type":"BreadcrumbList","@id":"https:\/\/hotellidoblu.it\/de\/torbole\/#breadcrumb","itemListElement":[{"@type":"ListItem","position":1,"name":"Home","item":"https:\/\/hotellidoblu.it\/de\/"},{"@type":"ListItem","position":2,"name":"Torbole"}]},{"@type":"WebSite","@id":"https:\/\/hotellidoblu.it\/de\/#website","url":"https:\/\/hotellidoblu.it\/de\/","name":"Hotel Lido Blu","description":"","potentialAction":[{"@type":"SearchAction","target":{"@type":"EntryPoint","urlTemplate":"https:\/\/hotellidoblu.it\/de\/?s={search_term_string}"},"query-input":{"@type":"PropertyValueSpecification","valueRequired":true,"valueName":"search_term_string"}}],"inLanguage":"de"}]}},"_links":{"self":[{"href":"https:\/\/hotellidoblu.it\/de\/wp-json\/wp\/v2\/pages\/3155","targetHints":{"allow":["GET"]}}],"collection":[{"href":"https:\/\/hotellidoblu.it\/de\/wp-json\/wp\/v2\/pages"}],"about":[{"href":"https:\/\/hotellidoblu.it\/de\/wp-json\/wp\/v2\/types\/page"}],"author":[{"embeddable":true,"href":"https:\/\/hotellidoblu.it\/de\/wp-json\/wp\/v2\/users\/2"}],"replies":[{"embeddable":true,"href":"https:\/\/hotellidoblu.it\/de\/wp-json\/wp\/v2\/comments?post=3155"}],"version-history":[{"count":3,"href":"https:\/\/hotellidoblu.it\/de\/wp-json\/wp\/v2\/pages\/3155\/revisions"}],"predecessor-version":[{"id":5313,"href":"https:\/\/hotellidoblu.it\/de\/wp-json\/wp\/v2\/pages\/3155\/revisions\/5313"}],"wp:featuredmedia":[{"embeddable":true,"href":"https:\/\/hotellidoblu.it\/de\/wp-json\/wp\/v2\/media\/2741"}],"wp:attachment":[{"href":"https:\/\/hotellidoblu.it\/de\/wp-json\/wp\/v2\/media?parent=3155"}],"curies":[{"name":"wp","href":"https:\/\/api.w.org\/{rel}","templated":true}]}}