{"id":3165,"date":"2025-03-21T15:10:15","date_gmt":"2025-03-21T15:10:15","guid":{"rendered":"https:\/\/lidoblu.promoservicebeta.com\/spiaggia\/"},"modified":"2026-02-17T14:26:35","modified_gmt":"2026-02-17T14:26:35","slug":"strand","status":"publish","type":"page","link":"https:\/\/hotellidoblu.it\/de\/strand\/","title":{"rendered":"Strand"},"content":{"rendered":"\t\t<div data-elementor-type=\"wp-page\" data-elementor-id=\"3165\" class=\"elementor elementor-3165 elementor-1278\" data-elementor-post-type=\"page\">\n\t\t\t\t<div class=\"elementor-element elementor-element-8fc335b e-flex e-con-boxed e-con e-parent\" data-id=\"8fc335b\" data-element_type=\"container\" data-e-type=\"container\">\n\t\t\t\t\t<div class=\"e-con-inner\">\n\t\t\t\t<div class=\"elementor-element elementor-element-af71bb7 elementor-widget elementor-widget-heading\" data-id=\"af71bb7\" data-element_type=\"widget\" data-e-type=\"widget\" data-widget_type=\"heading.default\">\n\t\t\t\t<div class=\"elementor-widget-container\">\n\t\t\t\t\t<h1 class=\"elementor-heading-title elementor-size-default\">Strand<\/h1>\t\t\t\t<\/div>\n\t\t\t\t<\/div>\n\t\t\t\t\t<\/div>\n\t\t\t\t<\/div>\n\t\t<div class=\"elementor-element elementor-element-6d9b964 e-flex e-con-boxed e-con e-parent\" data-id=\"6d9b964\" data-element_type=\"container\" data-e-type=\"container\">\n\t\t\t\t\t<div class=\"e-con-inner\">\n\t\t<div class=\"elementor-element elementor-element-865963d e-con-full e-flex e-con e-child\" data-id=\"865963d\" data-element_type=\"container\" data-e-type=\"container\">\n\t\t\t\t<div class=\"elementor-element elementor-element-ae8aa08 elementor-widget elementor-widget-image\" data-id=\"ae8aa08\" data-element_type=\"widget\" data-e-type=\"widget\" data-widget_type=\"image.default\">\n\t\t\t\t<div class=\"elementor-widget-container\">\n\t\t\t\t\t\t\t\t\t\t\t\t\t\t\t<img fetchpriority=\"high\" decoding=\"async\" width=\"1619\" height=\"1080\" src=\"https:\/\/hotellidoblu.it\/wp-content\/uploads\/2025\/03\/Persona-seduta-su-una-sedia-sulla-spiaggia.webp\" class=\"attachment-full size-full wp-image-2022\" alt=\"\" srcset=\"https:\/\/hotellidoblu.it\/wp-content\/uploads\/2025\/03\/Persona-seduta-su-una-sedia-sulla-spiaggia.webp 1619w, https:\/\/hotellidoblu.it\/wp-content\/uploads\/2025\/03\/Persona-seduta-su-una-sedia-sulla-spiaggia-300x200.webp 300w, https:\/\/hotellidoblu.it\/wp-content\/uploads\/2025\/03\/Persona-seduta-su-una-sedia-sulla-spiaggia-1024x683.webp 1024w, https:\/\/hotellidoblu.it\/wp-content\/uploads\/2025\/03\/Persona-seduta-su-una-sedia-sulla-spiaggia-768x512.webp 768w, https:\/\/hotellidoblu.it\/wp-content\/uploads\/2025\/03\/Persona-seduta-su-una-sedia-sulla-spiaggia-1536x1025.webp 1536w\" sizes=\"(max-width: 1619px) 100vw, 1619px\" \/>\t\t\t\t\t\t\t\t\t\t\t\t\t\t\t<\/div>\n\t\t\t\t<\/div>\n\t\t\t\t<\/div>\n\t\t<div class=\"elementor-element elementor-element-7c9b10a e-con-full e-flex e-con e-child\" data-id=\"7c9b10a\" data-element_type=\"container\" data-e-type=\"container\">\n\t\t\t\t<div class=\"elementor-element elementor-element-4b99113 elementor-widget elementor-widget-text-editor\" data-id=\"4b99113\" data-element_type=\"widget\" data-e-type=\"widget\" data-widget_type=\"text-editor.default\">\n\t\t\t\t<div class=\"elementor-widget-container\">\n\t\t\t\t\t\t\t\t\t<p>Der Strand von Torbole ist einer der l\u00e4ngsten und sch\u00f6nsten Str\u00e4nde des Gardasees und l\u00e4dt mit seinen wei\u00dfen Kieselsteinen und dem kristallklaren Seewasser zum Schwimmen und Relaxen ein. Der Strand erstreckt sich vom Hafen bis zu die Sarca-M\u00fcndung und dem Hotel Lido Blu, und f\u00fchrt weiter bis nach Riva del Garda. Er z\u00e4hlt zu den sichersten Str\u00e4nden in der Gegend und wird kontinuierlich vom aufmerksamen Blick zahlreicher Bademeister \u00fcberwacht.<\/p>\t\t\t\t\t\t\t\t<\/div>\n\t\t\t\t<\/div>\n\t\t\t\t<div class=\"elementor-element elementor-element-f0c6f58 elementor-widescreen-align-left elementor-align-left elementor-widget elementor-widget-button\" data-id=\"f0c6f58\" data-element_type=\"widget\" data-e-type=\"widget\" data-widget_type=\"button.default\">\n\t\t\t\t<div class=\"elementor-widget-container\">\n\t\t\t\t\t\t\t\t\t<div class=\"elementor-button-wrapper\">\n\t\t\t\t\t<a class=\"elementor-button elementor-button-link elementor-size-sm\" href=\"https:\/\/hotellidoblu.it\/de\/hotel\/\">\n\t\t\t\t\t\t<span class=\"elementor-button-content-wrapper\">\n\t\t\t\t\t\t\t\t\t<span class=\"elementor-button-text\">DAS HOTEL<\/span>\n\t\t\t\t\t<\/span>\n\t\t\t\t\t<\/a>\n\t\t\t\t<\/div>\n\t\t\t\t\t\t\t\t<\/div>\n\t\t\t\t<\/div>\n\t\t\t\t<div class=\"elementor-element elementor-element-5a2d4bc elementor-hidden-mobile elementor-widget elementor-widget-image\" data-id=\"5a2d4bc\" data-element_type=\"widget\" data-e-type=\"widget\" data-widget_type=\"image.default\">\n\t\t\t\t<div class=\"elementor-widget-container\">\n\t\t\t\t\t\t\t\t\t\t\t\t\t\t\t<img decoding=\"async\" width=\"1485\" height=\"1080\" src=\"https:\/\/hotellidoblu.it\/wp-content\/uploads\/2025\/03\/Coppia-in-poltrona-da-spiaggia.webp\" class=\"attachment-full size-full wp-image-2043\" alt=\"\" srcset=\"https:\/\/hotellidoblu.it\/wp-content\/uploads\/2025\/03\/Coppia-in-poltrona-da-spiaggia.webp 1485w, https:\/\/hotellidoblu.it\/wp-content\/uploads\/2025\/03\/Coppia-in-poltrona-da-spiaggia-300x218.webp 300w, https:\/\/hotellidoblu.it\/wp-content\/uploads\/2025\/03\/Coppia-in-poltrona-da-spiaggia-1024x745.webp 1024w, https:\/\/hotellidoblu.it\/wp-content\/uploads\/2025\/03\/Coppia-in-poltrona-da-spiaggia-768x559.webp 768w\" sizes=\"(max-width: 1485px) 100vw, 1485px\" \/>\t\t\t\t\t\t\t\t\t\t\t\t\t\t\t<\/div>\n\t\t\t\t<\/div>\n\t\t\t\t<\/div>\n\t\t\t\t\t<\/div>\n\t\t\t\t<\/div>\n\t\t<div class=\"elementor-element elementor-element-51a847f e-flex e-con-boxed e-con e-parent\" data-id=\"51a847f\" data-element_type=\"container\" data-e-type=\"container\">\n\t\t\t\t\t<div class=\"e-con-inner\">\n\t\t<div class=\"elementor-element elementor-element-f1dc8ca e-con-full e-flex e-con e-child\" data-id=\"f1dc8ca\" data-element_type=\"container\" data-e-type=\"container\">\n\t\t\t\t<div class=\"elementor-element elementor-element-bb6c5c3 elementor-widget elementor-widget-image\" data-id=\"bb6c5c3\" data-element_type=\"widget\" data-e-type=\"widget\" data-widget_type=\"image.default\">\n\t\t\t\t<div class=\"elementor-widget-container\">\n\t\t\t\t\t\t\t\t\t\t\t\t\t\t\t<img decoding=\"async\" width=\"1620\" height=\"1080\" src=\"https:\/\/hotellidoblu.it\/wp-content\/uploads\/2025\/03\/Gruppo-di-persone-sulla-spiaggia-1.webp\" class=\"attachment-full size-full wp-image-2037\" alt=\"\" srcset=\"https:\/\/hotellidoblu.it\/wp-content\/uploads\/2025\/03\/Gruppo-di-persone-sulla-spiaggia-1.webp 1620w, https:\/\/hotellidoblu.it\/wp-content\/uploads\/2025\/03\/Gruppo-di-persone-sulla-spiaggia-1-300x200.webp 300w, https:\/\/hotellidoblu.it\/wp-content\/uploads\/2025\/03\/Gruppo-di-persone-sulla-spiaggia-1-1024x683.webp 1024w, https:\/\/hotellidoblu.it\/wp-content\/uploads\/2025\/03\/Gruppo-di-persone-sulla-spiaggia-1-768x512.webp 768w, https:\/\/hotellidoblu.it\/wp-content\/uploads\/2025\/03\/Gruppo-di-persone-sulla-spiaggia-1-1536x1024.webp 1536w\" sizes=\"(max-width: 1620px) 100vw, 1620px\" \/>\t\t\t\t\t\t\t\t\t\t\t\t\t\t\t<\/div>\n\t\t\t\t<\/div>\n\t\t\t\t<\/div>\n\t\t<div class=\"elementor-element elementor-element-541ace3 e-con-full e-flex e-con e-child\" data-id=\"541ace3\" data-element_type=\"container\" data-e-type=\"container\">\n\t\t\t\t<div class=\"elementor-element elementor-element-27d0a99 elementor-widget elementor-widget-text-editor\" data-id=\"27d0a99\" data-element_type=\"widget\" data-e-type=\"widget\" data-widget_type=\"text-editor.default\">\n\t\t\t\t<div class=\"elementor-widget-container\">\n\t\t\t\t\t\t\t\t\t<p>Unser hoteleigener Privatgarten direkt am Strand ist mit Liegest\u00fchle, Sonnenschirmen f\u00fcr unsere G\u00e4ste ausgestattet. Das Beach Restaurant &amp; Bar verw\u00f6hnt Sie mit frischen Salaten, Eis und exotischen Cocktails. Das Surfcenter Lido Blu und sein sympathisches Team erwarten Sie zu einem aufregenden Ausflug auf den Wellen des Gardasees.<\/p>\t\t\t\t\t\t\t\t<\/div>\n\t\t\t\t<\/div>\n\t\t\t\t<div class=\"elementor-element elementor-element-20d1eca elementor-hidden-mobile elementor-widget elementor-widget-image\" data-id=\"20d1eca\" data-element_type=\"widget\" data-e-type=\"widget\" data-widget_type=\"image.default\">\n\t\t\t\t<div class=\"elementor-widget-container\">\n\t\t\t\t\t\t\t\t\t\t\t\t\t\t\t<img loading=\"lazy\" decoding=\"async\" width=\"1611\" height=\"1080\" src=\"https:\/\/hotellidoblu.it\/wp-content\/uploads\/2025\/03\/Due-persone-sedute-su-una-spiaggia-con-tavole-da-surf.webp\" class=\"attachment-full size-full wp-image-2040\" alt=\"\" srcset=\"https:\/\/hotellidoblu.it\/wp-content\/uploads\/2025\/03\/Due-persone-sedute-su-una-spiaggia-con-tavole-da-surf.webp 1611w, https:\/\/hotellidoblu.it\/wp-content\/uploads\/2025\/03\/Due-persone-sedute-su-una-spiaggia-con-tavole-da-surf-300x201.webp 300w, https:\/\/hotellidoblu.it\/wp-content\/uploads\/2025\/03\/Due-persone-sedute-su-una-spiaggia-con-tavole-da-surf-1024x686.webp 1024w, https:\/\/hotellidoblu.it\/wp-content\/uploads\/2025\/03\/Due-persone-sedute-su-una-spiaggia-con-tavole-da-surf-768x515.webp 768w, https:\/\/hotellidoblu.it\/wp-content\/uploads\/2025\/03\/Due-persone-sedute-su-una-spiaggia-con-tavole-da-surf-1536x1030.webp 1536w\" sizes=\"(max-width: 1611px) 100vw, 1611px\" \/>\t\t\t\t\t\t\t\t\t\t\t\t\t\t\t<\/div>\n\t\t\t\t<\/div>\n\t\t\t\t<\/div>\n\t\t\t\t\t<\/div>\n\t\t\t\t<\/div>\n\t\t<div class=\"elementor-element elementor-element-166febb e-con-full e-flex e-con e-parent\" data-id=\"166febb\" data-element_type=\"container\" data-e-type=\"container\">\n\t\t\t\t<div class=\"elementor-element elementor-element-39649de elementor-widget__width-inherit elementor-widget elementor-widget-shortcode\" data-id=\"39649de\" data-element_type=\"widget\" data-e-type=\"widget\" data-widget_type=\"shortcode.default\">\n\t\t\t\t<div class=\"elementor-widget-container\">\n\t\t\t\t\t\t\t<div class=\"elementor-shortcode\">\n<div class=\"conver-widget-v2\"\n     data-instance=\"conver-v2-1\">\n\n  <div class=\"chat-container\" id=\"chat-section\">\n\n    <div class=\"chat-header\">\n      <div class=\"chat-header-logo\">\n        <img decoding=\"async\"\n          src=\"https:\/\/hotellidoblu.it\/wp-content\/themes\/jampaa\/template-parts\/ricerca-conversazionale-v2\/assets\/img\/logo-ricerca-conv.png\"\n          alt=\"\"\n        >\n        <span>Hallo<\/span>\n      <\/div>\n\n      <h2>Womit fangen wir an?<\/h2>\n    <\/div>\n\n    <!-- Chat -->\n    <div class=\"chat-box\"><\/div>\n\n    <!-- Loading -->\n    <div class=\"loading-conver hidden\" aria-hidden=\"true\">\n      <div class=\"dot\"><\/div><div class=\"dot\"><\/div><div class=\"dot\"><\/div>\n    <\/div>\n\n    <!-- Input -->\n    <div class=\"input-area-conver-wrapper\">\n      <div class=\"input-area-conver\">\n        <textarea\n          class=\"user-input-conver\"\n          placeholder=\"Stelle eine Frage...\"\n          rows=\"1\"\n        ><\/textarea>\n\n        <div class=\"box-btn-conver\">\n          <a class=\"send-btn-conver\" href=\"#\" role=\"button\" aria-label=\"AI Search\">\n            <i class=\"fa-light fa-magnifying-glass icon-search\" aria-hidden=\"true\"><\/i>\n            <i class=\"fa-regular fa-arrow-up icon-send hidden\" aria-hidden=\"true\"><\/i>\n            <span class=\"ai-search-text\">AI Search<\/span>\n          <\/a>\n\n          <i class=\"fa-light fa-close icon-erase hidden\" aria-hidden=\"true\"><\/i>\n        <\/div>\n      <\/div>\n    <\/div>\n    <span class=\"show-quick-questions hidden\">Zeige schnelle Fragen<\/span>\n\n    <!-- Domande rapide -->\n    <div class=\"entry-chats-wrapper\">\n      <button type=\"button\" class=\"entry-chat\" data-prompt=\"Ein Zimmer f\u00fcr zwei Personen buchen\">\n        Ein Zimmer f\u00fcr zwei Personen buchen      <\/button>\n\n      <button type=\"button\" class=\"entry-chat\" data-prompt=\"Sonderangebote entdecken\">\n        Sonderangebote entdecken      <\/button>\n\n      <button type=\"button\" class=\"entry-chat\" data-prompt=\"Zimmer entdecken\">\n        Zimmer entdecken      <\/button>\n\n      <button type=\"button\" class=\"entry-chat\" data-prompt=\"Wellnessbereich \u201eBlu Spa\u201c entdecken\">\n        Wellnessbereich \u201eBlu Spa\u201c entdecken      <\/button>\n    <\/div>\n\n  <\/div>\n<\/div><\/div>\n\t\t\t\t\t\t<\/div>\n\t\t\t\t<\/div>\n\t\t\t\t<\/div>\n\t\t<div class=\"elementor-element elementor-element-5cbc46f e-flex e-con-boxed e-con e-parent\" data-id=\"5cbc46f\" data-element_type=\"container\" data-e-type=\"container\">\n\t\t\t\t\t<div class=\"e-con-inner\">\n\t\t\t\t<div class=\"elementor-element elementor-element-6aeb126 elementor-widget elementor-widget-heading\" data-id=\"6aeb126\" data-element_type=\"widget\" data-e-type=\"widget\" data-widget_type=\"heading.default\">\n\t\t\t\t<div class=\"elementor-widget-container\">\n\t\t\t\t\t<h2 class=\"elementor-heading-title elementor-size-default\">K\u00f6nnte f\u00fcr dich interessant sein\u200b<\/h2>\t\t\t\t<\/div>\n\t\t\t\t<\/div>\n\t\t\t\t<div class=\"elementor-element elementor-element-1cdec45 elementor-widget elementor-widget-shortcode\" data-id=\"1cdec45\" data-element_type=\"widget\" data-e-type=\"widget\" data-widget_type=\"shortcode.default\">\n\t\t\t\t<div class=\"elementor-widget-container\">\n\t\t\t\t\t\t\t<div class=\"elementor-shortcode\">    <div class=\"pagine-correlate\">\n                    <div class=\"pagina-correlata\">\n                <a href=\"https:\/\/hotellidoblu.it\/de\/hotel\/\">\n                    <div class=\"img-related-page\">\n                                                                            <img decoding=\"async\" src=\"https:\/\/hotellidoblu.it\/wp-content\/uploads\/2025\/03\/Vista-sul-lago-con-edifici-e-alberi.webp\" alt=\"Hotel\">\n                                            <\/div>\n                    <div class=\"text-related-page\">\n                        <h3>Hotel<\/h3>\n                        <span class=\"read-more\">Jetzt herausfinden<\/span>\n                    <\/div>\n                <\/a>\n            <\/div>\n                    <div class=\"pagina-correlata\">\n                <a href=\"https:\/\/hotellidoblu.it\/de\/camere\/\">\n                    <div class=\"img-related-page\">\n                                                                            <img decoding=\"async\" src=\"https:\/\/hotellidoblu.it\/wp-content\/uploads\/2025\/03\/Camera-con-grande-finestra.webp\" alt=\"Zimmer\">\n                                            <\/div>\n                    <div class=\"text-related-page\">\n                        <h3>Zimmer<\/h3>\n                        <span class=\"read-more\">Jetzt herausfinden<\/span>\n                    <\/div>\n                <\/a>\n            <\/div>\n                    <div class=\"pagina-correlata\">\n                <a href=\"https:\/\/hotellidoblu.it\/de\/beach-restaurant-bar\/\">\n                    <div class=\"img-related-page\">\n                                                                            <img decoding=\"async\" src=\"https:\/\/hotellidoblu.it\/wp-content\/uploads\/2025\/03\/Tavolo-e-sedie-sulla-spiaggia.webp\" alt=\"Beach Restaurant &amp; Bar\">\n                                            <\/div>\n                    <div class=\"text-related-page\">\n                        <h3>Beach Restaurant &amp; Bar<\/h3>\n                        <span class=\"read-more\">Jetzt herausfinden<\/span>\n                    <\/div>\n                <\/a>\n            <\/div>\n            <\/div>\n<\/div>\n\t\t\t\t\t\t<\/div>\n\t\t\t\t<\/div>\n\t\t\t\t\t<\/div>\n\t\t\t\t<\/div>\n\t\t\t\t<\/div>\n\t\t","protected":false},"excerpt":{"rendered":"<p>Strand Der Strand von Torbole ist einer der l\u00e4ngsten und sch\u00f6nsten Str\u00e4nde des Gardasees und l\u00e4dt mit seinen wei\u00dfen Kieselsteinen und dem kristallklaren Seewasser zum Schwimmen und Relaxen ein. Der Strand erstreckt sich vom Hafen bis zu die Sarca-M\u00fcndung und dem Hotel Lido Blu, und f\u00fchrt weiter bis nach Riva del Garda. Er z\u00e4hlt zu [&hellip;]<\/p>\n","protected":false},"author":2,"featured_media":2427,"parent":0,"menu_order":0,"comment_status":"closed","ping_status":"closed","template":"","meta":{"_acf_changed":false,"footnotes":""},"class_list":["post-3165","page","type-page","status-publish","has-post-thumbnail","hentry"],"acf":[],"yoast_head":"<!-- This site is optimized with the Yoast SEO plugin v27.2 - https:\/\/yoast.com\/product\/yoast-seo-wordpress\/ -->\n<title>Sicherer und ausgestatteter Strand am Gardasee | Hotel Lido Blu<\/title>\n<meta name=\"description\" content=\"Entspanne an unserem Strand mit Liegen und Sonnenschirmen, umgeben von kristallklarem Wasser. Genie\u00dfe Spazierg\u00e4nge, Wassersport und erfrischende Cocktails. Jetzt buchen!\" \/>\n<meta name=\"robots\" content=\"index, follow, max-snippet:-1, max-image-preview:large, max-video-preview:-1\" \/>\n<link rel=\"canonical\" href=\"https:\/\/hotellidoblu.it\/de\/strand\/\" \/>\n<meta property=\"og:locale\" content=\"de_DE\" \/>\n<meta property=\"og:type\" content=\"article\" \/>\n<meta property=\"og:title\" content=\"Sicherer und ausgestatteter Strand am Gardasee | Hotel Lido Blu\" \/>\n<meta property=\"og:description\" content=\"Entspanne an unserem Strand mit Liegen und Sonnenschirmen, umgeben von kristallklarem Wasser. Genie\u00dfe Spazierg\u00e4nge, Wassersport und erfrischende Cocktails. Jetzt buchen!\" \/>\n<meta property=\"og:url\" content=\"https:\/\/hotellidoblu.it\/de\/strand\/\" \/>\n<meta property=\"og:site_name\" content=\"Hotel Lido Blu\" \/>\n<meta property=\"article:modified_time\" content=\"2026-02-17T14:26:35+00:00\" \/>\n<meta property=\"og:image\" content=\"https:\/\/hotellidoblu.it\/wp-content\/uploads\/2025\/03\/Spiaggia-rocciosa-con-montagne-sullo-sfondo-1.webp\" \/>\n\t<meta property=\"og:image:width\" content=\"1500\" \/>\n\t<meta property=\"og:image:height\" content=\"1000\" \/>\n\t<meta property=\"og:image:type\" content=\"image\/webp\" \/>\n<meta name=\"twitter:card\" content=\"summary_large_image\" \/>\n<meta name=\"twitter:label1\" content=\"Gesch\u00e4tzte Lesezeit\" \/>\n\t<meta name=\"twitter:data1\" content=\"2\u00a0Minuten\" \/>\n<script type=\"application\/ld+json\" class=\"yoast-schema-graph\">{\"@context\":\"https:\/\/schema.org\",\"@graph\":[{\"@type\":\"WebPage\",\"@id\":\"https:\/\/hotellidoblu.it\/de\/strand\/\",\"url\":\"https:\/\/hotellidoblu.it\/de\/strand\/\",\"name\":\"Sicherer und ausgestatteter Strand am Gardasee | Hotel Lido Blu\",\"isPartOf\":{\"@id\":\"https:\/\/hotellidoblu.it\/de\/#website\"},\"primaryImageOfPage\":{\"@id\":\"https:\/\/hotellidoblu.it\/de\/strand\/#primaryimage\"},\"image\":{\"@id\":\"https:\/\/hotellidoblu.it\/de\/strand\/#primaryimage\"},\"thumbnailUrl\":\"https:\/\/hotellidoblu.it\/wp-content\/uploads\/2025\/03\/Spiaggia-rocciosa-con-montagne-sullo-sfondo-1.webp\",\"datePublished\":\"2025-03-21T15:10:15+00:00\",\"dateModified\":\"2026-02-17T14:26:35+00:00\",\"description\":\"Entspanne an unserem Strand mit Liegen und Sonnenschirmen, umgeben von kristallklarem Wasser. Genie\u00dfe Spazierg\u00e4nge, Wassersport und erfrischende Cocktails. Jetzt buchen!\",\"breadcrumb\":{\"@id\":\"https:\/\/hotellidoblu.it\/de\/strand\/#breadcrumb\"},\"inLanguage\":\"de\",\"potentialAction\":[{\"@type\":\"ReadAction\",\"target\":[\"https:\/\/hotellidoblu.it\/de\/strand\/\"]}]},{\"@type\":\"ImageObject\",\"inLanguage\":\"de\",\"@id\":\"https:\/\/hotellidoblu.it\/de\/strand\/#primaryimage\",\"url\":\"https:\/\/hotellidoblu.it\/wp-content\/uploads\/2025\/03\/Spiaggia-rocciosa-con-montagne-sullo-sfondo-1.webp\",\"contentUrl\":\"https:\/\/hotellidoblu.it\/wp-content\/uploads\/2025\/03\/Spiaggia-rocciosa-con-montagne-sullo-sfondo-1.webp\",\"width\":1500,\"height\":1000},{\"@type\":\"BreadcrumbList\",\"@id\":\"https:\/\/hotellidoblu.it\/de\/strand\/#breadcrumb\",\"itemListElement\":[{\"@type\":\"ListItem\",\"position\":1,\"name\":\"Home\",\"item\":\"https:\/\/hotellidoblu.it\/de\/\"},{\"@type\":\"ListItem\",\"position\":2,\"name\":\"Strand\"}]},{\"@type\":\"WebSite\",\"@id\":\"https:\/\/hotellidoblu.it\/de\/#website\",\"url\":\"https:\/\/hotellidoblu.it\/de\/\",\"name\":\"Hotel Lido Blu\",\"description\":\"\",\"potentialAction\":[{\"@type\":\"SearchAction\",\"target\":{\"@type\":\"EntryPoint\",\"urlTemplate\":\"https:\/\/hotellidoblu.it\/de\/?s={search_term_string}\"},\"query-input\":{\"@type\":\"PropertyValueSpecification\",\"valueRequired\":true,\"valueName\":\"search_term_string\"}}],\"inLanguage\":\"de\"}]}<\/script>\n<!-- \/ Yoast SEO plugin. -->","yoast_head_json":{"title":"Sicherer und ausgestatteter Strand am Gardasee | Hotel Lido Blu","description":"Entspanne an unserem Strand mit Liegen und Sonnenschirmen, umgeben von kristallklarem Wasser. Genie\u00dfe Spazierg\u00e4nge, Wassersport und erfrischende Cocktails. Jetzt buchen!","robots":{"index":"index","follow":"follow","max-snippet":"max-snippet:-1","max-image-preview":"max-image-preview:large","max-video-preview":"max-video-preview:-1"},"canonical":"https:\/\/hotellidoblu.it\/de\/strand\/","og_locale":"de_DE","og_type":"article","og_title":"Sicherer und ausgestatteter Strand am Gardasee | Hotel Lido Blu","og_description":"Entspanne an unserem Strand mit Liegen und Sonnenschirmen, umgeben von kristallklarem Wasser. Genie\u00dfe Spazierg\u00e4nge, Wassersport und erfrischende Cocktails. Jetzt buchen!","og_url":"https:\/\/hotellidoblu.it\/de\/strand\/","og_site_name":"Hotel Lido Blu","article_modified_time":"2026-02-17T14:26:35+00:00","og_image":[{"width":1500,"height":1000,"url":"https:\/\/hotellidoblu.it\/wp-content\/uploads\/2025\/03\/Spiaggia-rocciosa-con-montagne-sullo-sfondo-1.webp","type":"image\/webp"}],"twitter_card":"summary_large_image","twitter_misc":{"Gesch\u00e4tzte Lesezeit":"2\u00a0Minuten"},"schema":{"@context":"https:\/\/schema.org","@graph":[{"@type":"WebPage","@id":"https:\/\/hotellidoblu.it\/de\/strand\/","url":"https:\/\/hotellidoblu.it\/de\/strand\/","name":"Sicherer und ausgestatteter Strand am Gardasee | Hotel Lido Blu","isPartOf":{"@id":"https:\/\/hotellidoblu.it\/de\/#website"},"primaryImageOfPage":{"@id":"https:\/\/hotellidoblu.it\/de\/strand\/#primaryimage"},"image":{"@id":"https:\/\/hotellidoblu.it\/de\/strand\/#primaryimage"},"thumbnailUrl":"https:\/\/hotellidoblu.it\/wp-content\/uploads\/2025\/03\/Spiaggia-rocciosa-con-montagne-sullo-sfondo-1.webp","datePublished":"2025-03-21T15:10:15+00:00","dateModified":"2026-02-17T14:26:35+00:00","description":"Entspanne an unserem Strand mit Liegen und Sonnenschirmen, umgeben von kristallklarem Wasser. Genie\u00dfe Spazierg\u00e4nge, Wassersport und erfrischende Cocktails. Jetzt buchen!","breadcrumb":{"@id":"https:\/\/hotellidoblu.it\/de\/strand\/#breadcrumb"},"inLanguage":"de","potentialAction":[{"@type":"ReadAction","target":["https:\/\/hotellidoblu.it\/de\/strand\/"]}]},{"@type":"ImageObject","inLanguage":"de","@id":"https:\/\/hotellidoblu.it\/de\/strand\/#primaryimage","url":"https:\/\/hotellidoblu.it\/wp-content\/uploads\/2025\/03\/Spiaggia-rocciosa-con-montagne-sullo-sfondo-1.webp","contentUrl":"https:\/\/hotellidoblu.it\/wp-content\/uploads\/2025\/03\/Spiaggia-rocciosa-con-montagne-sullo-sfondo-1.webp","width":1500,"height":1000},{"@type":"BreadcrumbList","@id":"https:\/\/hotellidoblu.it\/de\/strand\/#breadcrumb","itemListElement":[{"@type":"ListItem","position":1,"name":"Home","item":"https:\/\/hotellidoblu.it\/de\/"},{"@type":"ListItem","position":2,"name":"Strand"}]},{"@type":"WebSite","@id":"https:\/\/hotellidoblu.it\/de\/#website","url":"https:\/\/hotellidoblu.it\/de\/","name":"Hotel Lido Blu","description":"","potentialAction":[{"@type":"SearchAction","target":{"@type":"EntryPoint","urlTemplate":"https:\/\/hotellidoblu.it\/de\/?s={search_term_string}"},"query-input":{"@type":"PropertyValueSpecification","valueRequired":true,"valueName":"search_term_string"}}],"inLanguage":"de"}]}},"_links":{"self":[{"href":"https:\/\/hotellidoblu.it\/de\/wp-json\/wp\/v2\/pages\/3165","targetHints":{"allow":["GET"]}}],"collection":[{"href":"https:\/\/hotellidoblu.it\/de\/wp-json\/wp\/v2\/pages"}],"about":[{"href":"https:\/\/hotellidoblu.it\/de\/wp-json\/wp\/v2\/types\/page"}],"author":[{"embeddable":true,"href":"https:\/\/hotellidoblu.it\/de\/wp-json\/wp\/v2\/users\/2"}],"replies":[{"embeddable":true,"href":"https:\/\/hotellidoblu.it\/de\/wp-json\/wp\/v2\/comments?post=3165"}],"version-history":[{"count":3,"href":"https:\/\/hotellidoblu.it\/de\/wp-json\/wp\/v2\/pages\/3165\/revisions"}],"predecessor-version":[{"id":5301,"href":"https:\/\/hotellidoblu.it\/de\/wp-json\/wp\/v2\/pages\/3165\/revisions\/5301"}],"wp:featuredmedia":[{"embeddable":true,"href":"https:\/\/hotellidoblu.it\/de\/wp-json\/wp\/v2\/media\/2427"}],"wp:attachment":[{"href":"https:\/\/hotellidoblu.it\/de\/wp-json\/wp\/v2\/media?parent=3165"}],"curies":[{"name":"wp","href":"https:\/\/api.w.org\/{rel}","templated":true}]}}