{"id":3268,"date":"2025-03-21T16:04:50","date_gmt":"2025-03-21T16:04:50","guid":{"rendered":"https:\/\/lidoblu.promoservicebeta.com\/condizioni-generali\/"},"modified":"2026-02-17T14:16:01","modified_gmt":"2026-02-17T14:16:01","slug":"allgemeine-geschaeftbedingungen","status":"publish","type":"page","link":"https:\/\/hotellidoblu.it\/de\/allgemeine-geschaeftbedingungen\/","title":{"rendered":"Allgemeine Gesch\u00e4ftbedingungen"},"content":{"rendered":"\t\t<div data-elementor-type=\"wp-page\" data-elementor-id=\"3268\" class=\"elementor elementor-3268 elementor-1357\" data-elementor-post-type=\"page\">\n\t\t\t\t<div class=\"elementor-element elementor-element-2af48c7 e-flex e-con-boxed e-con e-parent\" data-id=\"2af48c7\" data-element_type=\"container\" data-e-type=\"container\">\n\t\t\t\t\t<div class=\"e-con-inner\">\n\t\t\t\t<div class=\"elementor-element elementor-element-cc677e2 elementor-widget elementor-widget-heading\" data-id=\"cc677e2\" data-element_type=\"widget\" data-e-type=\"widget\" data-widget_type=\"heading.default\">\n\t\t\t\t<div class=\"elementor-widget-container\">\n\t\t\t\t\t<h1 class=\"elementor-heading-title elementor-size-default\">Allgemeine Gesch\u00e4ftbedingungen\n\n<\/h1>\t\t\t\t<\/div>\n\t\t\t\t<\/div>\n\t\t\t\t\t<\/div>\n\t\t\t\t<\/div>\n\t\t<div class=\"elementor-element elementor-element-67f2ce06 e-flex e-con-boxed e-con e-parent\" data-id=\"67f2ce06\" data-element_type=\"container\" data-e-type=\"container\">\n\t\t\t\t\t<div class=\"e-con-inner\">\n\t\t\t\t<div class=\"elementor-element elementor-element-24093b4 elementor-widget elementor-widget-text-editor\" data-id=\"24093b4\" data-element_type=\"widget\" data-e-type=\"widget\" data-widget_type=\"text-editor.default\">\n\t\t\t\t<div class=\"elementor-widget-container\">\n\t\t\t\t\t\t\t\t\t<p>Informationen:<\/p><ul><li>das Rauchen ist in allen Zimmern verboten;<\/li><li>die Preise gelten pro Zimmer und Tag und inkl. MwSt;<\/li><li>im Hotel zu bezahlen die Kurtaxe (\u20ac2,50 pro Person, pro Tag, ab 14 Jahre alt);<\/li><li>bei verfr\u00fchter Abreise oder nicht gegessen Mahlzeiten kommt es zu keiner Kostenr\u00fcckerstattung;<\/li><li>kleine Tiere sind nach vorheriger Anmeldung zugelassen. Sie haben keinen Zutritt in Restaurant, Wellnessbereich und Fr\u00fchst\u00fcckssaal. F\u00fcr Haustiere wird ein Aufpreis von \u20ac13,00 pro Tag verlangt.<\/li><\/ul><p><br \/>Check-in:<br \/>Am Anreisetag steht Ihnen das Zimmer ab 14:00 Uhr zur Verf\u00fcgung.<\/p><p>Check-out:<br \/>Am Abreisetag muss das Zimmer bis 10:00 Uhr ger\u00e4umt werden.<\/p><p>Kinder:<\/p><ul><li>Kinder bis 1,99 Jahr sind gratis (in gleichem Zimmer mit 2 zahlender Personen);<\/li><li>Kind vom 2 Jahre bis 11,99 Jahre im Zustellbett 30% Erm\u00e4\u00dfigung (im gleichem Zimmer mit 2 zahlender Personen);<\/li><li>Jeder Person ab 12 Jahre 20% Erm\u00e4\u00dfigung im Zustellbett (im gleichem Zimmer mit 2 zahlender Personen).<\/li><li>Babybett \u20ac10,00 pro Nacht, auf Anfrage und Best\u00e4tigung des Hotels<\/li><\/ul><p><br \/>Zahlungsmittel:<br \/>EC-Karte, Mastercard, Visa, American Express.<br \/>Schecks nicht akzeptierte.<\/p><p>Beim Check-in ist die vollst\u00e4ndige Bezahlung der Reservierung erforderlich.<\/p><p>Konditionen f\u00fcr Reservierungen:<br \/>Kreditkarte als Garantie bei der Buchung.<br \/>Wenn Sie auf unserer Website buchen, dann finden Sie die Konditionen in der Beschreibung des Angebots.<\/p><p>Stornierungen:<br \/>die Reservierung darf bis 10 Tage vor der Ankunft ohne Kosten ge\u00e4ndert oder storniert werden.<br \/>Im Falle einer Stornierung, die weniger als eine Woche vor Anreise erfolgt, wird den ganzen Betrag in Rechnung gestellt (wenn nicht anders gezeigt).<\/p>\t\t\t\t\t\t\t\t<\/div>\n\t\t\t\t<\/div>\n\t\t\t\t\t<\/div>\n\t\t\t\t<\/div>\n\t\t<div class=\"elementor-element elementor-element-5c491dd e-con-full e-flex e-con e-parent\" data-id=\"5c491dd\" data-element_type=\"container\" data-e-type=\"container\">\n\t\t\t\t<div class=\"elementor-element elementor-element-fe33f0a elementor-widget__width-inherit elementor-widget elementor-widget-shortcode\" data-id=\"fe33f0a\" data-element_type=\"widget\" data-e-type=\"widget\" data-widget_type=\"shortcode.default\">\n\t\t\t\t<div class=\"elementor-widget-container\">\n\t\t\t\t\t\t\t<div class=\"elementor-shortcode\">\n<div class=\"conver-widget-v2\"\n     data-instance=\"conver-v2-1\">\n\n  <div class=\"chat-container\" id=\"chat-section\">\n\n    <div class=\"chat-header\">\n      <div class=\"chat-header-logo\">\n        <img decoding=\"async\"\n          src=\"https:\/\/hotellidoblu.it\/wp-content\/themes\/jampaa\/template-parts\/ricerca-conversazionale-v2\/assets\/img\/logo-ricerca-conv.png\"\n          alt=\"\"\n        >\n        <span>Hallo<\/span>\n      <\/div>\n\n      <h2>Womit fangen wir an?<\/h2>\n    <\/div>\n\n    <!-- Chat -->\n    <div class=\"chat-box\"><\/div>\n\n    <!-- Loading -->\n    <div class=\"loading-conver hidden\" aria-hidden=\"true\">\n      <div class=\"dot\"><\/div><div class=\"dot\"><\/div><div class=\"dot\"><\/div>\n    <\/div>\n\n    <!-- Input -->\n    <div class=\"input-area-conver-wrapper\">\n      <div class=\"input-area-conver\">\n        <textarea\n          class=\"user-input-conver\"\n          placeholder=\"Stelle eine Frage...\"\n          rows=\"1\"\n        ><\/textarea>\n\n        <div class=\"box-btn-conver\">\n          <a class=\"send-btn-conver\" href=\"#\" role=\"button\" aria-label=\"AI Search\">\n            <i class=\"fa-light fa-magnifying-glass icon-search\" aria-hidden=\"true\"><\/i>\n            <i class=\"fa-regular fa-arrow-up icon-send hidden\" aria-hidden=\"true\"><\/i>\n            <span class=\"ai-search-text\">AI Search<\/span>\n          <\/a>\n\n          <i class=\"fa-light fa-close icon-erase hidden\" aria-hidden=\"true\"><\/i>\n        <\/div>\n      <\/div>\n    <\/div>\n    <span class=\"show-quick-questions hidden\">Zeige schnelle Fragen<\/span>\n\n    <!-- Domande rapide -->\n    <div class=\"entry-chats-wrapper\">\n      <button type=\"button\" class=\"entry-chat\" data-prompt=\"Ein Zimmer f\u00fcr zwei Personen buchen\">\n        Ein Zimmer f\u00fcr zwei Personen buchen      <\/button>\n\n      <button type=\"button\" class=\"entry-chat\" data-prompt=\"Sonderangebote entdecken\">\n        Sonderangebote entdecken      <\/button>\n\n      <button type=\"button\" class=\"entry-chat\" data-prompt=\"Zimmer entdecken\">\n        Zimmer entdecken      <\/button>\n\n      <button type=\"button\" class=\"entry-chat\" data-prompt=\"Wellnessbereich \u201eBlu Spa\u201c entdecken\">\n        Wellnessbereich \u201eBlu Spa\u201c entdecken      <\/button>\n    <\/div>\n\n  <\/div>\n<\/div><\/div>\n\t\t\t\t\t\t<\/div>\n\t\t\t\t<\/div>\n\t\t\t\t<\/div>\n\t\t\t\t<\/div>\n\t\t","protected":false},"excerpt":{"rendered":"<p>Allgemeine Gesch\u00e4ftbedingungen Informationen: das Rauchen ist in allen Zimmern verboten; die Preise gelten pro Zimmer und Tag und inkl. MwSt; im Hotel zu bezahlen die Kurtaxe (\u20ac2,50 pro Person, pro Tag, ab 14 Jahre alt); bei verfr\u00fchter Abreise oder nicht gegessen Mahlzeiten kommt es zu keiner Kostenr\u00fcckerstattung; kleine Tiere sind nach vorheriger Anmeldung zugelassen. Sie [&hellip;]<\/p>\n","protected":false},"author":2,"featured_media":1995,"parent":0,"menu_order":0,"comment_status":"closed","ping_status":"closed","template":"","meta":{"_acf_changed":false,"footnotes":""},"class_list":["post-3268","page","type-page","status-publish","has-post-thumbnail","hentry"],"acf":[],"yoast_head":"<!-- This site is optimized with the Yoast SEO plugin v27.2 - https:\/\/yoast.com\/product\/yoast-seo-wordpress\/ -->\n<title>Allgemeine Gesch\u00e4ftbedingungen - Hotel Lido Blu<\/title>\n<meta name=\"robots\" content=\"index, follow, max-snippet:-1, max-image-preview:large, max-video-preview:-1\" \/>\n<link rel=\"canonical\" href=\"https:\/\/hotellidoblu.it\/de\/allgemeine-geschaeftbedingungen\/\" \/>\n<meta property=\"og:locale\" content=\"de_DE\" \/>\n<meta property=\"og:type\" content=\"article\" \/>\n<meta property=\"og:title\" content=\"Allgemeine Gesch\u00e4ftbedingungen - Hotel Lido Blu\" \/>\n<meta property=\"og:description\" content=\"Allgemeine Gesch\u00e4ftbedingungen Informationen: das Rauchen ist in allen Zimmern verboten; die Preise gelten pro Zimmer und Tag und inkl. MwSt; im Hotel zu bezahlen die Kurtaxe (\u20ac2,50 pro Person, pro Tag, ab 14 Jahre alt); bei verfr\u00fchter Abreise oder nicht gegessen Mahlzeiten kommt es zu keiner Kostenr\u00fcckerstattung; kleine Tiere sind nach vorheriger Anmeldung zugelassen. Sie [&hellip;]\" \/>\n<meta property=\"og:url\" content=\"https:\/\/hotellidoblu.it\/de\/allgemeine-geschaeftbedingungen\/\" \/>\n<meta property=\"og:site_name\" content=\"Hotel Lido Blu\" \/>\n<meta property=\"article:modified_time\" content=\"2026-02-17T14:16:01+00:00\" \/>\n<meta property=\"og:image\" content=\"https:\/\/hotellidoblu.it\/wp-content\/uploads\/2025\/03\/Edificio-con-parcheggio-vicino-ad-un-corpo-dacqua.webp\" \/>\n\t<meta property=\"og:image:width\" content=\"1620\" \/>\n\t<meta property=\"og:image:height\" content=\"1080\" \/>\n\t<meta property=\"og:image:type\" content=\"image\/webp\" \/>\n<meta name=\"twitter:card\" content=\"summary_large_image\" \/>\n<meta name=\"twitter:label1\" content=\"Gesch\u00e4tzte Lesezeit\" \/>\n\t<meta name=\"twitter:data1\" content=\"2\u00a0Minuten\" \/>\n<script type=\"application\/ld+json\" class=\"yoast-schema-graph\">{\"@context\":\"https:\/\/schema.org\",\"@graph\":[{\"@type\":\"WebPage\",\"@id\":\"https:\/\/hotellidoblu.it\/de\/allgemeine-geschaeftbedingungen\/\",\"url\":\"https:\/\/hotellidoblu.it\/de\/allgemeine-geschaeftbedingungen\/\",\"name\":\"Allgemeine Gesch\u00e4ftbedingungen - Hotel Lido Blu\",\"isPartOf\":{\"@id\":\"https:\/\/hotellidoblu.it\/de\/#website\"},\"primaryImageOfPage\":{\"@id\":\"https:\/\/hotellidoblu.it\/de\/allgemeine-geschaeftbedingungen\/#primaryimage\"},\"image\":{\"@id\":\"https:\/\/hotellidoblu.it\/de\/allgemeine-geschaeftbedingungen\/#primaryimage\"},\"thumbnailUrl\":\"https:\/\/hotellidoblu.it\/wp-content\/uploads\/2025\/03\/Edificio-con-parcheggio-vicino-ad-un-corpo-dacqua.webp\",\"datePublished\":\"2025-03-21T16:04:50+00:00\",\"dateModified\":\"2026-02-17T14:16:01+00:00\",\"breadcrumb\":{\"@id\":\"https:\/\/hotellidoblu.it\/de\/allgemeine-geschaeftbedingungen\/#breadcrumb\"},\"inLanguage\":\"de\",\"potentialAction\":[{\"@type\":\"ReadAction\",\"target\":[\"https:\/\/hotellidoblu.it\/de\/allgemeine-geschaeftbedingungen\/\"]}]},{\"@type\":\"ImageObject\",\"inLanguage\":\"de\",\"@id\":\"https:\/\/hotellidoblu.it\/de\/allgemeine-geschaeftbedingungen\/#primaryimage\",\"url\":\"https:\/\/hotellidoblu.it\/wp-content\/uploads\/2025\/03\/Edificio-con-parcheggio-vicino-ad-un-corpo-dacqua.webp\",\"contentUrl\":\"https:\/\/hotellidoblu.it\/wp-content\/uploads\/2025\/03\/Edificio-con-parcheggio-vicino-ad-un-corpo-dacqua.webp\",\"width\":1620,\"height\":1080},{\"@type\":\"BreadcrumbList\",\"@id\":\"https:\/\/hotellidoblu.it\/de\/allgemeine-geschaeftbedingungen\/#breadcrumb\",\"itemListElement\":[{\"@type\":\"ListItem\",\"position\":1,\"name\":\"Home\",\"item\":\"https:\/\/hotellidoblu.it\/de\/\"},{\"@type\":\"ListItem\",\"position\":2,\"name\":\"Allgemeine Gesch\u00e4ftbedingungen\"}]},{\"@type\":\"WebSite\",\"@id\":\"https:\/\/hotellidoblu.it\/de\/#website\",\"url\":\"https:\/\/hotellidoblu.it\/de\/\",\"name\":\"Hotel Lido Blu\",\"description\":\"\",\"potentialAction\":[{\"@type\":\"SearchAction\",\"target\":{\"@type\":\"EntryPoint\",\"urlTemplate\":\"https:\/\/hotellidoblu.it\/de\/?s={search_term_string}\"},\"query-input\":{\"@type\":\"PropertyValueSpecification\",\"valueRequired\":true,\"valueName\":\"search_term_string\"}}],\"inLanguage\":\"de\"}]}<\/script>\n<!-- \/ Yoast SEO plugin. -->","yoast_head_json":{"title":"Allgemeine Gesch\u00e4ftbedingungen - Hotel Lido Blu","robots":{"index":"index","follow":"follow","max-snippet":"max-snippet:-1","max-image-preview":"max-image-preview:large","max-video-preview":"max-video-preview:-1"},"canonical":"https:\/\/hotellidoblu.it\/de\/allgemeine-geschaeftbedingungen\/","og_locale":"de_DE","og_type":"article","og_title":"Allgemeine Gesch\u00e4ftbedingungen - Hotel Lido Blu","og_description":"Allgemeine Gesch\u00e4ftbedingungen Informationen: das Rauchen ist in allen Zimmern verboten; die Preise gelten pro Zimmer und Tag und inkl. MwSt; im Hotel zu bezahlen die Kurtaxe (\u20ac2,50 pro Person, pro Tag, ab 14 Jahre alt); bei verfr\u00fchter Abreise oder nicht gegessen Mahlzeiten kommt es zu keiner Kostenr\u00fcckerstattung; kleine Tiere sind nach vorheriger Anmeldung zugelassen. Sie [&hellip;]","og_url":"https:\/\/hotellidoblu.it\/de\/allgemeine-geschaeftbedingungen\/","og_site_name":"Hotel Lido Blu","article_modified_time":"2026-02-17T14:16:01+00:00","og_image":[{"width":1620,"height":1080,"url":"https:\/\/hotellidoblu.it\/wp-content\/uploads\/2025\/03\/Edificio-con-parcheggio-vicino-ad-un-corpo-dacqua.webp","type":"image\/webp"}],"twitter_card":"summary_large_image","twitter_misc":{"Gesch\u00e4tzte Lesezeit":"2\u00a0Minuten"},"schema":{"@context":"https:\/\/schema.org","@graph":[{"@type":"WebPage","@id":"https:\/\/hotellidoblu.it\/de\/allgemeine-geschaeftbedingungen\/","url":"https:\/\/hotellidoblu.it\/de\/allgemeine-geschaeftbedingungen\/","name":"Allgemeine Gesch\u00e4ftbedingungen - Hotel Lido Blu","isPartOf":{"@id":"https:\/\/hotellidoblu.it\/de\/#website"},"primaryImageOfPage":{"@id":"https:\/\/hotellidoblu.it\/de\/allgemeine-geschaeftbedingungen\/#primaryimage"},"image":{"@id":"https:\/\/hotellidoblu.it\/de\/allgemeine-geschaeftbedingungen\/#primaryimage"},"thumbnailUrl":"https:\/\/hotellidoblu.it\/wp-content\/uploads\/2025\/03\/Edificio-con-parcheggio-vicino-ad-un-corpo-dacqua.webp","datePublished":"2025-03-21T16:04:50+00:00","dateModified":"2026-02-17T14:16:01+00:00","breadcrumb":{"@id":"https:\/\/hotellidoblu.it\/de\/allgemeine-geschaeftbedingungen\/#breadcrumb"},"inLanguage":"de","potentialAction":[{"@type":"ReadAction","target":["https:\/\/hotellidoblu.it\/de\/allgemeine-geschaeftbedingungen\/"]}]},{"@type":"ImageObject","inLanguage":"de","@id":"https:\/\/hotellidoblu.it\/de\/allgemeine-geschaeftbedingungen\/#primaryimage","url":"https:\/\/hotellidoblu.it\/wp-content\/uploads\/2025\/03\/Edificio-con-parcheggio-vicino-ad-un-corpo-dacqua.webp","contentUrl":"https:\/\/hotellidoblu.it\/wp-content\/uploads\/2025\/03\/Edificio-con-parcheggio-vicino-ad-un-corpo-dacqua.webp","width":1620,"height":1080},{"@type":"BreadcrumbList","@id":"https:\/\/hotellidoblu.it\/de\/allgemeine-geschaeftbedingungen\/#breadcrumb","itemListElement":[{"@type":"ListItem","position":1,"name":"Home","item":"https:\/\/hotellidoblu.it\/de\/"},{"@type":"ListItem","position":2,"name":"Allgemeine Gesch\u00e4ftbedingungen"}]},{"@type":"WebSite","@id":"https:\/\/hotellidoblu.it\/de\/#website","url":"https:\/\/hotellidoblu.it\/de\/","name":"Hotel Lido Blu","description":"","potentialAction":[{"@type":"SearchAction","target":{"@type":"EntryPoint","urlTemplate":"https:\/\/hotellidoblu.it\/de\/?s={search_term_string}"},"query-input":{"@type":"PropertyValueSpecification","valueRequired":true,"valueName":"search_term_string"}}],"inLanguage":"de"}]}},"_links":{"self":[{"href":"https:\/\/hotellidoblu.it\/de\/wp-json\/wp\/v2\/pages\/3268","targetHints":{"allow":["GET"]}}],"collection":[{"href":"https:\/\/hotellidoblu.it\/de\/wp-json\/wp\/v2\/pages"}],"about":[{"href":"https:\/\/hotellidoblu.it\/de\/wp-json\/wp\/v2\/types\/page"}],"author":[{"embeddable":true,"href":"https:\/\/hotellidoblu.it\/de\/wp-json\/wp\/v2\/users\/2"}],"replies":[{"embeddable":true,"href":"https:\/\/hotellidoblu.it\/de\/wp-json\/wp\/v2\/comments?post=3268"}],"version-history":[{"count":3,"href":"https:\/\/hotellidoblu.it\/de\/wp-json\/wp\/v2\/pages\/3268\/revisions"}],"predecessor-version":[{"id":5259,"href":"https:\/\/hotellidoblu.it\/de\/wp-json\/wp\/v2\/pages\/3268\/revisions\/5259"}],"wp:featuredmedia":[{"embeddable":true,"href":"https:\/\/hotellidoblu.it\/de\/wp-json\/wp\/v2\/media\/1995"}],"wp:attachment":[{"href":"https:\/\/hotellidoblu.it\/de\/wp-json\/wp\/v2\/media?parent=3268"}],"curies":[{"name":"wp","href":"https:\/\/api.w.org\/{rel}","templated":true}]}}