{"id":3286,"date":"2025-03-21T15:45:00","date_gmt":"2025-03-21T15:45:00","guid":{"rendered":"https:\/\/lidoblu.promoservicebeta.com\/contatti\/"},"modified":"2026-02-17T14:17:04","modified_gmt":"2026-02-17T14:17:04","slug":"kontakt","status":"publish","type":"page","link":"https:\/\/hotellidoblu.it\/de\/kontakt\/","title":{"rendered":"Kontakt"},"content":{"rendered":"\t\t<div data-elementor-type=\"wp-page\" data-elementor-id=\"3286\" class=\"elementor elementor-3286 elementor-1306\" data-elementor-post-type=\"page\">\n\t\t\t\t<div class=\"elementor-element elementor-element-a1a1b46 e-flex e-con-boxed e-con e-parent\" data-id=\"a1a1b46\" data-element_type=\"container\" data-e-type=\"container\">\n\t\t\t\t\t<div class=\"e-con-inner\">\n\t\t\t\t<div class=\"elementor-element elementor-element-aef0b51 elementor-widget elementor-widget-heading\" data-id=\"aef0b51\" data-element_type=\"widget\" data-e-type=\"widget\" data-widget_type=\"heading.default\">\n\t\t\t\t<div class=\"elementor-widget-container\">\n\t\t\t\t\t<h1 class=\"elementor-heading-title elementor-size-default\">Kontakt<\/h1>\t\t\t\t<\/div>\n\t\t\t\t<\/div>\n\t\t\t\t\t<\/div>\n\t\t\t\t<\/div>\n\t\t<div class=\"elementor-element elementor-element-7f7b5133 e-flex e-con-boxed e-con e-parent\" data-id=\"7f7b5133\" data-element_type=\"container\" data-e-type=\"container\" data-settings=\"{&quot;animation&quot;:&quot;none&quot;,&quot;animation_widescreen&quot;:&quot;none&quot;}\">\n\t\t\t\t\t<div class=\"e-con-inner\">\n\t\t<div class=\"elementor-element elementor-element-c38e9e4 e-con-full e-flex e-con e-child\" data-id=\"c38e9e4\" data-element_type=\"container\" data-e-type=\"container\" data-settings=\"{&quot;animation_widescreen&quot;:&quot;none&quot;}\">\n\t\t<div class=\"elementor-element elementor-element-b45fef5 e-con-full e-flex e-con e-child\" data-id=\"b45fef5\" data-element_type=\"container\" data-e-type=\"container\" data-settings=\"{&quot;background_background&quot;:&quot;classic&quot;}\">\n\t\t<div class=\"elementor-element elementor-element-b081bb8 e-con-full e-flex e-con e-child\" data-id=\"b081bb8\" data-element_type=\"container\" data-e-type=\"container\">\n\t\t\t\t<div class=\"elementor-element elementor-element-3c225c7 elementor-widget elementor-widget-image\" data-id=\"3c225c7\" data-element_type=\"widget\" data-e-type=\"widget\" data-widget_type=\"image.default\">\n\t\t\t\t<div class=\"elementor-widget-container\">\n\t\t\t\t\t\t\t\t\t\t\t\t\t\t\t<img fetchpriority=\"high\" decoding=\"async\" width=\"252\" height=\"398\" src=\"https:\/\/hotellidoblu.it\/wp-content\/uploads\/2025\/03\/Arianna.webp\" class=\"attachment-full size-full wp-image-592\" alt=\"\" srcset=\"https:\/\/hotellidoblu.it\/wp-content\/uploads\/2025\/03\/Arianna.webp 252w, https:\/\/hotellidoblu.it\/wp-content\/uploads\/2025\/03\/Arianna-190x300.webp 190w\" sizes=\"(max-width: 252px) 100vw, 252px\" \/>\t\t\t\t\t\t\t\t\t\t\t\t\t\t\t<\/div>\n\t\t\t\t<\/div>\n\t\t\t\t<\/div>\n\t\t<div class=\"elementor-element elementor-element-715739f e-con-full e-flex e-con e-child\" data-id=\"715739f\" data-element_type=\"container\" data-e-type=\"container\">\n\t\t\t\t<div class=\"elementor-element elementor-element-1b4e4dd elementor-widget elementor-widget-text-editor\" data-id=\"1b4e4dd\" data-element_type=\"widget\" data-e-type=\"widget\" data-widget_type=\"text-editor.default\">\n\t\t\t\t<div class=\"elementor-widget-container\">\n\t\t\t\t\t\t\t\t\t<p>Hallo,<br \/>ich bin Arianna, Rezeption-Manager bei Hotel Lido Blu.<\/p><p>Sie k\u00f6nnen ein individuelles Angebot anfordern, indem Sie mich kontaktieren \u00fcber:<\/p>\t\t\t\t\t\t\t\t<\/div>\n\t\t\t\t<\/div>\n\t\t\t\t<div class=\"elementor-element elementor-element-daf9890 elementor-widget elementor-widget-shortcode\" data-id=\"daf9890\" data-element_type=\"widget\" data-e-type=\"widget\" data-widget_type=\"shortcode.default\">\n\t\t\t\t<div class=\"elementor-widget-container\">\n\t\t\t\t\t\t\t<div class=\"elementor-shortcode\">\n<div class=\"lista-contatti\">\n            <span><img decoding=\"async\" src=\"https:\/\/hotellidoblu.it\/wp-content\/uploads\/2025\/03\/messenger.png\" alt=\"icona-messenger\"><a href=\"https:\/\/m.me\/HotelLidoBlu\" target=\"_blank\" rel=\"noopener\">Facebook Messenger<\/a><\/span>\n    \n    <span><img decoding=\"async\" src=\"https:\/\/hotellidoblu.it\/wp-content\/uploads\/2025\/03\/chat.png\" alt=\"icona-chat\"><a href=\"https:\/\/www.hotellidoblu.it\/de\/ricerca-conversazionale\/\" target=\"_blank\" rel=\"noopener\">Chat<\/a><\/span>\n\n            <span><img decoding=\"async\" src=\"https:\/\/hotellidoblu.it\/wp-content\/uploads\/2025\/03\/phone.png\" alt=\"icona-telefono\"><a href=\"tel:tel:+390464557809\" target=\"_blank\" >+39 0464 557809<\/a><\/span>\n    \n            <span><img decoding=\"async\" src=\"https:\/\/hotellidoblu.it\/wp-content\/uploads\/2025\/03\/mail.png\" alt=\"icona-email\"><a href=\"mailto:info@hotellidoblu.it\" target=\"_blank\">info@hotellidoblu.it<\/a><\/span>\n    \n            <span><img decoding=\"async\" src=\"https:\/\/hotellidoblu.it\/wp-content\/uploads\/2025\/03\/whatsapp.webp\" alt=\"icona-whatsapp\"><a href=\"https:\/\/wa.me\/+390464557809\" target=\"_blank\" rel=\"noopener\">+39 0464 557809<\/a><\/span>\n    <\/div><\/div>\n\t\t\t\t\t\t<\/div>\n\t\t\t\t<\/div>\n\t\t\t\t<div class=\"elementor-element elementor-element-4a4cdf2 elementor-widget elementor-widget-text-editor\" data-id=\"4a4cdf2\" data-element_type=\"widget\" data-e-type=\"widget\" data-widget_type=\"text-editor.default\">\n\t\t\t\t<div class=\"elementor-widget-container\">\n\t\t\t\t\t\t\t\t\t<p>Oder f\u00fcllen Sie das folgende Formular aus.<\/p>\t\t\t\t\t\t\t\t<\/div>\n\t\t\t\t<\/div>\n\t\t\t\t<\/div>\n\t\t\t\t<\/div>\n\t\t<div class=\"elementor-element elementor-element-ff763ac e-con-full e-flex e-con e-child\" data-id=\"ff763ac\" data-element_type=\"container\" data-e-type=\"container\" data-settings=\"{&quot;background_background&quot;:&quot;classic&quot;,&quot;animation_widescreen&quot;:&quot;none&quot;}\">\n\t\t\t\t<div class=\"elementor-element elementor-element-29fdbb9 elementor-widget elementor-widget-heading\" data-id=\"29fdbb9\" data-element_type=\"widget\" data-e-type=\"widget\" data-widget_type=\"heading.default\">\n\t\t\t\t<div class=\"elementor-widget-container\">\n\t\t\t\t\t<h4 class=\"elementor-heading-title elementor-size-default\">Sie haben bereits eine Reservierung und m\u00f6chten diese \u00e4ndern oder stornieren?<\/h4>\t\t\t\t<\/div>\n\t\t\t\t<\/div>\n\t\t<div class=\"elementor-element elementor-element-2e9063f e-con-full e-flex e-con e-child\" data-id=\"2e9063f\" data-element_type=\"container\" data-e-type=\"container\" data-settings=\"{&quot;animation_widescreen&quot;:&quot;none&quot;}\">\n\t\t\t\t<div class=\"elementor-element elementor-element-a648fdd elementor-widescreen-align-left elementor-widget elementor-widget-button\" data-id=\"a648fdd\" data-element_type=\"widget\" data-e-type=\"widget\" data-widget_type=\"button.default\">\n\t\t\t\t<div class=\"elementor-widget-container\">\n\t\t\t\t\t\t\t\t\t<div class=\"elementor-button-wrapper\">\n\t\t\t\t\t<a class=\"elementor-button elementor-button-link elementor-size-sm\" href=\"https:\/\/simplebooking.hotellidoblu.it\/ibe2\/hotel\/5521?lang=DE&#038;returnUrl=%2Fibe2%2Fhotel%2F5521%2Fpersonal-area%2Freservations&#038;auth_modal=res&#038;_gl=1*cavx7e*_up*MQ..*_ga*MTIxNjE3OTMwNy4xNzQ1ODQ3ODU2*_ga_JN8BYBH6V0*MTc0NTg0Nzg1NS4xLjEuMTc0NTg0ODI2Ny4wLjAuMTE3NjM3NDkzMA..&#038;cur=EUR\" target=\"_blank\">\n\t\t\t\t\t\t<span class=\"elementor-button-content-wrapper\">\n\t\t\t\t\t\t\t\t\t<span class=\"elementor-button-text\">RESERVIERUNG \u00c4NDERN\/L\u00d6SCHEN<\/span>\n\t\t\t\t\t<\/span>\n\t\t\t\t\t<\/a>\n\t\t\t\t<\/div>\n\t\t\t\t\t\t\t\t<\/div>\n\t\t\t\t<\/div>\n\t\t\t\t<\/div>\n\t\t\t\t<\/div>\n\t\t\t\t<\/div>\n\t\t<div class=\"elementor-element elementor-element-c3ac367 e-con-full e-flex e-con e-child\" data-id=\"c3ac367\" data-element_type=\"container\" data-e-type=\"container\" data-settings=\"{&quot;animation_widescreen&quot;:&quot;none&quot;,&quot;background_background&quot;:&quot;classic&quot;,&quot;animation&quot;:&quot;none&quot;}\">\n\t\t\t\t<\/div>\n\t\t\t\t\t<\/div>\n\t\t\t\t<\/div>\n\t\t<div class=\"elementor-element elementor-element-2168457a e-flex e-con-boxed e-con e-parent\" data-id=\"2168457a\" data-element_type=\"container\" data-e-type=\"container\">\n\t\t\t\t\t<div class=\"e-con-inner\">\n\t\t\t\t<div class=\"elementor-element elementor-element-00af626 elementor-widget elementor-widget-heading\" data-id=\"00af626\" data-element_type=\"widget\" data-e-type=\"widget\" data-widget_type=\"heading.default\">\n\t\t\t\t<div class=\"elementor-widget-container\">\n\t\t\t\t\t<h2 class=\"elementor-heading-title elementor-size-default\">Verlangen sie ein individuelles angebot<\/h2>\t\t\t\t<\/div>\n\t\t\t\t<\/div>\n\t\t\t\t<div class=\"elementor-element elementor-element-295bb25 elementor-widget elementor-widget-html\" data-id=\"295bb25\" data-element_type=\"widget\" data-e-type=\"widget\" data-widget_type=\"html.default\">\n\t\t\t\t<div class=\"elementor-widget-container\">\n\t\t\t\t\t<div id=\"simplebookingQuote\"><\/div>\t\t\t\t<\/div>\n\t\t\t\t<\/div>\n\t\t\t\t<div class=\"elementor-element elementor-element-83e344f elementor-widget elementor-widget-spacer\" data-id=\"83e344f\" data-element_type=\"widget\" data-e-type=\"widget\" id=\"dove-siamo\" data-widget_type=\"spacer.default\">\n\t\t\t\t<div class=\"elementor-widget-container\">\n\t\t\t\t\t\t\t<div class=\"elementor-spacer\">\n\t\t\t<div class=\"elementor-spacer-inner\"><\/div>\n\t\t<\/div>\n\t\t\t\t\t\t<\/div>\n\t\t\t\t<\/div>\n\t\t\t\t\t<\/div>\n\t\t\t\t<\/div>\n\t\t<div class=\"elementor-element elementor-element-754ee858 e-flex e-con-boxed e-con e-parent\" data-id=\"754ee858\" data-element_type=\"container\" data-e-type=\"container\">\n\t\t\t\t\t<div class=\"e-con-inner\">\n\t\t<div class=\"elementor-element elementor-element-6eae20f e-con-full e-flex e-con e-child\" data-id=\"6eae20f\" data-element_type=\"container\" data-e-type=\"container\">\n\t\t\t\t<div class=\"elementor-element elementor-element-3c7c059 elementor-widget elementor-widget-heading\" data-id=\"3c7c059\" data-element_type=\"widget\" data-e-type=\"widget\" data-widget_type=\"heading.default\">\n\t\t\t\t<div class=\"elementor-widget-container\">\n\t\t\t\t\t<h2 class=\"elementor-heading-title elementor-size-default\">Wo wir sind<\/h2>\t\t\t\t<\/div>\n\t\t\t\t<\/div>\n\t\t\t\t<div class=\"elementor-element elementor-element-b889a57 elementor-widget elementor-widget-text-editor\" data-id=\"b889a57\" data-element_type=\"widget\" data-e-type=\"widget\" data-widget_type=\"text-editor.default\">\n\t\t\t\t<div class=\"elementor-widget-container\">\n\t\t\t\t\t\t\t\t\t<p>Das Hotel Lido Blu befindet sich in Torbole am Gardasee, in einzigartiger und ruhiger Lage direkt am Strand. Unser Haus liegt nur wenige Schritte vom historischen Ortskern entfernt, in unmittelbarer N\u00e4he zahlreicher Lokale, Restaurants und Gesch\u00e4fte.<br \/>Das Zentrum der benachbarten Stadt Riva del Garda ist einfach zu Fu\u00df erreichbar (2 km). Auch Fahrradfans kommen voll auf ihre Kosten: Auf der gut ausgebauten Radstrecke entlang des Sarca-Flusses k\u00f6nnen sie losstarten, um Arco (5 km) und seine reizvolle Umgebung zu erkunden.<\/p>\t\t\t\t\t\t\t\t<\/div>\n\t\t\t\t<\/div>\n\t\t\t\t<div class=\"elementor-element elementor-element-cb46d30 elementor-widescreen-align-left elementor-widget elementor-widget-button\" data-id=\"cb46d30\" data-element_type=\"widget\" data-e-type=\"widget\" data-widget_type=\"button.default\">\n\t\t\t\t<div class=\"elementor-widget-container\">\n\t\t\t\t\t\t\t\t\t<div class=\"elementor-button-wrapper\">\n\t\t\t\t\t<a class=\"elementor-button elementor-button-link elementor-size-sm\" href=\"https:\/\/maps.app.goo.gl\/wwB3STfW9J3DCpYu8\" target=\"_blank\">\n\t\t\t\t\t\t<span class=\"elementor-button-content-wrapper\">\n\t\t\t\t\t\t\t\t\t<span class=\"elementor-button-text\">ANFAHRT<\/span>\n\t\t\t\t\t<\/span>\n\t\t\t\t\t<\/a>\n\t\t\t\t<\/div>\n\t\t\t\t\t\t\t\t<\/div>\n\t\t\t\t<\/div>\n\t\t\t\t<\/div>\n\t\t<div class=\"elementor-element elementor-element-0977bd6 e-con-full e-flex e-con e-child\" data-id=\"0977bd6\" data-element_type=\"container\" data-e-type=\"container\">\n\t\t\t\t<div class=\"elementor-element elementor-element-919332b elementor-widget elementor-widget-shortcode\" data-id=\"919332b\" data-element_type=\"widget\" data-e-type=\"widget\" data-widget_type=\"shortcode.default\">\n\t\t\t\t<div class=\"elementor-widget-container\">\n\t\t\t\t\t\t\t<div class=\"elementor-shortcode\"><iframe src=\"https:\/\/www.google.com\/maps\/embed?pb=!1m18!1m12!1m3!1d2777.9349227247594!2d10.865460476862717!3d45.872611571083624!2m3!1f0!2f0!3f0!3m2!1i1024!2i768!4f13.1!3m3!1m2!1s0x478210db352b8ec7%3A0x48650559e94f4d93!2sHotel%20Lido%20Blu%20Surf%20%26%20Bike!5e0!3m2!1sit!2sit!4v1742808977698!5m2!1sit!2sit\" width=\"600\" height=\"450\" style=\"border:0;\" allowfullscreen=\"\" loading=\"lazy\" referrerpolicy=\"no-referrer-when-downgrade\"><\/iframe><\/div>\n\t\t\t\t\t\t<\/div>\n\t\t\t\t<\/div>\n\t\t\t\t<\/div>\n\t\t\t\t\t<\/div>\n\t\t\t\t<\/div>\n\t\t<div class=\"elementor-element elementor-element-c103bc3 e-con-full e-flex e-con e-parent\" data-id=\"c103bc3\" data-element_type=\"container\" data-e-type=\"container\">\n\t\t\t\t<div class=\"elementor-element elementor-element-7e20aa6 elementor-widget__width-inherit elementor-widget elementor-widget-shortcode\" data-id=\"7e20aa6\" data-element_type=\"widget\" data-e-type=\"widget\" data-widget_type=\"shortcode.default\">\n\t\t\t\t<div class=\"elementor-widget-container\">\n\t\t\t\t\t\t\t<div class=\"elementor-shortcode\">\n<div class=\"conver-widget-v2\"\n     data-instance=\"conver-v2-1\">\n\n  <div class=\"chat-container\" id=\"chat-section\">\n\n    <div class=\"chat-header\">\n      <div class=\"chat-header-logo\">\n        <img decoding=\"async\"\n          src=\"https:\/\/hotellidoblu.it\/wp-content\/themes\/jampaa\/template-parts\/ricerca-conversazionale-v2\/assets\/img\/logo-ricerca-conv.png\"\n          alt=\"\"\n        >\n        <span>Hallo<\/span>\n      <\/div>\n\n      <h2>Womit fangen wir an?<\/h2>\n    <\/div>\n\n    <!-- Chat -->\n    <div class=\"chat-box\"><\/div>\n\n    <!-- Loading -->\n    <div class=\"loading-conver hidden\" aria-hidden=\"true\">\n      <div class=\"dot\"><\/div><div class=\"dot\"><\/div><div class=\"dot\"><\/div>\n    <\/div>\n\n    <!-- Input -->\n    <div class=\"input-area-conver-wrapper\">\n      <div class=\"input-area-conver\">\n        <textarea\n          class=\"user-input-conver\"\n          placeholder=\"Stelle eine Frage...\"\n          rows=\"1\"\n        ><\/textarea>\n\n        <div class=\"box-btn-conver\">\n          <a class=\"send-btn-conver\" href=\"#\" role=\"button\" aria-label=\"AI Search\">\n            <i class=\"fa-light fa-magnifying-glass icon-search\" aria-hidden=\"true\"><\/i>\n            <i class=\"fa-regular fa-arrow-up icon-send hidden\" aria-hidden=\"true\"><\/i>\n            <span class=\"ai-search-text\">AI Search<\/span>\n          <\/a>\n\n          <i class=\"fa-light fa-close icon-erase hidden\" aria-hidden=\"true\"><\/i>\n        <\/div>\n      <\/div>\n    <\/div>\n    <span class=\"show-quick-questions hidden\">Zeige schnelle Fragen<\/span>\n\n    <!-- Domande rapide -->\n    <div class=\"entry-chats-wrapper\">\n      <button type=\"button\" class=\"entry-chat\" data-prompt=\"Ein Zimmer f\u00fcr zwei Personen buchen\">\n        Ein Zimmer f\u00fcr zwei Personen buchen      <\/button>\n\n      <button type=\"button\" class=\"entry-chat\" data-prompt=\"Sonderangebote entdecken\">\n        Sonderangebote entdecken      <\/button>\n\n      <button type=\"button\" class=\"entry-chat\" data-prompt=\"Zimmer entdecken\">\n        Zimmer entdecken      <\/button>\n\n      <button type=\"button\" class=\"entry-chat\" data-prompt=\"Wellnessbereich \u201eBlu Spa\u201c entdecken\">\n        Wellnessbereich \u201eBlu Spa\u201c entdecken      <\/button>\n    <\/div>\n\n  <\/div>\n<\/div><\/div>\n\t\t\t\t\t\t<\/div>\n\t\t\t\t<\/div>\n\t\t\t\t<\/div>\n\t\t\t\t<\/div>\n\t\t","protected":false},"excerpt":{"rendered":"<p>Kontakt Hallo,ich bin Arianna, Rezeption-Manager bei Hotel Lido Blu. Sie k\u00f6nnen ein individuelles Angebot anfordern, indem Sie mich kontaktieren \u00fcber: Oder f\u00fcllen Sie das folgende Formular aus. Sie haben bereits eine Reservierung und m\u00f6chten diese \u00e4ndern oder stornieren? RESERVIERUNG \u00c4NDERN\/L\u00d6SCHEN Verlangen sie ein individuelles angebot Wo wir sind Das Hotel Lido Blu befindet sich in [&hellip;]<\/p>\n","protected":false},"author":2,"featured_media":4280,"parent":0,"menu_order":0,"comment_status":"closed","ping_status":"closed","template":"","meta":{"_acf_changed":false,"footnotes":""},"class_list":["post-3286","page","type-page","status-publish","has-post-thumbnail","hentry"],"acf":[],"yoast_head":"<!-- This site is optimized with the Yoast SEO plugin v27.2 - https:\/\/yoast.com\/product\/yoast-seo-wordpress\/ -->\n<title>Informationen und Kontakt | Hotel Lido Blu<\/title>\n<meta name=\"description\" content=\"Hast du Fragen? Unser Team steht dir jederzeit zur Verf\u00fcgung! Kontaktiere uns f\u00fcr Buchungen oder Informationen zu deinem Aufenthalt am Gardasee.\" \/>\n<meta name=\"robots\" content=\"index, follow, max-snippet:-1, max-image-preview:large, max-video-preview:-1\" \/>\n<link rel=\"canonical\" href=\"https:\/\/hotellidoblu.it\/de\/kontakt\/\" \/>\n<meta property=\"og:locale\" content=\"de_DE\" \/>\n<meta property=\"og:type\" content=\"article\" \/>\n<meta property=\"og:title\" content=\"Informationen und Kontakt | Hotel Lido Blu\" \/>\n<meta property=\"og:description\" content=\"Hast du Fragen? Unser Team steht dir jederzeit zur Verf\u00fcgung! Kontaktiere uns f\u00fcr Buchungen oder Informationen zu deinem Aufenthalt am Gardasee.\" \/>\n<meta property=\"og:url\" content=\"https:\/\/hotellidoblu.it\/de\/kontakt\/\" \/>\n<meta property=\"og:site_name\" content=\"Hotel Lido Blu\" \/>\n<meta property=\"article:modified_time\" content=\"2026-02-17T14:17:04+00:00\" \/>\n<meta property=\"og:image\" content=\"https:\/\/hotellidoblu.it\/wp-content\/uploads\/2025\/05\/guests-getting-key-card-in-hotel-2022-05-23-09-58-32-utc-1-scaled-1.jpg\" \/>\n\t<meta property=\"og:image:width\" content=\"2560\" \/>\n\t<meta property=\"og:image:height\" content=\"1706\" \/>\n\t<meta property=\"og:image:type\" content=\"image\/jpeg\" \/>\n<meta name=\"twitter:card\" content=\"summary_large_image\" \/>\n<meta name=\"twitter:label1\" content=\"Gesch\u00e4tzte Lesezeit\" \/>\n\t<meta name=\"twitter:data1\" content=\"1\u00a0Minute\" \/>\n<script type=\"application\/ld+json\" class=\"yoast-schema-graph\">{\"@context\":\"https:\/\/schema.org\",\"@graph\":[{\"@type\":\"WebPage\",\"@id\":\"https:\/\/hotellidoblu.it\/de\/kontakt\/\",\"url\":\"https:\/\/hotellidoblu.it\/de\/kontakt\/\",\"name\":\"Informationen und Kontakt | Hotel Lido Blu\",\"isPartOf\":{\"@id\":\"https:\/\/hotellidoblu.it\/de\/#website\"},\"primaryImageOfPage\":{\"@id\":\"https:\/\/hotellidoblu.it\/de\/kontakt\/#primaryimage\"},\"image\":{\"@id\":\"https:\/\/hotellidoblu.it\/de\/kontakt\/#primaryimage\"},\"thumbnailUrl\":\"https:\/\/hotellidoblu.it\/wp-content\/uploads\/2025\/05\/guests-getting-key-card-in-hotel-2022-05-23-09-58-32-utc-1-scaled-1.jpg\",\"datePublished\":\"2025-03-21T15:45:00+00:00\",\"dateModified\":\"2026-02-17T14:17:04+00:00\",\"description\":\"Hast du Fragen? Unser Team steht dir jederzeit zur Verf\u00fcgung! Kontaktiere uns f\u00fcr Buchungen oder Informationen zu deinem Aufenthalt am Gardasee.\",\"breadcrumb\":{\"@id\":\"https:\/\/hotellidoblu.it\/de\/kontakt\/#breadcrumb\"},\"inLanguage\":\"de\",\"potentialAction\":[{\"@type\":\"ReadAction\",\"target\":[\"https:\/\/hotellidoblu.it\/de\/kontakt\/\"]}]},{\"@type\":\"ImageObject\",\"inLanguage\":\"de\",\"@id\":\"https:\/\/hotellidoblu.it\/de\/kontakt\/#primaryimage\",\"url\":\"https:\/\/hotellidoblu.it\/wp-content\/uploads\/2025\/05\/guests-getting-key-card-in-hotel-2022-05-23-09-58-32-utc-1-scaled-1.jpg\",\"contentUrl\":\"https:\/\/hotellidoblu.it\/wp-content\/uploads\/2025\/05\/guests-getting-key-card-in-hotel-2022-05-23-09-58-32-utc-1-scaled-1.jpg\",\"width\":2560,\"height\":1706},{\"@type\":\"BreadcrumbList\",\"@id\":\"https:\/\/hotellidoblu.it\/de\/kontakt\/#breadcrumb\",\"itemListElement\":[{\"@type\":\"ListItem\",\"position\":1,\"name\":\"Home\",\"item\":\"https:\/\/hotellidoblu.it\/de\/\"},{\"@type\":\"ListItem\",\"position\":2,\"name\":\"Kontakt\"}]},{\"@type\":\"WebSite\",\"@id\":\"https:\/\/hotellidoblu.it\/de\/#website\",\"url\":\"https:\/\/hotellidoblu.it\/de\/\",\"name\":\"Hotel Lido Blu\",\"description\":\"\",\"potentialAction\":[{\"@type\":\"SearchAction\",\"target\":{\"@type\":\"EntryPoint\",\"urlTemplate\":\"https:\/\/hotellidoblu.it\/de\/?s={search_term_string}\"},\"query-input\":{\"@type\":\"PropertyValueSpecification\",\"valueRequired\":true,\"valueName\":\"search_term_string\"}}],\"inLanguage\":\"de\"}]}<\/script>\n<!-- \/ Yoast SEO plugin. -->","yoast_head_json":{"title":"Informationen und Kontakt | Hotel Lido Blu","description":"Hast du Fragen? Unser Team steht dir jederzeit zur Verf\u00fcgung! Kontaktiere uns f\u00fcr Buchungen oder Informationen zu deinem Aufenthalt am Gardasee.","robots":{"index":"index","follow":"follow","max-snippet":"max-snippet:-1","max-image-preview":"max-image-preview:large","max-video-preview":"max-video-preview:-1"},"canonical":"https:\/\/hotellidoblu.it\/de\/kontakt\/","og_locale":"de_DE","og_type":"article","og_title":"Informationen und Kontakt | Hotel Lido Blu","og_description":"Hast du Fragen? Unser Team steht dir jederzeit zur Verf\u00fcgung! Kontaktiere uns f\u00fcr Buchungen oder Informationen zu deinem Aufenthalt am Gardasee.","og_url":"https:\/\/hotellidoblu.it\/de\/kontakt\/","og_site_name":"Hotel Lido Blu","article_modified_time":"2026-02-17T14:17:04+00:00","og_image":[{"width":2560,"height":1706,"url":"https:\/\/hotellidoblu.it\/wp-content\/uploads\/2025\/05\/guests-getting-key-card-in-hotel-2022-05-23-09-58-32-utc-1-scaled-1.jpg","type":"image\/jpeg"}],"twitter_card":"summary_large_image","twitter_misc":{"Gesch\u00e4tzte Lesezeit":"1\u00a0Minute"},"schema":{"@context":"https:\/\/schema.org","@graph":[{"@type":"WebPage","@id":"https:\/\/hotellidoblu.it\/de\/kontakt\/","url":"https:\/\/hotellidoblu.it\/de\/kontakt\/","name":"Informationen und Kontakt | Hotel Lido Blu","isPartOf":{"@id":"https:\/\/hotellidoblu.it\/de\/#website"},"primaryImageOfPage":{"@id":"https:\/\/hotellidoblu.it\/de\/kontakt\/#primaryimage"},"image":{"@id":"https:\/\/hotellidoblu.it\/de\/kontakt\/#primaryimage"},"thumbnailUrl":"https:\/\/hotellidoblu.it\/wp-content\/uploads\/2025\/05\/guests-getting-key-card-in-hotel-2022-05-23-09-58-32-utc-1-scaled-1.jpg","datePublished":"2025-03-21T15:45:00+00:00","dateModified":"2026-02-17T14:17:04+00:00","description":"Hast du Fragen? Unser Team steht dir jederzeit zur Verf\u00fcgung! Kontaktiere uns f\u00fcr Buchungen oder Informationen zu deinem Aufenthalt am Gardasee.","breadcrumb":{"@id":"https:\/\/hotellidoblu.it\/de\/kontakt\/#breadcrumb"},"inLanguage":"de","potentialAction":[{"@type":"ReadAction","target":["https:\/\/hotellidoblu.it\/de\/kontakt\/"]}]},{"@type":"ImageObject","inLanguage":"de","@id":"https:\/\/hotellidoblu.it\/de\/kontakt\/#primaryimage","url":"https:\/\/hotellidoblu.it\/wp-content\/uploads\/2025\/05\/guests-getting-key-card-in-hotel-2022-05-23-09-58-32-utc-1-scaled-1.jpg","contentUrl":"https:\/\/hotellidoblu.it\/wp-content\/uploads\/2025\/05\/guests-getting-key-card-in-hotel-2022-05-23-09-58-32-utc-1-scaled-1.jpg","width":2560,"height":1706},{"@type":"BreadcrumbList","@id":"https:\/\/hotellidoblu.it\/de\/kontakt\/#breadcrumb","itemListElement":[{"@type":"ListItem","position":1,"name":"Home","item":"https:\/\/hotellidoblu.it\/de\/"},{"@type":"ListItem","position":2,"name":"Kontakt"}]},{"@type":"WebSite","@id":"https:\/\/hotellidoblu.it\/de\/#website","url":"https:\/\/hotellidoblu.it\/de\/","name":"Hotel Lido Blu","description":"","potentialAction":[{"@type":"SearchAction","target":{"@type":"EntryPoint","urlTemplate":"https:\/\/hotellidoblu.it\/de\/?s={search_term_string}"},"query-input":{"@type":"PropertyValueSpecification","valueRequired":true,"valueName":"search_term_string"}}],"inLanguage":"de"}]}},"_links":{"self":[{"href":"https:\/\/hotellidoblu.it\/de\/wp-json\/wp\/v2\/pages\/3286","targetHints":{"allow":["GET"]}}],"collection":[{"href":"https:\/\/hotellidoblu.it\/de\/wp-json\/wp\/v2\/pages"}],"about":[{"href":"https:\/\/hotellidoblu.it\/de\/wp-json\/wp\/v2\/types\/page"}],"author":[{"embeddable":true,"href":"https:\/\/hotellidoblu.it\/de\/wp-json\/wp\/v2\/users\/2"}],"replies":[{"embeddable":true,"href":"https:\/\/hotellidoblu.it\/de\/wp-json\/wp\/v2\/comments?post=3286"}],"version-history":[{"count":3,"href":"https:\/\/hotellidoblu.it\/de\/wp-json\/wp\/v2\/pages\/3286\/revisions"}],"predecessor-version":[{"id":5265,"href":"https:\/\/hotellidoblu.it\/de\/wp-json\/wp\/v2\/pages\/3286\/revisions\/5265"}],"wp:featuredmedia":[{"embeddable":true,"href":"https:\/\/hotellidoblu.it\/de\/wp-json\/wp\/v2\/media\/4280"}],"wp:attachment":[{"href":"https:\/\/hotellidoblu.it\/de\/wp-json\/wp\/v2\/media?parent=3286"}],"curies":[{"name":"wp","href":"https:\/\/api.w.org\/{rel}","templated":true}]}}