{"id":3511,"date":"2025-03-21T16:17:04","date_gmt":"2025-03-21T16:17:04","guid":{"rendered":"https:\/\/lidoblu.promoservicebeta.com\/recensioni\/"},"modified":"2026-02-17T14:24:17","modified_gmt":"2026-02-17T14:24:17","slug":"bewertungen","status":"publish","type":"page","link":"https:\/\/hotellidoblu.it\/de\/bewertungen\/","title":{"rendered":"Bewertungen"},"content":{"rendered":"\t\t<div data-elementor-type=\"wp-page\" data-elementor-id=\"3511\" class=\"elementor elementor-3511 elementor-1373\" data-elementor-post-type=\"page\">\n\t\t\t\t<div class=\"elementor-element elementor-element-f035073 e-flex e-con-boxed e-con e-parent\" data-id=\"f035073\" data-element_type=\"container\" data-e-type=\"container\">\n\t\t\t\t\t<div class=\"e-con-inner\">\n\t\t\t\t<div class=\"elementor-element elementor-element-2508152 elementor-widget elementor-widget-heading\" data-id=\"2508152\" data-element_type=\"widget\" data-e-type=\"widget\" data-widget_type=\"heading.default\">\n\t\t\t\t<div class=\"elementor-widget-container\">\n\t\t\t\t\t<h1 class=\"elementor-heading-title elementor-size-default\">Bewertungen<\/h1>\t\t\t\t<\/div>\n\t\t\t\t<\/div>\n\t\t\t\t\t<\/div>\n\t\t\t\t<\/div>\n\t\t<div class=\"elementor-element elementor-element-40a48481 e-flex e-con-boxed e-con e-parent\" data-id=\"40a48481\" data-element_type=\"container\" data-e-type=\"container\">\n\t\t\t\t\t<div class=\"e-con-inner\">\n\t\t\t\t<div class=\"elementor-element elementor-element-2d86a0b elementor-widget elementor-widget-html\" data-id=\"2d86a0b\" data-element_type=\"widget\" data-e-type=\"widget\" data-widget_type=\"html.default\">\n\t\t\t\t<div class=\"elementor-widget-container\">\n\t\t\t\t\t<!-- TrustYou Widget -->\n<script type=\"text\/javascript\" src=\"https:\/\/api.trustyou.com\/static\/3rdparty\/iframe-resizer\/js\/iframeResizer.min.js\"><\/script>\n<iframe src=\"https:\/\/api.trustyou.com\/hotels\/48f209f2-5a95-4236-92f9-1a7b809940f4\/tops_flops.html?key=2c60c6f1-d19f-4eb5-8481-1fd57f04f32d&iframe_resizer=true\" allowtransparency=\"true\" frameborder=\"0\"width=\"100%\"><\/iframe>\n<script type=\"text\/javascript\">iFrameResize({});<\/script>\n<!-- \/TrustYou Widget -->\t\t\t\t<\/div>\n\t\t\t\t<\/div>\n\t\t\t\t\t<\/div>\n\t\t\t\t<\/div>\n\t\t<div class=\"elementor-element elementor-element-480bc22 e-con-full e-flex e-con e-parent\" data-id=\"480bc22\" data-element_type=\"container\" data-e-type=\"container\">\n\t\t\t\t<div class=\"elementor-element elementor-element-cdfe8ed elementor-widget__width-inherit elementor-widget elementor-widget-shortcode\" data-id=\"cdfe8ed\" data-element_type=\"widget\" data-e-type=\"widget\" data-widget_type=\"shortcode.default\">\n\t\t\t\t<div class=\"elementor-widget-container\">\n\t\t\t\t\t\t\t<div class=\"elementor-shortcode\">\n<div class=\"conver-widget-v2\"\n     data-instance=\"conver-v2-1\">\n\n  <div class=\"chat-container\" id=\"chat-section\">\n\n    <div class=\"chat-header\">\n      <div class=\"chat-header-logo\">\n        <img decoding=\"async\"\n          src=\"https:\/\/hotellidoblu.it\/wp-content\/themes\/jampaa\/template-parts\/ricerca-conversazionale-v2\/assets\/img\/logo-ricerca-conv.png\"\n          alt=\"\"\n        >\n        <span>Hallo<\/span>\n      <\/div>\n\n      <h2>Womit fangen wir an?<\/h2>\n    <\/div>\n\n    <!-- Chat -->\n    <div class=\"chat-box\"><\/div>\n\n    <!-- Loading -->\n    <div class=\"loading-conver hidden\" aria-hidden=\"true\">\n      <div class=\"dot\"><\/div><div class=\"dot\"><\/div><div class=\"dot\"><\/div>\n    <\/div>\n\n    <!-- Input -->\n    <div class=\"input-area-conver-wrapper\">\n      <div class=\"input-area-conver\">\n        <textarea\n          class=\"user-input-conver\"\n          placeholder=\"Stelle eine Frage...\"\n          rows=\"1\"\n        ><\/textarea>\n\n        <div class=\"box-btn-conver\">\n          <a class=\"send-btn-conver\" href=\"#\" role=\"button\" aria-label=\"AI Search\">\n            <i class=\"fa-light fa-magnifying-glass icon-search\" aria-hidden=\"true\"><\/i>\n            <i class=\"fa-regular fa-arrow-up icon-send hidden\" aria-hidden=\"true\"><\/i>\n            <span class=\"ai-search-text\">AI Search<\/span>\n          <\/a>\n\n          <i class=\"fa-light fa-close icon-erase hidden\" aria-hidden=\"true\"><\/i>\n        <\/div>\n      <\/div>\n    <\/div>\n    <span class=\"show-quick-questions hidden\">Zeige schnelle Fragen<\/span>\n\n    <!-- Domande rapide -->\n    <div class=\"entry-chats-wrapper\">\n      <button type=\"button\" class=\"entry-chat\" data-prompt=\"Ein Zimmer f\u00fcr zwei Personen buchen\">\n        Ein Zimmer f\u00fcr zwei Personen buchen      <\/button>\n\n      <button type=\"button\" class=\"entry-chat\" data-prompt=\"Sonderangebote entdecken\">\n        Sonderangebote entdecken      <\/button>\n\n      <button type=\"button\" class=\"entry-chat\" data-prompt=\"Zimmer entdecken\">\n        Zimmer entdecken      <\/button>\n\n      <button type=\"button\" class=\"entry-chat\" data-prompt=\"Wellnessbereich \u201eBlu Spa\u201c entdecken\">\n        Wellnessbereich \u201eBlu Spa\u201c entdecken      <\/button>\n    <\/div>\n\n  <\/div>\n<\/div><\/div>\n\t\t\t\t\t\t<\/div>\n\t\t\t\t<\/div>\n\t\t\t\t<\/div>\n\t\t<div class=\"elementor-element elementor-element-87f8d21 e-flex e-con-boxed e-con e-parent\" data-id=\"87f8d21\" data-element_type=\"container\" data-e-type=\"container\">\n\t\t\t\t\t<div class=\"e-con-inner\">\n\t\t\t\t<div class=\"elementor-element elementor-element-8c7cf94 elementor-widget elementor-widget-heading\" data-id=\"8c7cf94\" data-element_type=\"widget\" data-e-type=\"widget\" data-widget_type=\"heading.default\">\n\t\t\t\t<div class=\"elementor-widget-container\">\n\t\t\t\t\t<h2 class=\"elementor-heading-title elementor-size-default\">K\u00f6nnte f\u00fcr dich interessant sein<\/h2>\t\t\t\t<\/div>\n\t\t\t\t<\/div>\n\t\t\t\t<div class=\"elementor-element elementor-element-3567e07 elementor-widget elementor-widget-shortcode\" data-id=\"3567e07\" data-element_type=\"widget\" data-e-type=\"widget\" data-widget_type=\"shortcode.default\">\n\t\t\t\t<div class=\"elementor-widget-container\">\n\t\t\t\t\t\t\t<div class=\"elementor-shortcode\">    <div class=\"pagine-correlate\">\n                    <div class=\"pagina-correlata\">\n                <a href=\"https:\/\/hotellidoblu.it\/de\/beach-restaurant-bar\/\">\n                    <div class=\"img-related-page\">\n                                                                            <img decoding=\"async\" src=\"https:\/\/hotellidoblu.it\/wp-content\/uploads\/2025\/03\/Tavolo-e-sedie-sulla-spiaggia.webp\" alt=\"Beach Restaurant &amp; Bar\">\n                                            <\/div>\n                    <div class=\"text-related-page\">\n                        <h3>Beach Restaurant &amp; Bar<\/h3>\n                        <span class=\"read-more\">Jetzt herausfinden<\/span>\n                    <\/div>\n                <\/a>\n            <\/div>\n                    <div class=\"pagina-correlata\">\n                <a href=\"https:\/\/hotellidoblu.it\/de\/fruehstueck\/\">\n                    <div class=\"img-related-page\">\n                                                                            <img decoding=\"async\" src=\"https:\/\/hotellidoblu.it\/wp-content\/uploads\/2025\/03\/Tavola-di-cibo-e-bevande-vicino-allacqua-1.webp\" alt=\"Fr\u00fchst\u00fcck\">\n                                            <\/div>\n                    <div class=\"text-related-page\">\n                        <h3>Fr\u00fchst\u00fcck<\/h3>\n                        <span class=\"read-more\">Jetzt herausfinden<\/span>\n                    <\/div>\n                <\/a>\n            <\/div>\n                    <div class=\"pagina-correlata\">\n                <a href=\"https:\/\/hotellidoblu.it\/de\/strand\/\">\n                    <div class=\"img-related-page\">\n                                                                            <img decoding=\"async\" src=\"https:\/\/hotellidoblu.it\/wp-content\/uploads\/2025\/03\/Spiaggia-rocciosa-con-montagne-sullo-sfondo-1.webp\" alt=\"Strand\">\n                                            <\/div>\n                    <div class=\"text-related-page\">\n                        <h3>Strand<\/h3>\n                        <span class=\"read-more\">Jetzt herausfinden<\/span>\n                    <\/div>\n                <\/a>\n            <\/div>\n                    <div class=\"pagina-correlata\">\n                <a href=\"https:\/\/hotellidoblu.it\/de\/torbole\/\">\n                    <div class=\"img-related-page\">\n                                                                            <img decoding=\"async\" src=\"https:\/\/hotellidoblu.it\/wp-content\/uploads\/2025\/04\/b1df7de2db4337057fe30c4a6a68c91b-scaled.webp\" alt=\"Torbole\">\n                                            <\/div>\n                    <div class=\"text-related-page\">\n                        <h3>Torbole<\/h3>\n                        <span class=\"read-more\">Jetzt herausfinden<\/span>\n                    <\/div>\n                <\/a>\n            <\/div>\n            <\/div>\n<\/div>\n\t\t\t\t\t\t<\/div>\n\t\t\t\t<\/div>\n\t\t\t\t\t<\/div>\n\t\t\t\t<\/div>\n\t\t\t\t<\/div>\n\t\t","protected":false},"excerpt":{"rendered":"<p>Bewertungen K\u00f6nnte f\u00fcr dich interessant sein<\/p>\n","protected":false},"author":2,"featured_media":2543,"parent":0,"menu_order":0,"comment_status":"closed","ping_status":"closed","template":"","meta":{"_acf_changed":false,"footnotes":""},"class_list":["post-3511","page","type-page","status-publish","has-post-thumbnail","hentry"],"acf":[],"yoast_head":"<!-- This site is optimized with the Yoast SEO plugin v27.2 - https:\/\/yoast.com\/product\/yoast-seo-wordpress\/ -->\n<title>Was man \u00fcber uns sagt | Bewertungen Hotel Lido Blu<\/title>\n<meta name=\"description\" content=\"Lies, was unsere G\u00e4ste \u00fcber uns sagen: Entdecke, warum das Hotel Lido Blu die perfekte Wahl f\u00fcr deinen Aufenthalt am Gardasee ist. Lies die Bewertungen und lass dich inspirieren!\" \/>\n<meta name=\"robots\" content=\"index, follow, max-snippet:-1, max-image-preview:large, max-video-preview:-1\" \/>\n<link rel=\"canonical\" href=\"https:\/\/hotellidoblu.it\/de\/bewertungen\/\" \/>\n<meta property=\"og:locale\" content=\"de_DE\" \/>\n<meta property=\"og:type\" content=\"article\" \/>\n<meta property=\"og:title\" content=\"Was man \u00fcber uns sagt | Bewertungen Hotel Lido Blu\" \/>\n<meta property=\"og:description\" content=\"Lies, was unsere G\u00e4ste \u00fcber uns sagen: Entdecke, warum das Hotel Lido Blu die perfekte Wahl f\u00fcr deinen Aufenthalt am Gardasee ist. Lies die Bewertungen und lass dich inspirieren!\" \/>\n<meta property=\"og:url\" content=\"https:\/\/hotellidoblu.it\/de\/bewertungen\/\" \/>\n<meta property=\"og:site_name\" content=\"Hotel Lido Blu\" \/>\n<meta property=\"article:modified_time\" content=\"2026-02-17T14:24:17+00:00\" \/>\n<meta property=\"og:image\" content=\"https:\/\/hotellidoblu.it\/wp-content\/uploads\/2025\/03\/Una-coppia-seduta-su-una-barca-con-un-drink.webp\" \/>\n\t<meta property=\"og:image:width\" content=\"1620\" \/>\n\t<meta property=\"og:image:height\" content=\"1080\" \/>\n\t<meta property=\"og:image:type\" content=\"image\/webp\" \/>\n<meta name=\"twitter:card\" content=\"summary_large_image\" \/>\n<meta name=\"twitter:label1\" content=\"Gesch\u00e4tzte Lesezeit\" \/>\n\t<meta name=\"twitter:data1\" content=\"1\u00a0Minute\" \/>\n<script type=\"application\/ld+json\" class=\"yoast-schema-graph\">{\"@context\":\"https:\/\/schema.org\",\"@graph\":[{\"@type\":\"WebPage\",\"@id\":\"https:\/\/hotellidoblu.it\/de\/bewertungen\/\",\"url\":\"https:\/\/hotellidoblu.it\/de\/bewertungen\/\",\"name\":\"Was man \u00fcber uns sagt | Bewertungen Hotel Lido Blu\",\"isPartOf\":{\"@id\":\"https:\/\/hotellidoblu.it\/de\/#website\"},\"primaryImageOfPage\":{\"@id\":\"https:\/\/hotellidoblu.it\/de\/bewertungen\/#primaryimage\"},\"image\":{\"@id\":\"https:\/\/hotellidoblu.it\/de\/bewertungen\/#primaryimage\"},\"thumbnailUrl\":\"https:\/\/hotellidoblu.it\/wp-content\/uploads\/2025\/03\/Una-coppia-seduta-su-una-barca-con-un-drink.webp\",\"datePublished\":\"2025-03-21T16:17:04+00:00\",\"dateModified\":\"2026-02-17T14:24:17+00:00\",\"description\":\"Lies, was unsere G\u00e4ste \u00fcber uns sagen: Entdecke, warum das Hotel Lido Blu die perfekte Wahl f\u00fcr deinen Aufenthalt am Gardasee ist. Lies die Bewertungen und lass dich inspirieren!\",\"breadcrumb\":{\"@id\":\"https:\/\/hotellidoblu.it\/de\/bewertungen\/#breadcrumb\"},\"inLanguage\":\"de\",\"potentialAction\":[{\"@type\":\"ReadAction\",\"target\":[\"https:\/\/hotellidoblu.it\/de\/bewertungen\/\"]}]},{\"@type\":\"ImageObject\",\"inLanguage\":\"de\",\"@id\":\"https:\/\/hotellidoblu.it\/de\/bewertungen\/#primaryimage\",\"url\":\"https:\/\/hotellidoblu.it\/wp-content\/uploads\/2025\/03\/Una-coppia-seduta-su-una-barca-con-un-drink.webp\",\"contentUrl\":\"https:\/\/hotellidoblu.it\/wp-content\/uploads\/2025\/03\/Una-coppia-seduta-su-una-barca-con-un-drink.webp\",\"width\":1620,\"height\":1080},{\"@type\":\"BreadcrumbList\",\"@id\":\"https:\/\/hotellidoblu.it\/de\/bewertungen\/#breadcrumb\",\"itemListElement\":[{\"@type\":\"ListItem\",\"position\":1,\"name\":\"Home\",\"item\":\"https:\/\/hotellidoblu.it\/de\/\"},{\"@type\":\"ListItem\",\"position\":2,\"name\":\"Bewertungen\"}]},{\"@type\":\"WebSite\",\"@id\":\"https:\/\/hotellidoblu.it\/de\/#website\",\"url\":\"https:\/\/hotellidoblu.it\/de\/\",\"name\":\"Hotel Lido Blu\",\"description\":\"\",\"potentialAction\":[{\"@type\":\"SearchAction\",\"target\":{\"@type\":\"EntryPoint\",\"urlTemplate\":\"https:\/\/hotellidoblu.it\/de\/?s={search_term_string}\"},\"query-input\":{\"@type\":\"PropertyValueSpecification\",\"valueRequired\":true,\"valueName\":\"search_term_string\"}}],\"inLanguage\":\"de\"}]}<\/script>\n<!-- \/ Yoast SEO plugin. -->","yoast_head_json":{"title":"Was man \u00fcber uns sagt | Bewertungen Hotel Lido Blu","description":"Lies, was unsere G\u00e4ste \u00fcber uns sagen: Entdecke, warum das Hotel Lido Blu die perfekte Wahl f\u00fcr deinen Aufenthalt am Gardasee ist. Lies die Bewertungen und lass dich inspirieren!","robots":{"index":"index","follow":"follow","max-snippet":"max-snippet:-1","max-image-preview":"max-image-preview:large","max-video-preview":"max-video-preview:-1"},"canonical":"https:\/\/hotellidoblu.it\/de\/bewertungen\/","og_locale":"de_DE","og_type":"article","og_title":"Was man \u00fcber uns sagt | Bewertungen Hotel Lido Blu","og_description":"Lies, was unsere G\u00e4ste \u00fcber uns sagen: Entdecke, warum das Hotel Lido Blu die perfekte Wahl f\u00fcr deinen Aufenthalt am Gardasee ist. Lies die Bewertungen und lass dich inspirieren!","og_url":"https:\/\/hotellidoblu.it\/de\/bewertungen\/","og_site_name":"Hotel Lido Blu","article_modified_time":"2026-02-17T14:24:17+00:00","og_image":[{"width":1620,"height":1080,"url":"https:\/\/hotellidoblu.it\/wp-content\/uploads\/2025\/03\/Una-coppia-seduta-su-una-barca-con-un-drink.webp","type":"image\/webp"}],"twitter_card":"summary_large_image","twitter_misc":{"Gesch\u00e4tzte Lesezeit":"1\u00a0Minute"},"schema":{"@context":"https:\/\/schema.org","@graph":[{"@type":"WebPage","@id":"https:\/\/hotellidoblu.it\/de\/bewertungen\/","url":"https:\/\/hotellidoblu.it\/de\/bewertungen\/","name":"Was man \u00fcber uns sagt | Bewertungen Hotel Lido Blu","isPartOf":{"@id":"https:\/\/hotellidoblu.it\/de\/#website"},"primaryImageOfPage":{"@id":"https:\/\/hotellidoblu.it\/de\/bewertungen\/#primaryimage"},"image":{"@id":"https:\/\/hotellidoblu.it\/de\/bewertungen\/#primaryimage"},"thumbnailUrl":"https:\/\/hotellidoblu.it\/wp-content\/uploads\/2025\/03\/Una-coppia-seduta-su-una-barca-con-un-drink.webp","datePublished":"2025-03-21T16:17:04+00:00","dateModified":"2026-02-17T14:24:17+00:00","description":"Lies, was unsere G\u00e4ste \u00fcber uns sagen: Entdecke, warum das Hotel Lido Blu die perfekte Wahl f\u00fcr deinen Aufenthalt am Gardasee ist. Lies die Bewertungen und lass dich inspirieren!","breadcrumb":{"@id":"https:\/\/hotellidoblu.it\/de\/bewertungen\/#breadcrumb"},"inLanguage":"de","potentialAction":[{"@type":"ReadAction","target":["https:\/\/hotellidoblu.it\/de\/bewertungen\/"]}]},{"@type":"ImageObject","inLanguage":"de","@id":"https:\/\/hotellidoblu.it\/de\/bewertungen\/#primaryimage","url":"https:\/\/hotellidoblu.it\/wp-content\/uploads\/2025\/03\/Una-coppia-seduta-su-una-barca-con-un-drink.webp","contentUrl":"https:\/\/hotellidoblu.it\/wp-content\/uploads\/2025\/03\/Una-coppia-seduta-su-una-barca-con-un-drink.webp","width":1620,"height":1080},{"@type":"BreadcrumbList","@id":"https:\/\/hotellidoblu.it\/de\/bewertungen\/#breadcrumb","itemListElement":[{"@type":"ListItem","position":1,"name":"Home","item":"https:\/\/hotellidoblu.it\/de\/"},{"@type":"ListItem","position":2,"name":"Bewertungen"}]},{"@type":"WebSite","@id":"https:\/\/hotellidoblu.it\/de\/#website","url":"https:\/\/hotellidoblu.it\/de\/","name":"Hotel Lido Blu","description":"","potentialAction":[{"@type":"SearchAction","target":{"@type":"EntryPoint","urlTemplate":"https:\/\/hotellidoblu.it\/de\/?s={search_term_string}"},"query-input":{"@type":"PropertyValueSpecification","valueRequired":true,"valueName":"search_term_string"}}],"inLanguage":"de"}]}},"_links":{"self":[{"href":"https:\/\/hotellidoblu.it\/de\/wp-json\/wp\/v2\/pages\/3511","targetHints":{"allow":["GET"]}}],"collection":[{"href":"https:\/\/hotellidoblu.it\/de\/wp-json\/wp\/v2\/pages"}],"about":[{"href":"https:\/\/hotellidoblu.it\/de\/wp-json\/wp\/v2\/types\/page"}],"author":[{"embeddable":true,"href":"https:\/\/hotellidoblu.it\/de\/wp-json\/wp\/v2\/users\/2"}],"replies":[{"embeddable":true,"href":"https:\/\/hotellidoblu.it\/de\/wp-json\/wp\/v2\/comments?post=3511"}],"version-history":[{"count":3,"href":"https:\/\/hotellidoblu.it\/de\/wp-json\/wp\/v2\/pages\/3511\/revisions"}],"predecessor-version":[{"id":5289,"href":"https:\/\/hotellidoblu.it\/de\/wp-json\/wp\/v2\/pages\/3511\/revisions\/5289"}],"wp:featuredmedia":[{"embeddable":true,"href":"https:\/\/hotellidoblu.it\/de\/wp-json\/wp\/v2\/media\/2543"}],"wp:attachment":[{"href":"https:\/\/hotellidoblu.it\/de\/wp-json\/wp\/v2\/media?parent=3511"}],"curies":[{"name":"wp","href":"https:\/\/api.w.org\/{rel}","templated":true}]}}